{"id":27,"date":"2025-07-03T16:17:54","date_gmt":"2025-07-03T16:17:54","guid":{"rendered":"https:\/\/lauramolinapsicologia.rkinformatika.online\/?page_id=27"},"modified":"2025-10-02T17:09:49","modified_gmt":"2025-10-02T17:09:49","slug":"sobre-mi","status":"publish","type":"page","link":"https:\/\/lauramolinapsicologia.com\/eu\/sobre-mi\/","title":{"rendered":"Niri buruz"},"content":{"rendered":"<div data-elementor-type=\"wp-page\" data-elementor-id=\"27\" class=\"elementor elementor-27\" data-elementor-post-type=\"page\">\n\t\t\t\t<div class=\"elementor-element elementor-element-9046b5d e-con-full e-flex e-con e-parent\" data-id=\"9046b5d\" data-element_type=\"container\" data-e-type=\"container\" data-settings=\"{&quot;background_background&quot;:&quot;classic&quot;}\">\n\t\t\t\t<div class=\"elementor-element elementor-element-c34aaa8 elementor-widget elementor-widget-heading\" data-id=\"c34aaa8\" data-element_type=\"widget\" data-e-type=\"widget\" data-widget_type=\"heading.default\">\n\t\t\t\t\t<h2 class=\"elementor-heading-title elementor-size-default\">Niri buruz<\/h2>\t\t\t\t<\/div>\n\t\t\t\t<\/div>\n\t\t<div class=\"elementor-element elementor-element-094d371 e-flex e-con-boxed e-con e-parent\" data-id=\"094d371\" data-element_type=\"container\" data-e-type=\"container\" data-settings=\"{&quot;background_background&quot;:&quot;classic&quot;}\">\n\t\t\t\t\t<div class=\"e-con-inner\">\n\t\t<div class=\"elementor-element elementor-element-208d230 e-con-full e-flex e-con e-child\" data-id=\"208d230\" data-element_type=\"container\" data-e-type=\"container\">\n\t\t\t\t<div class=\"elementor-element elementor-element-7b8d7a7 elementor-widget elementor-widget-heading\" data-id=\"7b8d7a7\" data-element_type=\"widget\" data-e-type=\"widget\" data-widget_type=\"heading.default\">\n\t\t\t\t\t<h2 class=\"elementor-heading-title elementor-size-default\">Laura Molina Bravo naiz, osasun-psikologo orokorra kolegiatua (zk.: BI05794) eta psikoterapian, hezkuntza-testuinguruetan eta ikerketan esperientzia dut. \n<\/h2>\t\t\t\t<\/div>\n\t\t\t\t<div class=\"elementor-element elementor-element-da7dd58 elementor-widget elementor-widget-text-editor\" data-id=\"da7dd58\" data-element_type=\"widget\" data-e-type=\"widget\" data-widget_type=\"text-editor.default\">\n\t\t\t\t\t\t\t\t\t<p>Pertsonei laguntzeko nuen bokazioak Psikologiako Gradua eta Deustuko Unibertsitateko Osasun Psicologia Orokorra Masterra ikastera eraman ninduen. Gainera, trauma, atxikimendua eta elikadura-jokabidearen nahasmenduak bezalako arloetan espezializatzen jarraitzen dut.<\/p><p>Nire praktika profesionala kontsulta pribatuetan eta eskola-testuinguruetan garatu da, etapa desberdinetako pertsonak tratatuz: haurtzaroa, nerabezaroa, helduaroa, baita bikoteak eta taldeak ere. Aldi berean, lau urtez hainbat ikerketa-proiektutan parte hartu dut Deustuko Unibertsitatean: <a href=\"https:\/\/www.revistapcna.com\/sites\/default\/files\/2227.pdf\">elikadura-jokabidearen nahasmenduak<\/a>, antsietatea, depresioa, mindfulnessa, seme-alaben eta gurasoen arteko indarkeria, <a href=\"https:\/\/doi.org\/10.1016\/j.jaacop.2025.04.005\">pertsona trans eta ez-bitarrak<\/a> eta hainbat esku-hartze psikologikoren eraginkortasuna. Esperientzia honek aukera ematen dit psikoterapia-saioetan ikerketan egindako aurrerapen berrienak integratzeko, eta, horrela, nire praktika kontsultan aberasten dut.<\/p><p>Trabajo desde un enfoque integrador y (in)formado en trauma, poniendo especial atenci\u00f3n a la creaci\u00f3n de un espacio terap\u00e9utico donde la persona pueda sentirse escuchada, respetada y acompa\u00f1ada. Me comprometo con los ritmos y necesidades \u00fanicas, reconociendo que cada proceso es distinto y merece ser abordado con cuidado, presencia y empat\u00eda.<\/p>\t\t\t\t\t\t\t\t<\/div>\n\t\t\t\t<div class=\"elementor-element elementor-element-8245d04 elementor-align-left elementor-widget elementor-widget-button\" data-id=\"8245d04\" data-element_type=\"widget\" data-e-type=\"widget\" data-widget_type=\"button.default\">\n\t\t\t\t\t\t\t\t\t\t<a class=\"elementor-button elementor-button-link elementor-size-sm\" href=\"https:\/\/lauramolinapsicologia.com\/eu\/contacto\/\">\n\t\t\t\t\t\t<span class=\"elementor-button-content-wrapper\">\n\t\t\t\t\t\t\t\t\t<span class=\"elementor-button-text\">Hitzegiterik nahi?<\/span>\n\t\t\t\t\t<\/span>\n\t\t\t\t\t<\/a>\n\t\t\t\t\t\t\t\t<\/div>\n\t\t\t\t<\/div>\n\t\t<div class=\"elementor-element elementor-element-40b2e23 e-con-full e-flex e-con e-child\" data-id=\"40b2e23\" data-element_type=\"container\" data-e-type=\"container\">\n\t\t\t\t<div class=\"elementor-element elementor-element-89366c9 elementor-widget elementor-widget-image\" data-id=\"89366c9\" data-element_type=\"widget\" data-e-type=\"widget\" data-settings=\"{&quot;_animation&quot;:&quot;none&quot;}\" data-widget_type=\"image.default\">\n\t\t\t\t\t\t\t\t\t\t\t\t\t\t\t<img fetchpriority=\"high\" decoding=\"async\" width=\"1327\" height=\"1600\" src=\"https:\/\/lauramolinapsicologia.com\/wp-content\/uploads\/2025\/08\/WhatsApp-Image-2025-08-08-at-07.35.09.jpeg\" class=\"attachment-full size-full wp-image-1259\" alt=\"\" srcset=\"https:\/\/lauramolinapsicologia.com\/wp-content\/uploads\/2025\/08\/WhatsApp-Image-2025-08-08-at-07.35.09.jpeg 1327w, https:\/\/lauramolinapsicologia.com\/wp-content\/uploads\/2025\/08\/WhatsApp-Image-2025-08-08-at-07.35.09-249x300.jpeg 249w, https:\/\/lauramolinapsicologia.com\/wp-content\/uploads\/2025\/08\/WhatsApp-Image-2025-08-08-at-07.35.09-849x1024.jpeg 849w, https:\/\/lauramolinapsicologia.com\/wp-content\/uploads\/2025\/08\/WhatsApp-Image-2025-08-08-at-07.35.09-768x926.jpeg 768w, https:\/\/lauramolinapsicologia.com\/wp-content\/uploads\/2025\/08\/WhatsApp-Image-2025-08-08-at-07.35.09-1274x1536.jpeg 1274w, https:\/\/lauramolinapsicologia.com\/wp-content\/uploads\/2025\/08\/WhatsApp-Image-2025-08-08-at-07.35.09-10x12.jpeg 10w\" sizes=\"(max-width: 1327px) 100vw, 1327px\" \/>\t\t\t\t\t\t\t\t\t\t\t\t\t\t\t<\/div>\n\t\t\t\t<\/div>\n\t\t\t\t\t<\/div>\n\t\t\t\t<\/div>\n\t\t<div class=\"elementor-element elementor-element-4a382c3 e-flex e-con-boxed e-con e-parent\" data-id=\"4a382c3\" data-element_type=\"container\" data-e-type=\"container\" data-settings=\"{&quot;background_background&quot;:&quot;classic&quot;}\">\n\t\t\t\t\t<div class=\"e-con-inner\">\n\t\t\t\t<div class=\"elementor-element elementor-element-2639b94 elementor-widget elementor-widget-text-editor\" data-id=\"2639b94\" data-element_type=\"widget\" data-e-type=\"widget\" data-widget_type=\"text-editor.default\">\n\t\t\t\t\t\t\t\t\t<p>Azkenik, hemen bazaude, ulertzen dut , agian, nire prestakuntza sakonago ezagutzea ere interesatuko zaizula. Horregatik, nire ibilbide profesionalaren ikuspegi osatuagoa izaten lagun diezazuketen datu batzuk partekatzen ditut jarraian.<\/p>\t\t\t\t\t\t\t\t<\/div>\n\t\t\t\t\t<\/div>\n\t\t\t\t<\/div>\n\t\t<div class=\"elementor-element elementor-element-4ccd4ee e-flex e-con-boxed e-con e-parent\" data-id=\"4ccd4ee\" data-element_type=\"container\" data-e-type=\"container\" data-settings=\"{&quot;background_background&quot;:&quot;classic&quot;}\">\n\t\t\t\t\t<div class=\"e-con-inner\">\n\t\t\t\t<div class=\"elementor-element elementor-element-e2654b1 elementor-widget elementor-widget-n-accordion\" data-id=\"e2654b1\" data-element_type=\"widget\" data-e-type=\"widget\" data-settings=\"{&quot;default_state&quot;:&quot;all_collapsed&quot;,&quot;max_items_expended&quot;:&quot;one&quot;,&quot;n_accordion_animation_duration&quot;:{&quot;unit&quot;:&quot;ms&quot;,&quot;size&quot;:400,&quot;sizes&quot;:[]}}\" data-widget_type=\"nested-accordion.default\">\n\t\t\t\t\t\t\t<div class=\"e-n-accordion\" aria-label=\"Accordion. Open links with Enter or Space, close with Escape, and navigate with Arrow Keys\">\n\t\t\t\t\t\t<details id=\"e-n-accordion-item-2370\" class=\"e-n-accordion-item\" >\n\t\t\t\t<summary class=\"e-n-accordion-item-title\" data-accordion-index=\"1\" tabindex=\"0\" aria-expanded=\"false\" aria-controls=\"e-n-accordion-item-2370\" >\n\t\t\t\t\t<span class='e-n-accordion-item-title-header'><div class=\"e-n-accordion-item-title-text\"> Prestakuntza akademikoa <\/div><\/span>\n\t\t\t\t\t\t\t<span class='e-n-accordion-item-title-icon'>\n\t\t\t<span class='e-opened' ><svg aria-hidden=\"true\" class=\"e-font-icon-svg e-far-caret-square-up\" viewbox=\"0 0 448 512\" xmlns=\"http:\/\/www.w3.org\/2000\/svg\"><path d=\"M322.9 304H125.1c-10.7 0-16.1-13-8.5-20.5l98.9-98.3c4.7-4.7 12.2-4.7 16.9 0l98.9 98.3c7.7 7.5 2.3 20.5-8.4 20.5zM448 80v352c0 26.5-21.5 48-48 48H48c-26.5 0-48-21.5-48-48V80c0-26.5 21.5-48 48-48h352c26.5 0 48 21.5 48 48zm-48 346V86c0-3.3-2.7-6-6-6H54c-3.3 0-6 2.7-6 6v340c0 3.3 2.7 6 6 6h340c3.3 0 6-2.7 6-6z\"><\/path><\/svg><\/span>\n\t\t\t<span class='e-closed'><svg aria-hidden=\"true\" class=\"e-font-icon-svg e-far-caret-square-down\" viewbox=\"0 0 448 512\" xmlns=\"http:\/\/www.w3.org\/2000\/svg\"><path d=\"M125.1 208h197.8c10.7 0 16.1 13 8.5 20.5l-98.9 98.3c-4.7 4.7-12.2 4.7-16.9 0l-98.9-98.3c-7.7-7.5-2.3-20.5 8.4-20.5zM448 80v352c0 26.5-21.5 48-48 48H48c-26.5 0-48-21.5-48-48V80c0-26.5 21.5-48 48-48h352c26.5 0 48 21.5 48 48zm-48 346V86c0-3.3-2.7-6-6-6H54c-3.3 0-6 2.7-6 6v340c0 3.3 2.7 6 6 6h340c3.3 0 6-2.7 6-6z\"><\/path><\/svg><\/span>\n\t\t<\/span>\n\n\t\t\t\t\t\t<\/summary>\n\t\t\t\t<div role=\"region\" aria-labelledby=\"e-n-accordion-item-2370\" class=\"elementor-element elementor-element-13d1729 e-con-full e-flex e-con e-child\" data-id=\"13d1729\" data-element_type=\"container\" data-e-type=\"container\">\n\t\t\t\t<div class=\"elementor-element elementor-element-92c05ab elementor-widget elementor-widget-text-editor\" data-id=\"92c05ab\" data-element_type=\"widget\" data-e-type=\"widget\" data-widget_type=\"text-editor.default\">\n\t\t\t\t\t\t\t\t\t<p>\u25cf Psikologiako Gradua - Deustuko Unibertsitatea<\/p><p>\u25cf Osasun Psikologia Orokorreko Masterra - Deustuko Unibertsitatea<\/p><p>\u25cf Psikoterapia Integratzaile, Trauma eta Atxikimenduko Masterra - ISEP (prozesuan)<\/p><p>\u25cf Elikadura-jokabidearen nahasmenduetan espezialista - ISFAP<\/p><p>\u25cf Sexologia Klinikoan eta Bikote Terapian diplomatua - ISEP<\/p><p>EMDR I. maila - EMDR Espainiako Elkartea<\/p>\t\t\t\t\t\t\t\t<\/div>\n\t\t\t\t<\/div>\n\t\t\t\t\t<\/details>\n\t\t\t\t\t\t<details id=\"e-n-accordion-item-2371\" class=\"e-n-accordion-item\" >\n\t\t\t\t<summary class=\"e-n-accordion-item-title\" data-accordion-index=\"2\" tabindex=\"-1\" aria-expanded=\"false\" aria-controls=\"e-n-accordion-item-2371\" >\n\t\t\t\t\t<span class='e-n-accordion-item-title-header'><div class=\"e-n-accordion-item-title-text\"> Prestakuntza osagarria <\/div><\/span>\n\t\t\t\t\t\t\t<span class='e-n-accordion-item-title-icon'>\n\t\t\t<span class='e-opened' ><svg aria-hidden=\"true\" class=\"e-font-icon-svg e-far-caret-square-up\" viewbox=\"0 0 448 512\" xmlns=\"http:\/\/www.w3.org\/2000\/svg\"><path d=\"M322.9 304H125.1c-10.7 0-16.1-13-8.5-20.5l98.9-98.3c4.7-4.7 12.2-4.7 16.9 0l98.9 98.3c7.7 7.5 2.3 20.5-8.4 20.5zM448 80v352c0 26.5-21.5 48-48 48H48c-26.5 0-48-21.5-48-48V80c0-26.5 21.5-48 48-48h352c26.5 0 48 21.5 48 48zm-48 346V86c0-3.3-2.7-6-6-6H54c-3.3 0-6 2.7-6 6v340c0 3.3 2.7 6 6 6h340c3.3 0 6-2.7 6-6z\"><\/path><\/svg><\/span>\n\t\t\t<span class='e-closed'><svg aria-hidden=\"true\" class=\"e-font-icon-svg e-far-caret-square-down\" viewbox=\"0 0 448 512\" xmlns=\"http:\/\/www.w3.org\/2000\/svg\"><path d=\"M125.1 208h197.8c10.7 0 16.1 13 8.5 20.5l-98.9 98.3c-4.7 4.7-12.2 4.7-16.9 0l-98.9-98.3c-7.7-7.5-2.3-20.5 8.4-20.5zM448 80v352c0 26.5-21.5 48-48 48H48c-26.5 0-48-21.5-48-48V80c0-26.5 21.5-48 48-48h352c26.5 0 48 21.5 48 48zm-48 346V86c0-3.3-2.7-6-6-6H54c-3.3 0-6 2.7-6 6v340c0 3.3 2.7 6 6 6h340c3.3 0 6-2.7 6-6z\"><\/path><\/svg><\/span>\n\t\t<\/span>\n\n\t\t\t\t\t\t<\/summary>\n\t\t\t\t<div role=\"region\" aria-labelledby=\"e-n-accordion-item-2371\" class=\"elementor-element elementor-element-2c33f7b e-con-full e-flex e-con e-child\" data-id=\"2c33f7b\" data-element_type=\"container\" data-e-type=\"container\">\n\t\t\t\t<div class=\"elementor-element elementor-element-7735844 elementor-widget elementor-widget-text-editor\" data-id=\"7735844\" data-element_type=\"widget\" data-e-type=\"widget\" data-widget_type=\"text-editor.default\">\n\t\t\t\t\t\t\t\t\t<p>\u25cf Jokabide suizidaren prebentzioa eta esku-hartzea - AEPSIS<\/p><p>\u25cf Dolua ikuspegi integratzailetik heltzea - Escuela Mirada Integradora<\/p><p>\u25cf LGTBI+ pertsonenganako psikologia afirmatiboa - AEPSIS<\/p><p>\u25cf Haurren sexu-abusuan esku hartzea - AEPSIS<\/p><p>\u25cf Trauma osteko estresaren tratamendua - AEPSIS<\/p><p>\u25cf Esku-hartze psikologikoa genero-indarkeriaren biktima diren emakumeetan - AEPSIS<\/p><p>\u25cf PARCUVE eredua traumaren tratamenduan - AEPSIS<\/p><p>\u25cf Jokabide adiktiboen prebentzioa - Fejar<\/p><p>\u25cf Sexu-hezkuntza integrala, genero-ikuspegia eta migrazioa - S de Sex\u00f3logos<\/p>\t\t\t\t\t\t\t\t<\/div>\n\t\t\t\t<\/div>\n\t\t\t\t\t<\/details>\n\t\t\t\t\t<\/div>\n\t\t\t\t\t\t<\/div>\n\t\t\t\t\t<\/div>\n\t\t\t\t<\/div>\n\t\t\t\t<\/div>","protected":false},"excerpt":{"rendered":"<p>Sobre m\u00ed Soy Laura Molina Bravo, psic\u00f3loga general sanitaria colegiada (n\u00ba BI05794) con experiencia en psicoterapia, contextos educativos e investigaci\u00f3n. Mi vocaci\u00f3n por ayudar a las personas me llev\u00f3 a formarme en el Grado en Psicolog\u00eda y el M\u00e1ster en Psicolog\u00eda General Sanitaria en la Universidad de Deusto. Adem\u00e1s, he continuado especializ\u00e1ndome en \u00e1reas como [&hellip;]<\/p>\n","protected":false},"author":1,"featured_media":0,"parent":0,"menu_order":0,"comment_status":"closed","ping_status":"closed","template":"elementor_canvas","meta":{"footnotes":""},"class_list":["post-27","page","type-page","status-publish","hentry"],"yoast_head":"<!-- This site is optimized with the Yoast SEO plugin v27.5 - https:\/\/yoast.com\/product\/yoast-seo-wordpress\/ -->\n<title>Sobre m\u00ed - Laura Molina Psicolog\u00eda<\/title>\n<meta name=\"robots\" content=\"index, follow, max-snippet:-1, max-image-preview:large, max-video-preview:-1\" \/>\n<link rel=\"canonical\" href=\"https:\/\/lauramolinapsicologia.com\/eu\/sobre-mi\/\" \/>\n<meta property=\"og:locale\" content=\"en_US\" \/>\n<meta property=\"og:type\" content=\"article\" \/>\n<meta property=\"og:title\" content=\"Sobre m\u00ed - Laura Molina Psicolog\u00eda\" \/>\n<meta property=\"og:description\" content=\"Sobre m\u00ed Soy Laura Molina Bravo, psic\u00f3loga general sanitaria colegiada (n\u00ba BI05794) con experiencia en psicoterapia, contextos educativos e investigaci\u00f3n. Mi vocaci\u00f3n por ayudar a las personas me llev\u00f3 a formarme en el Grado en Psicolog\u00eda y el M\u00e1ster en Psicolog\u00eda General Sanitaria en la Universidad de Deusto. Adem\u00e1s, he continuado especializ\u00e1ndome en \u00e1reas como [&hellip;]\" \/>\n<meta property=\"og:url\" content=\"https:\/\/lauramolinapsicologia.com\/eu\/sobre-mi\/\" \/>\n<meta property=\"og:site_name\" content=\"Laura Molina Psicolog\u00eda\" \/>\n<meta property=\"article:modified_time\" content=\"2025-10-02T17:09:49+00:00\" \/>\n<meta property=\"og:image\" content=\"https:\/\/lauramolinapsicologia.com\/wp-content\/uploads\/2025\/08\/WhatsApp-Image-2025-08-08-at-07.35.09.jpeg\" \/>\n\t<meta property=\"og:image:width\" content=\"1327\" \/>\n\t<meta property=\"og:image:height\" content=\"1600\" \/>\n\t<meta property=\"og:image:type\" content=\"image\/jpeg\" \/>\n<meta name=\"twitter:card\" content=\"summary_large_image\" \/>\n<meta name=\"twitter:label1\" content=\"Est. reading time\" \/>\n\t<meta name=\"twitter:data1\" content=\"3 minutua\" \/>\n<script type=\"application\/ld+json\" class=\"yoast-schema-graph\">{\"@context\":\"https:\\\/\\\/schema.org\",\"@graph\":[{\"@type\":\"WebPage\",\"@id\":\"https:\\\/\\\/lauramolinapsicologia.com\\\/sobre-mi\\\/\",\"url\":\"https:\\\/\\\/lauramolinapsicologia.com\\\/sobre-mi\\\/\",\"name\":\"Sobre m\u00ed - Laura Molina Psicolog\u00eda\",\"isPartOf\":{\"@id\":\"https:\\\/\\\/lauramolinapsicologia.com\\\/#website\"},\"primaryImageOfPage\":{\"@id\":\"https:\\\/\\\/lauramolinapsicologia.com\\\/sobre-mi\\\/#primaryimage\"},\"image\":{\"@id\":\"https:\\\/\\\/lauramolinapsicologia.com\\\/sobre-mi\\\/#primaryimage\"},\"thumbnailUrl\":\"https:\\\/\\\/lauramolinapsicologia.com\\\/wp-content\\\/uploads\\\/2025\\\/08\\\/WhatsApp-Image-2025-08-08-at-07.35.09.jpeg\",\"datePublished\":\"2025-07-03T16:17:54+00:00\",\"dateModified\":\"2025-10-02T17:09:49+00:00\",\"breadcrumb\":{\"@id\":\"https:\\\/\\\/lauramolinapsicologia.com\\\/sobre-mi\\\/#breadcrumb\"},\"inLanguage\":\"eu\",\"potentialAction\":[{\"@type\":\"ReadAction\",\"target\":[\"https:\\\/\\\/lauramolinapsicologia.com\\\/sobre-mi\\\/\"]}]},{\"@type\":\"ImageObject\",\"inLanguage\":\"eu\",\"@id\":\"https:\\\/\\\/lauramolinapsicologia.com\\\/sobre-mi\\\/#primaryimage\",\"url\":\"https:\\\/\\\/lauramolinapsicologia.com\\\/wp-content\\\/uploads\\\/2025\\\/08\\\/WhatsApp-Image-2025-08-08-at-07.35.09.jpeg\",\"contentUrl\":\"https:\\\/\\\/lauramolinapsicologia.com\\\/wp-content\\\/uploads\\\/2025\\\/08\\\/WhatsApp-Image-2025-08-08-at-07.35.09.jpeg\"},{\"@type\":\"BreadcrumbList\",\"@id\":\"https:\\\/\\\/lauramolinapsicologia.com\\\/sobre-mi\\\/#breadcrumb\",\"itemListElement\":[{\"@type\":\"ListItem\",\"position\":1,\"name\":\"Portada\",\"item\":\"https:\\\/\\\/lauramolinapsicologia.com\\\/\"},{\"@type\":\"ListItem\",\"position\":2,\"name\":\"Sobre m\u00ed\"}]},{\"@type\":\"WebSite\",\"@id\":\"https:\\\/\\\/lauramolinapsicologia.com\\\/#website\",\"url\":\"https:\\\/\\\/lauramolinapsicologia.com\\\/\",\"name\":\"Laura Molina Psicolog\u00eda\",\"description\":\"Psic\u00f3loga Sanitaria\",\"publisher\":{\"@id\":\"https:\\\/\\\/lauramolinapsicologia.com\\\/#organization\"},\"potentialAction\":[{\"@type\":\"SearchAction\",\"target\":{\"@type\":\"EntryPoint\",\"urlTemplate\":\"https:\\\/\\\/lauramolinapsicologia.com\\\/?s={search_term_string}\"},\"query-input\":{\"@type\":\"PropertyValueSpecification\",\"valueRequired\":true,\"valueName\":\"search_term_string\"}}],\"inLanguage\":\"eu\"},{\"@type\":\"Organization\",\"@id\":\"https:\\\/\\\/lauramolinapsicologia.com\\\/#organization\",\"name\":\"Laura Molina Psicolog\u00eda\",\"url\":\"https:\\\/\\\/lauramolinapsicologia.com\\\/\",\"logo\":{\"@type\":\"ImageObject\",\"inLanguage\":\"eu\",\"@id\":\"https:\\\/\\\/lauramolinapsicologia.com\\\/#\\\/schema\\\/logo\\\/image\\\/\",\"url\":\"https:\\\/\\\/lauramolinapsicologia.com\\\/wp-content\\\/uploads\\\/2025\\\/08\\\/cropped-Sin-titulo-1500-x-800-px-1-1.png\",\"contentUrl\":\"https:\\\/\\\/lauramolinapsicologia.com\\\/wp-content\\\/uploads\\\/2025\\\/08\\\/cropped-Sin-titulo-1500-x-800-px-1-1.png\",\"width\":732,\"height\":177,\"caption\":\"Laura Molina Psicolog\u00eda\"},\"image\":{\"@id\":\"https:\\\/\\\/lauramolinapsicologia.com\\\/#\\\/schema\\\/logo\\\/image\\\/\"}}]}<\/script>\n<!-- \/ Yoast SEO plugin. -->","yoast_head_json":{"title":"Sobre m\u00ed - Laura Molina Psicolog\u00eda","robots":{"index":"index","follow":"follow","max-snippet":"max-snippet:-1","max-image-preview":"max-image-preview:large","max-video-preview":"max-video-preview:-1"},"canonical":"https:\/\/lauramolinapsicologia.com\/eu\/sobre-mi\/","og_locale":"en_US","og_type":"article","og_title":"Sobre m\u00ed - Laura Molina Psicolog\u00eda","og_description":"Sobre m\u00ed Soy Laura Molina Bravo, psic\u00f3loga general sanitaria colegiada (n\u00ba BI05794) con experiencia en psicoterapia, contextos educativos e investigaci\u00f3n. Mi vocaci\u00f3n por ayudar a las personas me llev\u00f3 a formarme en el Grado en Psicolog\u00eda y el M\u00e1ster en Psicolog\u00eda General Sanitaria en la Universidad de Deusto. Adem\u00e1s, he continuado especializ\u00e1ndome en \u00e1reas como [&hellip;]","og_url":"https:\/\/lauramolinapsicologia.com\/eu\/sobre-mi\/","og_site_name":"Laura Molina Psicolog\u00eda","article_modified_time":"2025-10-02T17:09:49+00:00","og_image":[{"width":1327,"height":1600,"url":"https:\/\/lauramolinapsicologia.com\/wp-content\/uploads\/2025\/08\/WhatsApp-Image-2025-08-08-at-07.35.09.jpeg","type":"image\/jpeg"}],"twitter_card":"summary_large_image","twitter_misc":{"Est. reading time":"3 minutua"},"schema":{"@context":"https:\/\/schema.org","@graph":[{"@type":"WebPage","@id":"https:\/\/lauramolinapsicologia.com\/sobre-mi\/","url":"https:\/\/lauramolinapsicologia.com\/sobre-mi\/","name":"Sobre m\u00ed - Laura Molina Psicolog\u00eda","isPartOf":{"@id":"https:\/\/lauramolinapsicologia.com\/#website"},"primaryImageOfPage":{"@id":"https:\/\/lauramolinapsicologia.com\/sobre-mi\/#primaryimage"},"image":{"@id":"https:\/\/lauramolinapsicologia.com\/sobre-mi\/#primaryimage"},"thumbnailUrl":"https:\/\/lauramolinapsicologia.com\/wp-content\/uploads\/2025\/08\/WhatsApp-Image-2025-08-08-at-07.35.09.jpeg","datePublished":"2025-07-03T16:17:54+00:00","dateModified":"2025-10-02T17:09:49+00:00","breadcrumb":{"@id":"https:\/\/lauramolinapsicologia.com\/sobre-mi\/#breadcrumb"},"inLanguage":"eu","potentialAction":[{"@type":"ReadAction","target":["https:\/\/lauramolinapsicologia.com\/sobre-mi\/"]}]},{"@type":"ImageObject","inLanguage":"eu","@id":"https:\/\/lauramolinapsicologia.com\/sobre-mi\/#primaryimage","url":"https:\/\/lauramolinapsicologia.com\/wp-content\/uploads\/2025\/08\/WhatsApp-Image-2025-08-08-at-07.35.09.jpeg","contentUrl":"https:\/\/lauramolinapsicologia.com\/wp-content\/uploads\/2025\/08\/WhatsApp-Image-2025-08-08-at-07.35.09.jpeg"},{"@type":"BreadcrumbList","@id":"https:\/\/lauramolinapsicologia.com\/sobre-mi\/#breadcrumb","itemListElement":[{"@type":"ListItem","position":1,"name":"Portada","item":"https:\/\/lauramolinapsicologia.com\/"},{"@type":"ListItem","position":2,"name":"Sobre m\u00ed"}]},{"@type":"WebSite","@id":"https:\/\/lauramolinapsicologia.com\/#website","url":"https:\/\/lauramolinapsicologia.com\/","name":"Laura Molina Psicolog\u00eda","description":"Psic\u00f3loga Sanitaria","publisher":{"@id":"https:\/\/lauramolinapsicologia.com\/#organization"},"potentialAction":[{"@type":"SearchAction","target":{"@type":"EntryPoint","urlTemplate":"https:\/\/lauramolinapsicologia.com\/?s={search_term_string}"},"query-input":{"@type":"PropertyValueSpecification","valueRequired":true,"valueName":"search_term_string"}}],"inLanguage":"eu"},{"@type":"Organization","@id":"https:\/\/lauramolinapsicologia.com\/#organization","name":"Laura Molina Psicolog\u00eda","url":"https:\/\/lauramolinapsicologia.com\/","logo":{"@type":"ImageObject","inLanguage":"eu","@id":"https:\/\/lauramolinapsicologia.com\/#\/schema\/logo\/image\/","url":"https:\/\/lauramolinapsicologia.com\/wp-content\/uploads\/2025\/08\/cropped-Sin-titulo-1500-x-800-px-1-1.png","contentUrl":"https:\/\/lauramolinapsicologia.com\/wp-content\/uploads\/2025\/08\/cropped-Sin-titulo-1500-x-800-px-1-1.png","width":732,"height":177,"caption":"Laura Molina Psicolog\u00eda"},"image":{"@id":"https:\/\/lauramolinapsicologia.com\/#\/schema\/logo\/image\/"}}]}},"_links":{"self":[{"href":"https:\/\/lauramolinapsicologia.com\/eu\/wp-json\/wp\/v2\/pages\/27","targetHints":{"allow":["GET"]}}],"collection":[{"href":"https:\/\/lauramolinapsicologia.com\/eu\/wp-json\/wp\/v2\/pages"}],"about":[{"href":"https:\/\/lauramolinapsicologia.com\/eu\/wp-json\/wp\/v2\/types\/page"}],"author":[{"embeddable":true,"href":"https:\/\/lauramolinapsicologia.com\/eu\/wp-json\/wp\/v2\/users\/1"}],"replies":[{"embeddable":true,"href":"https:\/\/lauramolinapsicologia.com\/eu\/wp-json\/wp\/v2\/comments?post=27"}],"version-history":[{"count":160,"href":"https:\/\/lauramolinapsicologia.com\/eu\/wp-json\/wp\/v2\/pages\/27\/revisions"}],"predecessor-version":[{"id":1853,"href":"https:\/\/lauramolinapsicologia.com\/eu\/wp-json\/wp\/v2\/pages\/27\/revisions\/1853"}],"wp:attachment":[{"href":"https:\/\/lauramolinapsicologia.com\/eu\/wp-json\/wp\/v2\/media?parent=27"}],"curies":[{"name":"wp","href":"https:\/\/api.w.org\/{rel}","templated":true}]}}