{"id":29,"date":"2025-07-03T16:19:05","date_gmt":"2025-07-03T16:19:05","guid":{"rendered":"https:\/\/lauramolinapsicologia.rkinformatika.online\/?page_id=29"},"modified":"2025-10-08T16:28:56","modified_gmt":"2025-10-08T16:28:56","slug":"terapia-adultos-as","status":"publish","type":"page","link":"https:\/\/lauramolinapsicologia.com\/eu\/terapia-adultos-as\/","title":{"rendered":"Helduen terapia"},"content":{"rendered":"<div data-elementor-type=\"wp-page\" data-elementor-id=\"29\" class=\"elementor elementor-29\" data-elementor-post-type=\"page\">\n\t\t\t\t<div class=\"elementor-element elementor-element-a72d84d e-con-full e-flex e-con e-parent\" data-id=\"a72d84d\" data-element_type=\"container\" data-e-type=\"container\" data-settings=\"{&quot;background_background&quot;:&quot;classic&quot;}\">\n\t\t\t\t<div class=\"elementor-element elementor-element-8edd14e elementor-widget elementor-widget-heading\" data-id=\"8edd14e\" data-element_type=\"widget\" data-e-type=\"widget\" data-widget_type=\"heading.default\">\n\t\t\t\t\t<h2 class=\"elementor-heading-title elementor-size-default\">Helduen terapia<\/h2>\t\t\t\t<\/div>\n\t\t\t\t<\/div>\n\t\t<div class=\"elementor-element elementor-element-092a8f1 e-flex e-con-boxed e-con e-parent\" data-id=\"092a8f1\" data-element_type=\"container\" data-e-type=\"container\">\n\t\t\t\t\t<div class=\"e-con-inner\">\n\t\t\t\t<div class=\"elementor-element elementor-element-e4f05df elementor-widget elementor-widget-heading\" data-id=\"e4f05df\" data-element_type=\"widget\" data-e-type=\"widget\" data-widget_type=\"heading.default\">\n\t\t\t\t\t<h2 class=\"elementor-heading-title elementor-size-default\">Iritzirik gabe adierazteko gunea.<\/h2>\t\t\t\t<\/div>\n\t\t\t\t\t<\/div>\n\t\t\t\t<\/div>\n\t\t<div class=\"elementor-element elementor-element-8f0b0d4 e-flex e-con-boxed e-con e-parent\" data-id=\"8f0b0d4\" data-element_type=\"container\" data-e-type=\"container\" data-settings=\"{&quot;background_background&quot;:&quot;classic&quot;}\">\n\t\t\t\t\t<div class=\"e-con-inner\">\n\t\t\t\t<div class=\"elementor-element elementor-element-739ca5b elementor-widget elementor-widget-heading\" data-id=\"739ca5b\" data-element_type=\"widget\" data-e-type=\"widget\" data-widget_type=\"heading.default\">\n\t\t\t\t\t<h2 class=\"elementor-heading-title elementor-size-default\">Zertan datza helduentzako terapia?<\/h2>\t\t\t\t<\/div>\n\t\t\t\t\t<\/div>\n\t\t\t\t<\/div>\n\t\t<div class=\"elementor-element elementor-element-da2b609 e-con-full e-flex e-con e-parent\" data-id=\"da2b609\" data-element_type=\"container\" data-e-type=\"container\">\n\t\t<div class=\"elementor-element elementor-element-4958a5b e-con-full e-flex e-con e-child\" data-id=\"4958a5b\" data-element_type=\"container\" data-e-type=\"container\">\n\t\t\t\t<div class=\"elementor-element elementor-element-730252c elementor-widget-mobile__width-initial elementor-widget elementor-widget-text-editor\" data-id=\"730252c\" data-element_type=\"widget\" data-e-type=\"widget\" data-widget_type=\"text-editor.default\">\n\t\t\t\t\t\t\t\t\t<p>Batzuetan, bakardadean aurre egin ezin diogun ezinegon bat dugula senti dezakegu: antsietatea, tristura, min ematen diguten harremanak, hutsune-sentsazioa edo, besterik gabe, elkar hobeto ezagutzeko nahia. Psikoterapia espazio konfidentziala eta epaiketarik gabea da, sentitzen duzuna ulertzeko eta prozesuan laguntzeko. Zure pentsamenduak, emozioak eta jokabideak aztertuko ditugu, eta lan egingo dugu gertatzen zaizunari aurre egiteko eta ongizate handiagoa lortzeko.<\/p>\t\t\t\t\t\t\t\t<\/div>\n\t\t\t\t<div class=\"elementor-element elementor-element-91285b7 elementor-align-center elementor-widget-mobile__width-inherit elementor-widget elementor-widget-button\" data-id=\"91285b7\" data-element_type=\"widget\" data-e-type=\"widget\" data-widget_type=\"button.default\">\n\t\t\t\t\t\t\t\t\t\t<a class=\"elementor-button elementor-button-link elementor-size-sm\" href=\"https:\/\/lauramolinapsicologia.com\/eu\/contacto\/\">\n\t\t\t\t\t\t<span class=\"elementor-button-content-wrapper\">\n\t\t\t\t\t\t\t\t\t<span class=\"elementor-button-text\">Hitzordua eskatu<\/span>\n\t\t\t\t\t<\/span>\n\t\t\t\t\t<\/a>\n\t\t\t\t\t\t\t\t<\/div>\n\t\t\t\t<\/div>\n\t\t<div class=\"elementor-element elementor-element-d663b06 e-con-full e-flex e-con e-child\" data-id=\"d663b06\" data-element_type=\"container\" data-e-type=\"container\">\n\t\t\t\t<div class=\"elementor-element elementor-element-398f8cf elementor-widget elementor-widget-image\" data-id=\"398f8cf\" data-element_type=\"widget\" data-e-type=\"widget\" data-settings=\"{&quot;_animation&quot;:&quot;none&quot;,&quot;_animation_tablet&quot;:&quot;none&quot;,&quot;_animation_mobile&quot;:&quot;none&quot;}\" data-widget_type=\"image.default\">\n\t\t\t\t\t\t\t\t\t\t\t\t\t\t\t<img fetchpriority=\"high\" decoding=\"async\" width=\"1500\" height=\"1000\" src=\"https:\/\/lauramolinapsicologia.com\/wp-content\/uploads\/2025\/08\/206819.jpg\" class=\"attachment-full size-full wp-image-1143\" alt=\"\" srcset=\"https:\/\/lauramolinapsicologia.com\/wp-content\/uploads\/2025\/08\/206819.jpg 1500w, https:\/\/lauramolinapsicologia.com\/wp-content\/uploads\/2025\/08\/206819-300x200.jpg 300w, https:\/\/lauramolinapsicologia.com\/wp-content\/uploads\/2025\/08\/206819-1024x683.jpg 1024w, https:\/\/lauramolinapsicologia.com\/wp-content\/uploads\/2025\/08\/206819-768x512.jpg 768w, https:\/\/lauramolinapsicologia.com\/wp-content\/uploads\/2025\/08\/206819-18x12.jpg 18w\" sizes=\"(max-width: 1500px) 100vw, 1500px\" \/>\t\t\t\t\t\t\t\t\t\t\t\t\t\t\t<\/div>\n\t\t\t\t<\/div>\n\t\t\t\t<\/div>\n\t\t<div class=\"elementor-element elementor-element-2fa3831 e-flex e-con-boxed e-con e-parent\" data-id=\"2fa3831\" data-element_type=\"container\" data-e-type=\"container\" data-settings=\"{&quot;background_background&quot;:&quot;classic&quot;}\">\n\t\t\t\t\t<div class=\"e-con-inner\">\n\t\t\t\t<div class=\"elementor-element elementor-element-d36144d elementor-widget elementor-widget-heading\" data-id=\"d36144d\" data-element_type=\"widget\" data-e-type=\"widget\" data-widget_type=\"heading.default\">\n\t\t\t\t\t<h2 class=\"elementor-heading-title elementor-size-default\">Zertan lagundu zaitzaket? \n<br><br>\nHurrengoak dira gehien tratatzen ditudan zailtasunetako batzuk:<\/h2>\t\t\t\t<\/div>\n\t\t\t\t\t<\/div>\n\t\t\t\t<\/div>\n\t\t<div class=\"elementor-element elementor-element-78740a5 e-flex e-con-boxed e-con e-parent\" data-id=\"78740a5\" data-element_type=\"container\" data-e-type=\"container\" data-settings=\"{&quot;background_background&quot;:&quot;classic&quot;}\">\n\t\t\t\t\t<div class=\"e-con-inner\">\n\t\t<div class=\"elementor-element elementor-element-b35fb50 e-con-full e-flex e-con e-child\" data-id=\"b35fb50\" data-element_type=\"container\" data-e-type=\"container\">\n\t\t\t\t<div class=\"elementor-element elementor-element-ca1acbd elementor-widget elementor-widget-text-editor\" data-id=\"ca1acbd\" data-element_type=\"widget\" data-e-type=\"widget\" data-widget_type=\"text-editor.default\">\n\t\t\t\t\t\t\t\t\t<p>\u25cf Antsietatea eta estresa<\/p><p>\u25cf Beldurrak, fobiak, obsesioak<\/p><p>\u25cf Gogo-aldarte baxua eta depresioa<\/p><p>\u25cf Elikadura-jokabidearen nahasmenduak, janariarekiko eta gorputz-irudiarekiko erlazioa<\/p><p>\u25cf Emozioen kudeaketa<\/p><p>\u25cf Autoestimua eta segurtasun eza<\/p><p>\u25cf Trauma ondoko estresaren sintomatologia<\/p><p>\u25cf Doluak eta heriotza<\/p>\t\t\t\t\t\t\t\t<\/div>\n\t\t\t\t<\/div>\n\t\t<div class=\"elementor-element elementor-element-0600af9 e-con-full e-flex e-con e-child\" data-id=\"0600af9\" data-element_type=\"container\" data-e-type=\"container\">\n\t\t\t\t<div class=\"elementor-element elementor-element-802fc5a elementor-widget elementor-widget-text-editor\" data-id=\"802fc5a\" data-element_type=\"widget\" data-e-type=\"widget\" data-widget_type=\"text-editor.default\">\n\t\t\t\t\t\t\t\t\t<p>\u25cf Familia- eta bikote-arazoak<\/p><p>\u25cf Abilezia sozialak<\/p><p>\u25cf Atxikimendu eta mendekotasun emozionala<\/p><p>\u25cf Bizi-krisiak<\/p><p>\u25cf Trauma eta iraganeko zauriak<\/p><p>\u25cf Loaren nahasmenduak<\/p><p>\u25cf Arazo psikosomatikoak<\/p><p>\u25cf Hazkunde pertsonala<\/p>\t\t\t\t\t\t\t\t<\/div>\n\t\t\t\t<\/div>\n\t\t\t\t\t<\/div>\n\t\t\t\t<\/div>\n\t\t<div class=\"elementor-element elementor-element-6344334 e-flex e-con-boxed e-con e-parent\" data-id=\"6344334\" data-element_type=\"container\" data-e-type=\"container\" data-settings=\"{&quot;background_background&quot;:&quot;classic&quot;}\">\n\t\t\t\t\t<div class=\"e-con-inner\">\n\t\t\t\t<div class=\"elementor-element elementor-element-b219ea0 elementor-widget elementor-widget-heading\" data-id=\"b219ea0\" data-element_type=\"widget\" data-e-type=\"widget\" data-widget_type=\"heading.default\">\n\t\t\t\t\t<h2 class=\"elementor-heading-title elementor-size-default\">Nolakoa da prozesu terapeutikoa helduekin?<\/h2>\t\t\t\t<\/div>\n\t\t\t\t\t<\/div>\n\t\t\t\t<\/div>\n\t\t<div class=\"elementor-element elementor-element-4b1b50c e-flex e-con-boxed e-con e-parent\" data-id=\"4b1b50c\" data-element_type=\"container\" data-e-type=\"container\">\n\t\t\t\t\t<div class=\"e-con-inner\">\n\t\t\t\t<div class=\"elementor-element elementor-element-5997c4c elementor-widget elementor-widget-text-editor\" data-id=\"5997c4c\" data-element_type=\"widget\" data-e-type=\"widget\" data-widget_type=\"text-editor.default\">\n\t\t\t\t\t\t\t\t\t<p>\u25cf <strong>Primer contacto<\/strong>. Te contacto para resolver dudas iniciales, conocer brevemente el motivo de consulta y agendar una primera sesi\u00f3n. Podemos hacerlo por tel\u00e9fono, WhatsApp o correo electr\u00f3nico, seg\u00fan lo que prefieras.<\/p><p>\u25cf <strong>Primera sesi\u00f3n<\/strong> (1 hora). Exploraremos juntos\/as tu situaci\u00f3n actual, el motivo de consulta y empezaremos a definir objetivos realistas que guiar\u00e1n el proceso, siempre respetando tu ritmo y tu momento.<\/p><p>\u25cf <strong>Siguientes sesiones<\/strong> (1 hora). Continuaremos explorando tu situaci\u00f3n para ir abord\u00e1ndola teniendo en cuenta tu historia y tu contexto, adapt\u00e1ndonos a tus necesidades.<\/p><p>\u25cf <strong>Frecuencia<\/strong>. Normalmente, las primeras sesiones suelen tener una frecuencia semanal o quincenal, pero me adapto a tus necesidades. Posteriormente, iremos separando las sesiones seg\u00fan la evoluci\u00f3n.<\/p><p>\u25cf <strong>Duraci\u00f3n<\/strong>. La duraci\u00f3n del proceso terap\u00e9utico variar\u00e1 en funci\u00f3n de la persona y el motivo de consulta.<\/p>\t\t\t\t\t\t\t\t<\/div>\n\t\t\t\t\t<\/div>\n\t\t\t\t<\/div>\n\t\t<div class=\"elementor-element elementor-element-c85db0f e-flex e-con-boxed e-con e-parent\" data-id=\"c85db0f\" data-element_type=\"container\" data-e-type=\"container\">\n\t\t\t\t\t<div class=\"e-con-inner\">\n\t\t\t\t<div class=\"elementor-element elementor-element-f58c181 elementor-widget-divider--view-line elementor-widget elementor-widget-divider\" data-id=\"f58c181\" data-element_type=\"widget\" data-e-type=\"widget\" data-widget_type=\"divider.default\">\n\t\t\t\t\t\t\t<div class=\"elementor-divider\">\n\t\t\t<span class=\"elementor-divider-separator\">\n\t\t\t\t\t\t<\/span>\n\t\t<\/div>\n\t\t\t\t\t\t<\/div>\n\t\t\t\t<div class=\"elementor-element elementor-element-99b7294 elementor-widget elementor-widget-heading\" data-id=\"99b7294\" data-element_type=\"widget\" data-e-type=\"widget\" data-widget_type=\"heading.default\">\n\t\t\t\t\t<h2 class=\"elementor-heading-title elementor-size-default\">MODALITATEAK<\/h2>\t\t\t\t<\/div>\n\t\t\t\t\t<\/div>\n\t\t\t\t<\/div>\n\t\t<div class=\"elementor-element elementor-element-2849ceb e-flex e-con-boxed e-con e-parent\" data-id=\"2849ceb\" data-element_type=\"container\" data-e-type=\"container\" data-settings=\"{&quot;background_background&quot;:&quot;classic&quot;}\">\n\t\t\t\t\t<div class=\"e-con-inner\">\n\t\t<div class=\"elementor-element elementor-element-89e9eda e-con-full e-flex e-con e-child\" data-id=\"89e9eda\" data-element_type=\"container\" data-e-type=\"container\">\n\t\t\t\t<div class=\"elementor-element elementor-element-2ebb451 elementor-position-inline-start elementor-view-default elementor-mobile-position-block-start elementor-widget elementor-widget-icon-box\" data-id=\"2ebb451\" data-element_type=\"widget\" data-e-type=\"widget\" data-widget_type=\"icon-box.default\">\n\t\t\t\t\t\t\t<div class=\"elementor-icon-box-wrapper\">\n\n\t\t\t\t\t\t<div class=\"elementor-icon-box-icon\">\n\t\t\t\t<span  class=\"elementor-icon\">\n\t\t\t\t<svg aria-hidden=\"true\" class=\"e-font-icon-svg e-fas-user-friends\" viewbox=\"0 0 640 512\" xmlns=\"http:\/\/www.w3.org\/2000\/svg\"><path d=\"M192 256c61.9 0 112-50.1 112-112S253.9 32 192 32 80 82.1 80 144s50.1 112 112 112zm76.8 32h-8.3c-20.8 10-43.9 16-68.5 16s-47.6-6-68.5-16h-8.3C51.6 288 0 339.6 0 403.2V432c0 26.5 21.5 48 48 48h288c26.5 0 48-21.5 48-48v-28.8c0-63.6-51.6-115.2-115.2-115.2zM480 256c53 0 96-43 96-96s-43-96-96-96-96 43-96 96 43 96 96 96zm48 32h-3.8c-13.9 4.8-28.6 8-44.2 8s-30.3-3.2-44.2-8H432c-20.4 0-39.2 5.9-55.7 15.4 24.4 26.3 39.7 61.2 39.7 99.8v38.4c0 2.2-.5 4.3-.6 6.4H592c26.5 0 48-21.5 48-48 0-61.9-50.1-112-112-112z\"><\/path><\/svg>\t\t\t\t<\/span>\n\t\t\t<\/div>\n\t\t\t\n\t\t\t\t\t\t<div class=\"elementor-icon-box-content\">\n\n\t\t\t\t\t\t\t\t\t<h3 class=\"elementor-icon-box-title\">\n\t\t\t\t\t\t<span  >\n\t\t\t\t\t\t\tPRESENTZIALA\t\t\t\t\t\t<\/span>\n\t\t\t\t\t<\/h3>\n\t\t\t\t\n\t\t\t\t\t\t\t\t\t<p class=\"elementor-icon-box-description\">\n\t\t\t\t\t\tAlmudena Porres Salcesen Kontsulta<br><i>Ibaigane kalea 15, 1. saila. 4, 48930, Getxo (Bizkaia)<\/i>\t\t\t\t\t<\/p>\n\t\t\t\t\n\t\t\t<\/div>\n\t\t\t\n\t\t<\/div>\n\t\t\t\t\t\t<\/div>\n\t\t\t\t<\/div>\n\t\t<div class=\"elementor-element elementor-element-1aec477 e-con-full e-flex e-con e-child\" data-id=\"1aec477\" data-element_type=\"container\" data-e-type=\"container\">\n\t\t\t\t<div class=\"elementor-element elementor-element-20b6082 elementor-position-inline-start elementor-widget-tablet__width-inherit elementor-view-default elementor-mobile-position-block-start elementor-widget elementor-widget-icon-box\" data-id=\"20b6082\" data-element_type=\"widget\" data-e-type=\"widget\" data-widget_type=\"icon-box.default\">\n\t\t\t\t\t\t\t<div class=\"elementor-icon-box-wrapper\">\n\n\t\t\t\t\t\t<div class=\"elementor-icon-box-icon\">\n\t\t\t\t<span  class=\"elementor-icon\">\n\t\t\t\t<svg aria-hidden=\"true\" class=\"e-font-icon-svg e-fas-desktop\" viewbox=\"0 0 576 512\" xmlns=\"http:\/\/www.w3.org\/2000\/svg\"><path d=\"M528 0H48C21.5 0 0 21.5 0 48v320c0 26.5 21.5 48 48 48h192l-16 48h-72c-13.3 0-24 10.7-24 24s10.7 24 24 24h272c13.3 0 24-10.7 24-24s-10.7-24-24-24h-72l-16-48h192c26.5 0 48-21.5 48-48V48c0-26.5-21.5-48-48-48zm-16 352H64V64h448v288z\"><\/path><\/svg>\t\t\t\t<\/span>\n\t\t\t<\/div>\n\t\t\t\n\t\t\t\t\t\t<div class=\"elementor-icon-box-content\">\n\n\t\t\t\t\t\t\t\t\t<h3 class=\"elementor-icon-box-title\">\n\t\t\t\t\t\t<span  >\n\t\t\t\t\t\t\tONLINE\t\t\t\t\t\t<\/span>\n\t\t\t\t\t<\/h3>\n\t\t\t\t\n\t\t\t\t\t\t\t\t\t<p class=\"elementor-icon-box-description\">\n\t\t\t\t\t\tA trav\u00e9s de m\u00e9todos seguros y confidenciales.\t\t\t\t\t<\/p>\n\t\t\t\t\n\t\t\t<\/div>\n\t\t\t\n\t\t<\/div>\n\t\t\t\t\t\t<\/div>\n\t\t\t\t<\/div>\n\t\t\t\t\t<\/div>\n\t\t\t\t<\/div>\n\t\t<div class=\"elementor-element elementor-element-78139f5 e-flex e-con-boxed e-con e-parent\" data-id=\"78139f5\" data-element_type=\"container\" data-e-type=\"container\">\n\t\t\t\t\t<div class=\"e-con-inner\">\n\t\t\t\t<div class=\"elementor-element elementor-element-2dad794 elementor-widget-divider--view-line elementor-widget elementor-widget-divider\" data-id=\"2dad794\" data-element_type=\"widget\" data-e-type=\"widget\" data-widget_type=\"divider.default\">\n\t\t\t\t\t\t\t<div class=\"elementor-divider\">\n\t\t\t<span class=\"elementor-divider-separator\">\n\t\t\t\t\t\t<\/span>\n\t\t<\/div>\n\t\t\t\t\t\t<\/div>\n\t\t\t\t\t<\/div>\n\t\t\t\t<\/div>\n\t\t\t\t<\/div>","protected":false},"excerpt":{"rendered":"<p>Terapia adultos\/as Un espacio donde expresarte sin juicios. \u00bfEn qu\u00e9 consiste la terapia para adultos\/as? A veces podemos sentir que tenemos un malestar al que no podemos hacer frente en soledad: ansiedad, tristeza, relaciones que nos duelen, una sensaci\u00f3n de vac\u00edo o simplemente el deseo de conocernos mejor. La psicoterapia es un espacio confidencial y [&hellip;]<\/p>\n","protected":false},"author":1,"featured_media":0,"parent":0,"menu_order":0,"comment_status":"closed","ping_status":"closed","template":"elementor_canvas","meta":{"footnotes":""},"class_list":["post-29","page","type-page","status-publish","hentry"],"yoast_head":"<!-- This site is optimized with the Yoast SEO plugin v27.5 - https:\/\/yoast.com\/product\/yoast-seo-wordpress\/ -->\n<title>Terapia adultos\/as - Laura Molina Psicolog\u00eda<\/title>\n<meta name=\"robots\" content=\"index, follow, max-snippet:-1, max-image-preview:large, max-video-preview:-1\" \/>\n<link rel=\"canonical\" href=\"https:\/\/lauramolinapsicologia.com\/eu\/terapia-adultos-as\/\" \/>\n<meta property=\"og:locale\" content=\"en_US\" \/>\n<meta property=\"og:type\" content=\"article\" \/>\n<meta property=\"og:title\" content=\"Terapia adultos\/as - Laura Molina Psicolog\u00eda\" \/>\n<meta property=\"og:description\" content=\"Terapia adultos\/as Un espacio donde expresarte sin juicios. \u00bfEn qu\u00e9 consiste la terapia para adultos\/as? A veces podemos sentir que tenemos un malestar al que no podemos hacer frente en soledad: ansiedad, tristeza, relaciones que nos duelen, una sensaci\u00f3n de vac\u00edo o simplemente el deseo de conocernos mejor. La psicoterapia es un espacio confidencial y [&hellip;]\" \/>\n<meta property=\"og:url\" content=\"https:\/\/lauramolinapsicologia.com\/eu\/terapia-adultos-as\/\" \/>\n<meta property=\"og:site_name\" content=\"Laura Molina Psicolog\u00eda\" \/>\n<meta property=\"article:modified_time\" content=\"2025-10-08T16:28:56+00:00\" \/>\n<meta property=\"og:image\" content=\"https:\/\/lauramolinapsicologia.com\/wp-content\/uploads\/2025\/08\/206819.jpg\" \/>\n\t<meta property=\"og:image:width\" content=\"1500\" \/>\n\t<meta property=\"og:image:height\" content=\"1000\" \/>\n\t<meta property=\"og:image:type\" content=\"image\/jpeg\" \/>\n<meta name=\"twitter:card\" content=\"summary_large_image\" \/>\n<meta name=\"twitter:label1\" content=\"Est. reading time\" \/>\n\t<meta name=\"twitter:data1\" content=\"2 minutua\" \/>\n<script type=\"application\/ld+json\" class=\"yoast-schema-graph\">{\"@context\":\"https:\\\/\\\/schema.org\",\"@graph\":[{\"@type\":\"WebPage\",\"@id\":\"https:\\\/\\\/lauramolinapsicologia.com\\\/terapia-adultos-as\\\/\",\"url\":\"https:\\\/\\\/lauramolinapsicologia.com\\\/terapia-adultos-as\\\/\",\"name\":\"Terapia adultos\\\/as - Laura Molina Psicolog\u00eda\",\"isPartOf\":{\"@id\":\"https:\\\/\\\/lauramolinapsicologia.com\\\/#website\"},\"primaryImageOfPage\":{\"@id\":\"https:\\\/\\\/lauramolinapsicologia.com\\\/terapia-adultos-as\\\/#primaryimage\"},\"image\":{\"@id\":\"https:\\\/\\\/lauramolinapsicologia.com\\\/terapia-adultos-as\\\/#primaryimage\"},\"thumbnailUrl\":\"https:\\\/\\\/lauramolinapsicologia.com\\\/wp-content\\\/uploads\\\/2025\\\/08\\\/206819.jpg\",\"datePublished\":\"2025-07-03T16:19:05+00:00\",\"dateModified\":\"2025-10-08T16:28:56+00:00\",\"breadcrumb\":{\"@id\":\"https:\\\/\\\/lauramolinapsicologia.com\\\/terapia-adultos-as\\\/#breadcrumb\"},\"inLanguage\":\"eu\",\"potentialAction\":[{\"@type\":\"ReadAction\",\"target\":[\"https:\\\/\\\/lauramolinapsicologia.com\\\/terapia-adultos-as\\\/\"]}]},{\"@type\":\"ImageObject\",\"inLanguage\":\"eu\",\"@id\":\"https:\\\/\\\/lauramolinapsicologia.com\\\/terapia-adultos-as\\\/#primaryimage\",\"url\":\"https:\\\/\\\/lauramolinapsicologia.com\\\/wp-content\\\/uploads\\\/2025\\\/08\\\/206819.jpg\",\"contentUrl\":\"https:\\\/\\\/lauramolinapsicologia.com\\\/wp-content\\\/uploads\\\/2025\\\/08\\\/206819.jpg\"},{\"@type\":\"BreadcrumbList\",\"@id\":\"https:\\\/\\\/lauramolinapsicologia.com\\\/terapia-adultos-as\\\/#breadcrumb\",\"itemListElement\":[{\"@type\":\"ListItem\",\"position\":1,\"name\":\"Portada\",\"item\":\"https:\\\/\\\/lauramolinapsicologia.com\\\/\"},{\"@type\":\"ListItem\",\"position\":2,\"name\":\"Terapia adultos\\\/as\"}]},{\"@type\":\"WebSite\",\"@id\":\"https:\\\/\\\/lauramolinapsicologia.com\\\/#website\",\"url\":\"https:\\\/\\\/lauramolinapsicologia.com\\\/\",\"name\":\"Laura Molina Psicolog\u00eda\",\"description\":\"Psic\u00f3loga Sanitaria\",\"publisher\":{\"@id\":\"https:\\\/\\\/lauramolinapsicologia.com\\\/#organization\"},\"potentialAction\":[{\"@type\":\"SearchAction\",\"target\":{\"@type\":\"EntryPoint\",\"urlTemplate\":\"https:\\\/\\\/lauramolinapsicologia.com\\\/?s={search_term_string}\"},\"query-input\":{\"@type\":\"PropertyValueSpecification\",\"valueRequired\":true,\"valueName\":\"search_term_string\"}}],\"inLanguage\":\"eu\"},{\"@type\":\"Organization\",\"@id\":\"https:\\\/\\\/lauramolinapsicologia.com\\\/#organization\",\"name\":\"Laura Molina Psicolog\u00eda\",\"url\":\"https:\\\/\\\/lauramolinapsicologia.com\\\/\",\"logo\":{\"@type\":\"ImageObject\",\"inLanguage\":\"eu\",\"@id\":\"https:\\\/\\\/lauramolinapsicologia.com\\\/#\\\/schema\\\/logo\\\/image\\\/\",\"url\":\"https:\\\/\\\/lauramolinapsicologia.com\\\/wp-content\\\/uploads\\\/2025\\\/08\\\/cropped-Sin-titulo-1500-x-800-px-1-1.png\",\"contentUrl\":\"https:\\\/\\\/lauramolinapsicologia.com\\\/wp-content\\\/uploads\\\/2025\\\/08\\\/cropped-Sin-titulo-1500-x-800-px-1-1.png\",\"width\":732,\"height\":177,\"caption\":\"Laura Molina Psicolog\u00eda\"},\"image\":{\"@id\":\"https:\\\/\\\/lauramolinapsicologia.com\\\/#\\\/schema\\\/logo\\\/image\\\/\"}}]}<\/script>\n<!-- \/ Yoast SEO plugin. -->","yoast_head_json":{"title":"Terapia adultos\/as - Laura Molina Psicolog\u00eda","robots":{"index":"index","follow":"follow","max-snippet":"max-snippet:-1","max-image-preview":"max-image-preview:large","max-video-preview":"max-video-preview:-1"},"canonical":"https:\/\/lauramolinapsicologia.com\/eu\/terapia-adultos-as\/","og_locale":"en_US","og_type":"article","og_title":"Terapia adultos\/as - Laura Molina Psicolog\u00eda","og_description":"Terapia adultos\/as Un espacio donde expresarte sin juicios. \u00bfEn qu\u00e9 consiste la terapia para adultos\/as? A veces podemos sentir que tenemos un malestar al que no podemos hacer frente en soledad: ansiedad, tristeza, relaciones que nos duelen, una sensaci\u00f3n de vac\u00edo o simplemente el deseo de conocernos mejor. La psicoterapia es un espacio confidencial y [&hellip;]","og_url":"https:\/\/lauramolinapsicologia.com\/eu\/terapia-adultos-as\/","og_site_name":"Laura Molina Psicolog\u00eda","article_modified_time":"2025-10-08T16:28:56+00:00","og_image":[{"width":1500,"height":1000,"url":"https:\/\/lauramolinapsicologia.com\/wp-content\/uploads\/2025\/08\/206819.jpg","type":"image\/jpeg"}],"twitter_card":"summary_large_image","twitter_misc":{"Est. reading time":"2 minutua"},"schema":{"@context":"https:\/\/schema.org","@graph":[{"@type":"WebPage","@id":"https:\/\/lauramolinapsicologia.com\/terapia-adultos-as\/","url":"https:\/\/lauramolinapsicologia.com\/terapia-adultos-as\/","name":"Terapia adultos\/as - Laura Molina Psicolog\u00eda","isPartOf":{"@id":"https:\/\/lauramolinapsicologia.com\/#website"},"primaryImageOfPage":{"@id":"https:\/\/lauramolinapsicologia.com\/terapia-adultos-as\/#primaryimage"},"image":{"@id":"https:\/\/lauramolinapsicologia.com\/terapia-adultos-as\/#primaryimage"},"thumbnailUrl":"https:\/\/lauramolinapsicologia.com\/wp-content\/uploads\/2025\/08\/206819.jpg","datePublished":"2025-07-03T16:19:05+00:00","dateModified":"2025-10-08T16:28:56+00:00","breadcrumb":{"@id":"https:\/\/lauramolinapsicologia.com\/terapia-adultos-as\/#breadcrumb"},"inLanguage":"eu","potentialAction":[{"@type":"ReadAction","target":["https:\/\/lauramolinapsicologia.com\/terapia-adultos-as\/"]}]},{"@type":"ImageObject","inLanguage":"eu","@id":"https:\/\/lauramolinapsicologia.com\/terapia-adultos-as\/#primaryimage","url":"https:\/\/lauramolinapsicologia.com\/wp-content\/uploads\/2025\/08\/206819.jpg","contentUrl":"https:\/\/lauramolinapsicologia.com\/wp-content\/uploads\/2025\/08\/206819.jpg"},{"@type":"BreadcrumbList","@id":"https:\/\/lauramolinapsicologia.com\/terapia-adultos-as\/#breadcrumb","itemListElement":[{"@type":"ListItem","position":1,"name":"Portada","item":"https:\/\/lauramolinapsicologia.com\/"},{"@type":"ListItem","position":2,"name":"Terapia adultos\/as"}]},{"@type":"WebSite","@id":"https:\/\/lauramolinapsicologia.com\/#website","url":"https:\/\/lauramolinapsicologia.com\/","name":"Laura Molina Psicolog\u00eda","description":"Psic\u00f3loga Sanitaria","publisher":{"@id":"https:\/\/lauramolinapsicologia.com\/#organization"},"potentialAction":[{"@type":"SearchAction","target":{"@type":"EntryPoint","urlTemplate":"https:\/\/lauramolinapsicologia.com\/?s={search_term_string}"},"query-input":{"@type":"PropertyValueSpecification","valueRequired":true,"valueName":"search_term_string"}}],"inLanguage":"eu"},{"@type":"Organization","@id":"https:\/\/lauramolinapsicologia.com\/#organization","name":"Laura Molina Psicolog\u00eda","url":"https:\/\/lauramolinapsicologia.com\/","logo":{"@type":"ImageObject","inLanguage":"eu","@id":"https:\/\/lauramolinapsicologia.com\/#\/schema\/logo\/image\/","url":"https:\/\/lauramolinapsicologia.com\/wp-content\/uploads\/2025\/08\/cropped-Sin-titulo-1500-x-800-px-1-1.png","contentUrl":"https:\/\/lauramolinapsicologia.com\/wp-content\/uploads\/2025\/08\/cropped-Sin-titulo-1500-x-800-px-1-1.png","width":732,"height":177,"caption":"Laura Molina Psicolog\u00eda"},"image":{"@id":"https:\/\/lauramolinapsicologia.com\/#\/schema\/logo\/image\/"}}]}},"_links":{"self":[{"href":"https:\/\/lauramolinapsicologia.com\/eu\/wp-json\/wp\/v2\/pages\/29","targetHints":{"allow":["GET"]}}],"collection":[{"href":"https:\/\/lauramolinapsicologia.com\/eu\/wp-json\/wp\/v2\/pages"}],"about":[{"href":"https:\/\/lauramolinapsicologia.com\/eu\/wp-json\/wp\/v2\/types\/page"}],"author":[{"embeddable":true,"href":"https:\/\/lauramolinapsicologia.com\/eu\/wp-json\/wp\/v2\/users\/1"}],"replies":[{"embeddable":true,"href":"https:\/\/lauramolinapsicologia.com\/eu\/wp-json\/wp\/v2\/comments?post=29"}],"version-history":[{"count":148,"href":"https:\/\/lauramolinapsicologia.com\/eu\/wp-json\/wp\/v2\/pages\/29\/revisions"}],"predecessor-version":[{"id":1897,"href":"https:\/\/lauramolinapsicologia.com\/eu\/wp-json\/wp\/v2\/pages\/29\/revisions\/1897"}],"wp:attachment":[{"href":"https:\/\/lauramolinapsicologia.com\/eu\/wp-json\/wp\/v2\/media?parent=29"}],"curies":[{"name":"wp","href":"https:\/\/api.w.org\/{rel}","templated":true}]}}