{"id":31,"date":"2025-07-03T16:20:04","date_gmt":"2025-07-03T16:20:04","guid":{"rendered":"https:\/\/lauramolinapsicologia.rkinformatika.online\/?page_id=31"},"modified":"2025-10-02T17:16:26","modified_gmt":"2025-10-02T17:16:26","slug":"terapia-de-pareja","status":"publish","type":"page","link":"https:\/\/lauramolinapsicologia.com\/eu\/terapia-de-pareja\/","title":{"rendered":"Bikote-terapia"},"content":{"rendered":"<div data-elementor-type=\"wp-page\" data-elementor-id=\"31\" class=\"elementor elementor-31\" data-elementor-post-type=\"page\">\n\t\t\t\t<div class=\"elementor-element elementor-element-819a59f e-con-full e-flex e-con e-parent\" data-id=\"819a59f\" data-element_type=\"container\" data-e-type=\"container\" data-settings=\"{&quot;background_background&quot;:&quot;classic&quot;}\">\n\t\t\t\t<div class=\"elementor-element elementor-element-14c878b elementor-widget elementor-widget-heading\" data-id=\"14c878b\" data-element_type=\"widget\" data-e-type=\"widget\" data-widget_type=\"heading.default\">\n\t\t\t\t\t<h2 class=\"elementor-heading-title elementor-size-default\">Bikote-terapia<\/h2>\t\t\t\t<\/div>\n\t\t\t\t<\/div>\n\t\t<div class=\"elementor-element elementor-element-c555362 e-flex e-con-boxed e-con e-parent\" data-id=\"c555362\" data-element_type=\"container\" data-e-type=\"container\">\n\t\t\t\t\t<div class=\"e-con-inner\">\n\t\t\t\t<div class=\"elementor-element elementor-element-ea95131 elementor-widget elementor-widget-heading\" data-id=\"ea95131\" data-element_type=\"widget\" data-e-type=\"widget\" data-widget_type=\"heading.default\">\n\t\t\t\t\t<h2 class=\"elementor-heading-title elementor-size-default\">Entzuten eta ulertzen lagunduko dizuedan gunea.<\/h2>\t\t\t\t<\/div>\n\t\t\t\t\t<\/div>\n\t\t\t\t<\/div>\n\t\t<div class=\"elementor-element elementor-element-9c79f52 e-flex e-con-boxed e-con e-parent\" data-id=\"9c79f52\" data-element_type=\"container\" data-e-type=\"container\" data-settings=\"{&quot;background_background&quot;:&quot;classic&quot;}\">\n\t\t\t\t\t<div class=\"e-con-inner\">\n\t\t\t\t<div class=\"elementor-element elementor-element-2ff0e8f elementor-widget elementor-widget-heading\" data-id=\"2ff0e8f\" data-element_type=\"widget\" data-e-type=\"widget\" data-widget_type=\"heading.default\">\n\t\t\t\t\t<h2 class=\"elementor-heading-title elementor-size-default\"> Zertan datza bikote-terapia?<\/h2>\t\t\t\t<\/div>\n\t\t\t\t\t<\/div>\n\t\t\t\t<\/div>\n\t\t<div class=\"elementor-element elementor-element-58f847a e-flex e-con-boxed e-con e-parent\" data-id=\"58f847a\" data-element_type=\"container\" data-e-type=\"container\">\n\t\t\t\t\t<div class=\"e-con-inner\">\n\t\t<div class=\"elementor-element elementor-element-961e302 e-con-full e-flex e-con e-child\" data-id=\"961e302\" data-element_type=\"container\" data-e-type=\"container\">\n\t\t\t\t<div class=\"elementor-element elementor-element-a2aad4d elementor-widget elementor-widget-text-editor\" data-id=\"a2aad4d\" data-element_type=\"widget\" data-e-type=\"widget\" data-widget_type=\"text-editor.default\">\n\t\t\t\t\t\t\t\t\t<p>Bikote-harremanetan, batzuetan, zenbait zailtasunak sortzen dira; hala nola, gatazkak, komunikazio-zailtasunak edo zerbaitek funtzionatzen ez duela sentitzea. Egoera horiei laguntzarik gabe aurre egitea frustragarria eta etsigarria izan daiteke. Horregatik, bikote-terapia iritzirik gabeko gunea da, non elkar behatu eta harremanean gertatzen ari dena entzun ahal izango dugun. Bikote-terapian zuen harremanean eragina duten dinamikak, emozioak eta jokabide-ereduak aztertzen lagunduko dizuet. Bi aldeek entzuteko, zuen beharrak adierazteko eta hitz egiteko gune bat sortzeko lan egiten dugu. Prozesuan zehar, zeharkatzen ari zaretenari lagunduta aurre egiteko tresnak eskuratuko dituzue.<\/p>\t\t\t\t\t\t\t\t<\/div>\n\t\t\t\t<div class=\"elementor-element elementor-element-83d7f16 elementor-align-center elementor-widget-mobile__width-inherit elementor-widget elementor-widget-button\" data-id=\"83d7f16\" data-element_type=\"widget\" data-e-type=\"widget\" data-widget_type=\"button.default\">\n\t\t\t\t\t\t\t\t\t\t<a class=\"elementor-button elementor-button-link elementor-size-sm\" href=\"https:\/\/lauramolinapsicologia.com\/eu\/contacto\/\">\n\t\t\t\t\t\t<span class=\"elementor-button-content-wrapper\">\n\t\t\t\t\t\t\t\t\t<span class=\"elementor-button-text\">Hitzordua eskatu<\/span>\n\t\t\t\t\t<\/span>\n\t\t\t\t\t<\/a>\n\t\t\t\t\t\t\t\t<\/div>\n\t\t\t\t<\/div>\n\t\t<div class=\"elementor-element elementor-element-5384cae e-con-full e-flex e-con e-child\" data-id=\"5384cae\" data-element_type=\"container\" data-e-type=\"container\">\n\t\t\t\t<div class=\"elementor-element elementor-element-7955575 elementor-widget elementor-widget-image\" data-id=\"7955575\" data-element_type=\"widget\" data-e-type=\"widget\" data-settings=\"{&quot;_animation&quot;:&quot;none&quot;}\" data-widget_type=\"image.default\">\n\t\t\t\t\t\t\t\t\t\t\t\t\t\t\t<img fetchpriority=\"high\" decoding=\"async\" width=\"1500\" height=\"1000\" src=\"https:\/\/lauramolinapsicologia.com\/wp-content\/uploads\/2025\/08\/2149305211.jpg\" class=\"attachment-full size-full wp-image-1141\" alt=\"\" srcset=\"https:\/\/lauramolinapsicologia.com\/wp-content\/uploads\/2025\/08\/2149305211.jpg 1500w, https:\/\/lauramolinapsicologia.com\/wp-content\/uploads\/2025\/08\/2149305211-300x200.jpg 300w, https:\/\/lauramolinapsicologia.com\/wp-content\/uploads\/2025\/08\/2149305211-1024x683.jpg 1024w, https:\/\/lauramolinapsicologia.com\/wp-content\/uploads\/2025\/08\/2149305211-768x512.jpg 768w, https:\/\/lauramolinapsicologia.com\/wp-content\/uploads\/2025\/08\/2149305211-18x12.jpg 18w\" sizes=\"(max-width: 1500px) 100vw, 1500px\" \/>\t\t\t\t\t\t\t\t\t\t\t\t\t\t\t<\/div>\n\t\t\t\t<\/div>\n\t\t\t\t\t<\/div>\n\t\t\t\t<\/div>\n\t\t<div class=\"elementor-element elementor-element-c811f26 e-flex e-con-boxed e-con e-parent\" data-id=\"c811f26\" data-element_type=\"container\" data-e-type=\"container\" data-settings=\"{&quot;background_background&quot;:&quot;classic&quot;}\">\n\t\t\t\t\t<div class=\"e-con-inner\">\n\t\t\t\t<div class=\"elementor-element elementor-element-a524ba1 elementor-widget elementor-widget-heading\" data-id=\"a524ba1\" data-element_type=\"widget\" data-e-type=\"widget\" data-widget_type=\"heading.default\">\n\t\t\t\t\t<h2 class=\"elementor-heading-title elementor-size-default\">Zertan lagun zaitzaket?\n<br><br>\nHurrengoak dira gehien tratatzen ditudan bikote-harremanetan ematen diren zaitasun batzuk: <\/h2>\t\t\t\t<\/div>\n\t\t\t\t\t<\/div>\n\t\t\t\t<\/div>\n\t\t<div class=\"elementor-element elementor-element-b3d8421 e-flex e-con-boxed e-con e-parent\" data-id=\"b3d8421\" data-element_type=\"container\" data-e-type=\"container\" data-settings=\"{&quot;background_background&quot;:&quot;classic&quot;}\">\n\t\t\t\t\t<div class=\"e-con-inner\">\n\t\t<div class=\"elementor-element elementor-element-b5eeb24 e-con-full e-flex e-con e-child\" data-id=\"b5eeb24\" data-element_type=\"container\" data-e-type=\"container\">\n\t\t\t\t<div class=\"elementor-element elementor-element-f412b9e elementor-widget elementor-widget-text-editor\" data-id=\"f412b9e\" data-element_type=\"widget\" data-e-type=\"widget\" data-widget_type=\"text-editor.default\">\n\t\t\t\t\t\t\t\t\t<p>\u25cf Errepikatzen diren edota distantzia sortzen duten gatazkak<\/p><p>\u25cf Komunikatzeko zailtasunak<\/p><p>\u25cf Aldaketa garrantzitsuak bikote-harremanean (amatasuna\/aitatasuna, etxe-aldaketak, heriotza...)<\/p><p>\u25cf Seme-alabak hazteko edo hezteko moduan dauden aldeak<\/p><p>\u25cf Krisia edo harremanaren geldialdiko uneak<\/p>\t\t\t\t\t\t\t\t<\/div>\n\t\t\t\t<\/div>\n\t\t<div class=\"elementor-element elementor-element-805ded8 e-con-full e-flex e-con e-child\" data-id=\"805ded8\" data-element_type=\"container\" data-e-type=\"container\">\n\t\t\t\t<div class=\"elementor-element elementor-element-b8bec79 elementor-widget elementor-widget-text-editor\" data-id=\"b8bec79\" data-element_type=\"widget\" data-e-type=\"widget\" data-widget_type=\"text-editor.default\">\n\t\t\t\t\t\t\t\t\t<p>\u25cf Desleialtasun-egoerak<\/p><p>\u25cf Jeloskortasuna, mesfidantza edo segurtasunik eza harremanean<\/p><p>\u25cf Bikoteko kideren baten kontrol-sentsazioa<\/p><p>\u25cf Arazoak jatorrizko familiarekin<\/p><p>\u25cf Banantze- edo dibortzio-prozesuetan laguntzea<\/p>\t\t\t\t\t\t\t\t<\/div>\n\t\t\t\t<\/div>\n\t\t\t\t\t<\/div>\n\t\t\t\t<\/div>\n\t\t<div class=\"elementor-element elementor-element-a35b96c e-flex e-con-boxed e-con e-parent\" data-id=\"a35b96c\" data-element_type=\"container\" data-e-type=\"container\" data-settings=\"{&quot;background_background&quot;:&quot;classic&quot;}\">\n\t\t\t\t\t<div class=\"e-con-inner\">\n\t\t\t\t<div class=\"elementor-element elementor-element-f5bab39 elementor-widget elementor-widget-heading\" data-id=\"f5bab39\" data-element_type=\"widget\" data-e-type=\"widget\" data-widget_type=\"heading.default\">\n\t\t\t\t\t<h2 class=\"elementor-heading-title elementor-size-default\">Nolakoa da prozesu terapeutikoa bikoteekin?<\/h2>\t\t\t\t<\/div>\n\t\t\t\t\t<\/div>\n\t\t\t\t<\/div>\n\t\t<div class=\"elementor-element elementor-element-b0f59cc e-flex e-con-boxed e-con e-parent\" data-id=\"b0f59cc\" data-element_type=\"container\" data-e-type=\"container\">\n\t\t\t\t\t<div class=\"e-con-inner\">\n\t\t\t\t<div class=\"elementor-element elementor-element-ab41f98 elementor-widget elementor-widget-text-editor\" data-id=\"ab41f98\" data-element_type=\"widget\" data-e-type=\"widget\" data-widget_type=\"text-editor.default\">\n\t\t\t\t\t\t\t\t\t<p>\u25cf <strong>Primer contacto<\/strong>. Te contacto para resolver dudas iniciales, conocer brevemente el motivo de consulta y agendar una primera sesi\u00f3n. Podemos hacerlo por tel\u00e9fono, WhatsApp o correo electr\u00f3nico, seg\u00fan prefir\u00e1is.<\/p><p>\u25cf <strong>Primera sesi\u00f3n <\/strong>(1 hora). Nos centraremos en conocer vuestra historia y situaci\u00f3n actual, comprender qu\u00e9 os ha tra\u00eddo a terapia y empezar a definir objetivos conjuntos para el proceso.<\/p><p>\u25cf <strong>Siguientes sesiones<\/strong> (1 hora). A lo largo de las sesiones iremos explorando y abordando con m\u00e1s profundidad las dificultades que encontr\u00e1is en vuestra relaci\u00f3n. Durante el proceso, se podr\u00e1n programar sesiones individuales puntuales con cada miembro de la pareja, con el objetivo de profundizar en aspectos personales que puedan estar influyendo en el v\u00ednculo, siempre cuidando la confidencialidad y el marco terap\u00e9utico compartido.<\/p><p>\u25cf <strong>Frecuencia<\/strong>. Al comienzo, las sesiones suelen ser semanales o quincenales, dependiendo del caso. M\u00e1s adelante, la frecuencia puede irse ajustando seg\u00fan la evoluci\u00f3n y vuestras necesidades.<\/p><p>\u25cf <strong>Duraci\u00f3n<\/strong>. La duraci\u00f3n del proceso terap\u00e9utico variar\u00e1 en funci\u00f3n de la pareja y el motivo de consulta.<\/p>\t\t\t\t\t\t\t\t<\/div>\n\t\t\t\t\t<\/div>\n\t\t\t\t<\/div>\n\t\t<div class=\"elementor-element elementor-element-8a431fd e-flex e-con-boxed e-con e-parent\" data-id=\"8a431fd\" data-element_type=\"container\" data-e-type=\"container\">\n\t\t\t\t\t<div class=\"e-con-inner\">\n\t\t\t\t<div class=\"elementor-element elementor-element-ea0a07c elementor-widget-divider--view-line elementor-widget elementor-widget-divider\" data-id=\"ea0a07c\" data-element_type=\"widget\" data-e-type=\"widget\" data-widget_type=\"divider.default\">\n\t\t\t\t\t\t\t<div class=\"elementor-divider\">\n\t\t\t<span class=\"elementor-divider-separator\">\n\t\t\t\t\t\t<\/span>\n\t\t<\/div>\n\t\t\t\t\t\t<\/div>\n\t\t\t\t<div class=\"elementor-element elementor-element-f7a8752 elementor-widget elementor-widget-heading\" data-id=\"f7a8752\" data-element_type=\"widget\" data-e-type=\"widget\" data-widget_type=\"heading.default\">\n\t\t\t\t\t<h2 class=\"elementor-heading-title elementor-size-default\">MODALITATEAK<\/h2>\t\t\t\t<\/div>\n\t\t\t\t\t<\/div>\n\t\t\t\t<\/div>\n\t\t<div class=\"elementor-element elementor-element-e61bfeb e-flex e-con-boxed e-con e-parent\" data-id=\"e61bfeb\" data-element_type=\"container\" data-e-type=\"container\" data-settings=\"{&quot;background_background&quot;:&quot;classic&quot;}\">\n\t\t\t\t\t<div class=\"e-con-inner\">\n\t\t<div class=\"elementor-element elementor-element-f65d9ff e-con-full e-flex e-con e-child\" data-id=\"f65d9ff\" data-element_type=\"container\" data-e-type=\"container\">\n\t\t\t\t<div class=\"elementor-element elementor-element-8baf8d3 elementor-position-inline-start elementor-view-default elementor-mobile-position-block-start elementor-widget elementor-widget-icon-box\" data-id=\"8baf8d3\" data-element_type=\"widget\" data-e-type=\"widget\" data-widget_type=\"icon-box.default\">\n\t\t\t\t\t\t\t<div class=\"elementor-icon-box-wrapper\">\n\n\t\t\t\t\t\t<div class=\"elementor-icon-box-icon\">\n\t\t\t\t<span  class=\"elementor-icon\">\n\t\t\t\t<svg aria-hidden=\"true\" class=\"e-font-icon-svg e-fas-user-friends\" viewbox=\"0 0 640 512\" xmlns=\"http:\/\/www.w3.org\/2000\/svg\"><path d=\"M192 256c61.9 0 112-50.1 112-112S253.9 32 192 32 80 82.1 80 144s50.1 112 112 112zm76.8 32h-8.3c-20.8 10-43.9 16-68.5 16s-47.6-6-68.5-16h-8.3C51.6 288 0 339.6 0 403.2V432c0 26.5 21.5 48 48 48h288c26.5 0 48-21.5 48-48v-28.8c0-63.6-51.6-115.2-115.2-115.2zM480 256c53 0 96-43 96-96s-43-96-96-96-96 43-96 96 43 96 96 96zm48 32h-3.8c-13.9 4.8-28.6 8-44.2 8s-30.3-3.2-44.2-8H432c-20.4 0-39.2 5.9-55.7 15.4 24.4 26.3 39.7 61.2 39.7 99.8v38.4c0 2.2-.5 4.3-.6 6.4H592c26.5 0 48-21.5 48-48 0-61.9-50.1-112-112-112z\"><\/path><\/svg>\t\t\t\t<\/span>\n\t\t\t<\/div>\n\t\t\t\n\t\t\t\t\t\t<div class=\"elementor-icon-box-content\">\n\n\t\t\t\t\t\t\t\t\t<h3 class=\"elementor-icon-box-title\">\n\t\t\t\t\t\t<span  >\n\t\t\t\t\t\t\tPRESENTZIALA\t\t\t\t\t\t<\/span>\n\t\t\t\t\t<\/h3>\n\t\t\t\t\n\t\t\t\t\t\t\t\t\t<p class=\"elementor-icon-box-description\">\n\t\t\t\t\t\tAlmudena Porres Salcesen Kontsulta<br><i>Ibaigane kalea 15, 1. saila. 4, 48930, Getxo (Bizkaia)<\/i>\t\t\t\t\t<\/p>\n\t\t\t\t\n\t\t\t<\/div>\n\t\t\t\n\t\t<\/div>\n\t\t\t\t\t\t<\/div>\n\t\t\t\t<\/div>\n\t\t<div class=\"elementor-element elementor-element-7058101 e-con-full e-flex e-con e-child\" data-id=\"7058101\" data-element_type=\"container\" data-e-type=\"container\">\n\t\t\t\t<div class=\"elementor-element elementor-element-c4a4087 elementor-position-inline-start elementor-view-default elementor-mobile-position-block-start elementor-widget elementor-widget-icon-box\" data-id=\"c4a4087\" data-element_type=\"widget\" data-e-type=\"widget\" data-widget_type=\"icon-box.default\">\n\t\t\t\t\t\t\t<div class=\"elementor-icon-box-wrapper\">\n\n\t\t\t\t\t\t<div class=\"elementor-icon-box-icon\">\n\t\t\t\t<span  class=\"elementor-icon\">\n\t\t\t\t<svg aria-hidden=\"true\" class=\"e-font-icon-svg e-fas-desktop\" viewbox=\"0 0 576 512\" xmlns=\"http:\/\/www.w3.org\/2000\/svg\"><path d=\"M528 0H48C21.5 0 0 21.5 0 48v320c0 26.5 21.5 48 48 48h192l-16 48h-72c-13.3 0-24 10.7-24 24s10.7 24 24 24h272c13.3 0 24-10.7 24-24s-10.7-24-24-24h-72l-16-48h192c26.5 0 48-21.5 48-48V48c0-26.5-21.5-48-48-48zm-16 352H64V64h448v288z\"><\/path><\/svg>\t\t\t\t<\/span>\n\t\t\t<\/div>\n\t\t\t\n\t\t\t\t\t\t<div class=\"elementor-icon-box-content\">\n\n\t\t\t\t\t\t\t\t\t<h3 class=\"elementor-icon-box-title\">\n\t\t\t\t\t\t<span  >\n\t\t\t\t\t\t\tONLINE\t\t\t\t\t\t<\/span>\n\t\t\t\t\t<\/h3>\n\t\t\t\t\n\t\t\t\t\t\t\t\t\t<p class=\"elementor-icon-box-description\">\n\t\t\t\t\t\tMetodo seguru eta konfidentzialen bidez\t\t\t\t\t<\/p>\n\t\t\t\t\n\t\t\t<\/div>\n\t\t\t\n\t\t<\/div>\n\t\t\t\t\t\t<\/div>\n\t\t\t\t<\/div>\n\t\t\t\t\t<\/div>\n\t\t\t\t<\/div>\n\t\t<div class=\"elementor-element elementor-element-332fd2d e-flex e-con-boxed e-con e-parent\" data-id=\"332fd2d\" data-element_type=\"container\" data-e-type=\"container\">\n\t\t\t\t\t<div class=\"e-con-inner\">\n\t\t\t\t<div class=\"elementor-element elementor-element-ae7121a elementor-widget-divider--view-line elementor-widget elementor-widget-divider\" data-id=\"ae7121a\" data-element_type=\"widget\" data-e-type=\"widget\" data-widget_type=\"divider.default\">\n\t\t\t\t\t\t\t<div class=\"elementor-divider\">\n\t\t\t<span class=\"elementor-divider-separator\">\n\t\t\t\t\t\t<\/span>\n\t\t<\/div>\n\t\t\t\t\t\t<\/div>\n\t\t\t\t\t<\/div>\n\t\t\t\t<\/div>\n\t\t\t\t<\/div>","protected":false},"excerpt":{"rendered":"<p>Terapia de pareja Un espacio donde os acompa\u00f1o a escucharos y comprenderos. \u00bfEn qu\u00e9 consiste la terapia de pareja? En las relaciones de pareja a veces surgen ciertas complicaciones como conflictos, dificultades en la comunicaci\u00f3n o sentir que algo no est\u00e1 funcionando. Afrontar estas situaciones sin apoyo puede volverse frustrante y desgastante. Por eso, la [&hellip;]<\/p>\n","protected":false},"author":1,"featured_media":0,"parent":0,"menu_order":0,"comment_status":"closed","ping_status":"closed","template":"elementor_canvas","meta":{"footnotes":""},"class_list":["post-31","page","type-page","status-publish","hentry"],"yoast_head":"<!-- This site is optimized with the Yoast SEO plugin v27.5 - https:\/\/yoast.com\/product\/yoast-seo-wordpress\/ -->\n<title>Terapia de pareja - Laura Molina Psicolog\u00eda<\/title>\n<meta name=\"robots\" content=\"index, follow, max-snippet:-1, max-image-preview:large, max-video-preview:-1\" \/>\n<link rel=\"canonical\" href=\"https:\/\/lauramolinapsicologia.com\/eu\/terapia-de-pareja\/\" \/>\n<meta property=\"og:locale\" content=\"en_US\" \/>\n<meta property=\"og:type\" content=\"article\" \/>\n<meta property=\"og:title\" content=\"Terapia de pareja - Laura Molina Psicolog\u00eda\" \/>\n<meta property=\"og:description\" content=\"Terapia de pareja Un espacio donde os acompa\u00f1o a escucharos y comprenderos. \u00bfEn qu\u00e9 consiste la terapia de pareja? En las relaciones de pareja a veces surgen ciertas complicaciones como conflictos, dificultades en la comunicaci\u00f3n o sentir que algo no est\u00e1 funcionando. Afrontar estas situaciones sin apoyo puede volverse frustrante y desgastante. Por eso, la [&hellip;]\" \/>\n<meta property=\"og:url\" content=\"https:\/\/lauramolinapsicologia.com\/eu\/terapia-de-pareja\/\" \/>\n<meta property=\"og:site_name\" content=\"Laura Molina Psicolog\u00eda\" \/>\n<meta property=\"article:modified_time\" content=\"2025-10-02T17:16:26+00:00\" \/>\n<meta property=\"og:image\" content=\"https:\/\/lauramolinapsicologia.com\/wp-content\/uploads\/2025\/08\/2149305211.jpg\" \/>\n\t<meta property=\"og:image:width\" content=\"1500\" \/>\n\t<meta property=\"og:image:height\" content=\"1000\" \/>\n\t<meta property=\"og:image:type\" content=\"image\/jpeg\" \/>\n<meta name=\"twitter:card\" content=\"summary_large_image\" \/>\n<meta name=\"twitter:label1\" content=\"Est. reading time\" \/>\n\t<meta name=\"twitter:data1\" content=\"2 minutua\" \/>\n<script type=\"application\/ld+json\" class=\"yoast-schema-graph\">{\"@context\":\"https:\\\/\\\/schema.org\",\"@graph\":[{\"@type\":\"WebPage\",\"@id\":\"https:\\\/\\\/lauramolinapsicologia.com\\\/terapia-de-pareja\\\/\",\"url\":\"https:\\\/\\\/lauramolinapsicologia.com\\\/terapia-de-pareja\\\/\",\"name\":\"Terapia de pareja - Laura Molina Psicolog\u00eda\",\"isPartOf\":{\"@id\":\"https:\\\/\\\/lauramolinapsicologia.com\\\/#website\"},\"primaryImageOfPage\":{\"@id\":\"https:\\\/\\\/lauramolinapsicologia.com\\\/terapia-de-pareja\\\/#primaryimage\"},\"image\":{\"@id\":\"https:\\\/\\\/lauramolinapsicologia.com\\\/terapia-de-pareja\\\/#primaryimage\"},\"thumbnailUrl\":\"https:\\\/\\\/lauramolinapsicologia.com\\\/wp-content\\\/uploads\\\/2025\\\/08\\\/2149305211.jpg\",\"datePublished\":\"2025-07-03T16:20:04+00:00\",\"dateModified\":\"2025-10-02T17:16:26+00:00\",\"breadcrumb\":{\"@id\":\"https:\\\/\\\/lauramolinapsicologia.com\\\/terapia-de-pareja\\\/#breadcrumb\"},\"inLanguage\":\"eu\",\"potentialAction\":[{\"@type\":\"ReadAction\",\"target\":[\"https:\\\/\\\/lauramolinapsicologia.com\\\/terapia-de-pareja\\\/\"]}]},{\"@type\":\"ImageObject\",\"inLanguage\":\"eu\",\"@id\":\"https:\\\/\\\/lauramolinapsicologia.com\\\/terapia-de-pareja\\\/#primaryimage\",\"url\":\"https:\\\/\\\/lauramolinapsicologia.com\\\/wp-content\\\/uploads\\\/2025\\\/08\\\/2149305211.jpg\",\"contentUrl\":\"https:\\\/\\\/lauramolinapsicologia.com\\\/wp-content\\\/uploads\\\/2025\\\/08\\\/2149305211.jpg\"},{\"@type\":\"BreadcrumbList\",\"@id\":\"https:\\\/\\\/lauramolinapsicologia.com\\\/terapia-de-pareja\\\/#breadcrumb\",\"itemListElement\":[{\"@type\":\"ListItem\",\"position\":1,\"name\":\"Portada\",\"item\":\"https:\\\/\\\/lauramolinapsicologia.com\\\/\"},{\"@type\":\"ListItem\",\"position\":2,\"name\":\"Terapia de pareja\"}]},{\"@type\":\"WebSite\",\"@id\":\"https:\\\/\\\/lauramolinapsicologia.com\\\/#website\",\"url\":\"https:\\\/\\\/lauramolinapsicologia.com\\\/\",\"name\":\"Laura Molina Psicolog\u00eda\",\"description\":\"Psic\u00f3loga Sanitaria\",\"publisher\":{\"@id\":\"https:\\\/\\\/lauramolinapsicologia.com\\\/#organization\"},\"potentialAction\":[{\"@type\":\"SearchAction\",\"target\":{\"@type\":\"EntryPoint\",\"urlTemplate\":\"https:\\\/\\\/lauramolinapsicologia.com\\\/?s={search_term_string}\"},\"query-input\":{\"@type\":\"PropertyValueSpecification\",\"valueRequired\":true,\"valueName\":\"search_term_string\"}}],\"inLanguage\":\"eu\"},{\"@type\":\"Organization\",\"@id\":\"https:\\\/\\\/lauramolinapsicologia.com\\\/#organization\",\"name\":\"Laura Molina Psicolog\u00eda\",\"url\":\"https:\\\/\\\/lauramolinapsicologia.com\\\/\",\"logo\":{\"@type\":\"ImageObject\",\"inLanguage\":\"eu\",\"@id\":\"https:\\\/\\\/lauramolinapsicologia.com\\\/#\\\/schema\\\/logo\\\/image\\\/\",\"url\":\"https:\\\/\\\/lauramolinapsicologia.com\\\/wp-content\\\/uploads\\\/2025\\\/08\\\/cropped-Sin-titulo-1500-x-800-px-1-1.png\",\"contentUrl\":\"https:\\\/\\\/lauramolinapsicologia.com\\\/wp-content\\\/uploads\\\/2025\\\/08\\\/cropped-Sin-titulo-1500-x-800-px-1-1.png\",\"width\":732,\"height\":177,\"caption\":\"Laura Molina Psicolog\u00eda\"},\"image\":{\"@id\":\"https:\\\/\\\/lauramolinapsicologia.com\\\/#\\\/schema\\\/logo\\\/image\\\/\"}}]}<\/script>\n<!-- \/ Yoast SEO plugin. -->","yoast_head_json":{"title":"Terapia de pareja - Laura Molina Psicolog\u00eda","robots":{"index":"index","follow":"follow","max-snippet":"max-snippet:-1","max-image-preview":"max-image-preview:large","max-video-preview":"max-video-preview:-1"},"canonical":"https:\/\/lauramolinapsicologia.com\/eu\/terapia-de-pareja\/","og_locale":"en_US","og_type":"article","og_title":"Terapia de pareja - Laura Molina Psicolog\u00eda","og_description":"Terapia de pareja Un espacio donde os acompa\u00f1o a escucharos y comprenderos. \u00bfEn qu\u00e9 consiste la terapia de pareja? En las relaciones de pareja a veces surgen ciertas complicaciones como conflictos, dificultades en la comunicaci\u00f3n o sentir que algo no est\u00e1 funcionando. Afrontar estas situaciones sin apoyo puede volverse frustrante y desgastante. Por eso, la [&hellip;]","og_url":"https:\/\/lauramolinapsicologia.com\/eu\/terapia-de-pareja\/","og_site_name":"Laura Molina Psicolog\u00eda","article_modified_time":"2025-10-02T17:16:26+00:00","og_image":[{"width":1500,"height":1000,"url":"https:\/\/lauramolinapsicologia.com\/wp-content\/uploads\/2025\/08\/2149305211.jpg","type":"image\/jpeg"}],"twitter_card":"summary_large_image","twitter_misc":{"Est. reading time":"2 minutua"},"schema":{"@context":"https:\/\/schema.org","@graph":[{"@type":"WebPage","@id":"https:\/\/lauramolinapsicologia.com\/terapia-de-pareja\/","url":"https:\/\/lauramolinapsicologia.com\/terapia-de-pareja\/","name":"Terapia de pareja - Laura Molina Psicolog\u00eda","isPartOf":{"@id":"https:\/\/lauramolinapsicologia.com\/#website"},"primaryImageOfPage":{"@id":"https:\/\/lauramolinapsicologia.com\/terapia-de-pareja\/#primaryimage"},"image":{"@id":"https:\/\/lauramolinapsicologia.com\/terapia-de-pareja\/#primaryimage"},"thumbnailUrl":"https:\/\/lauramolinapsicologia.com\/wp-content\/uploads\/2025\/08\/2149305211.jpg","datePublished":"2025-07-03T16:20:04+00:00","dateModified":"2025-10-02T17:16:26+00:00","breadcrumb":{"@id":"https:\/\/lauramolinapsicologia.com\/terapia-de-pareja\/#breadcrumb"},"inLanguage":"eu","potentialAction":[{"@type":"ReadAction","target":["https:\/\/lauramolinapsicologia.com\/terapia-de-pareja\/"]}]},{"@type":"ImageObject","inLanguage":"eu","@id":"https:\/\/lauramolinapsicologia.com\/terapia-de-pareja\/#primaryimage","url":"https:\/\/lauramolinapsicologia.com\/wp-content\/uploads\/2025\/08\/2149305211.jpg","contentUrl":"https:\/\/lauramolinapsicologia.com\/wp-content\/uploads\/2025\/08\/2149305211.jpg"},{"@type":"BreadcrumbList","@id":"https:\/\/lauramolinapsicologia.com\/terapia-de-pareja\/#breadcrumb","itemListElement":[{"@type":"ListItem","position":1,"name":"Portada","item":"https:\/\/lauramolinapsicologia.com\/"},{"@type":"ListItem","position":2,"name":"Terapia de pareja"}]},{"@type":"WebSite","@id":"https:\/\/lauramolinapsicologia.com\/#website","url":"https:\/\/lauramolinapsicologia.com\/","name":"Laura Molina Psicolog\u00eda","description":"Psic\u00f3loga Sanitaria","publisher":{"@id":"https:\/\/lauramolinapsicologia.com\/#organization"},"potentialAction":[{"@type":"SearchAction","target":{"@type":"EntryPoint","urlTemplate":"https:\/\/lauramolinapsicologia.com\/?s={search_term_string}"},"query-input":{"@type":"PropertyValueSpecification","valueRequired":true,"valueName":"search_term_string"}}],"inLanguage":"eu"},{"@type":"Organization","@id":"https:\/\/lauramolinapsicologia.com\/#organization","name":"Laura Molina Psicolog\u00eda","url":"https:\/\/lauramolinapsicologia.com\/","logo":{"@type":"ImageObject","inLanguage":"eu","@id":"https:\/\/lauramolinapsicologia.com\/#\/schema\/logo\/image\/","url":"https:\/\/lauramolinapsicologia.com\/wp-content\/uploads\/2025\/08\/cropped-Sin-titulo-1500-x-800-px-1-1.png","contentUrl":"https:\/\/lauramolinapsicologia.com\/wp-content\/uploads\/2025\/08\/cropped-Sin-titulo-1500-x-800-px-1-1.png","width":732,"height":177,"caption":"Laura Molina Psicolog\u00eda"},"image":{"@id":"https:\/\/lauramolinapsicologia.com\/#\/schema\/logo\/image\/"}}]}},"_links":{"self":[{"href":"https:\/\/lauramolinapsicologia.com\/eu\/wp-json\/wp\/v2\/pages\/31","targetHints":{"allow":["GET"]}}],"collection":[{"href":"https:\/\/lauramolinapsicologia.com\/eu\/wp-json\/wp\/v2\/pages"}],"about":[{"href":"https:\/\/lauramolinapsicologia.com\/eu\/wp-json\/wp\/v2\/types\/page"}],"author":[{"embeddable":true,"href":"https:\/\/lauramolinapsicologia.com\/eu\/wp-json\/wp\/v2\/users\/1"}],"replies":[{"embeddable":true,"href":"https:\/\/lauramolinapsicologia.com\/eu\/wp-json\/wp\/v2\/comments?post=31"}],"version-history":[{"count":88,"href":"https:\/\/lauramolinapsicologia.com\/eu\/wp-json\/wp\/v2\/pages\/31\/revisions"}],"predecessor-version":[{"id":1865,"href":"https:\/\/lauramolinapsicologia.com\/eu\/wp-json\/wp\/v2\/pages\/31\/revisions\/1865"}],"wp:attachment":[{"href":"https:\/\/lauramolinapsicologia.com\/eu\/wp-json\/wp\/v2\/media?parent=31"}],"curies":[{"name":"wp","href":"https:\/\/api.w.org\/{rel}","templated":true}]}}