{"id":33,"date":"2025-07-03T16:20:21","date_gmt":"2025-07-03T16:20:21","guid":{"rendered":"https:\/\/lauramolinapsicologia.rkinformatika.online\/?page_id=33"},"modified":"2025-10-08T19:20:14","modified_gmt":"2025-10-08T19:20:14","slug":"terapia-infanto-juvenil","status":"publish","type":"page","link":"https:\/\/lauramolinapsicologia.com\/eu\/terapia-infanto-juvenil\/","title":{"rendered":"Haur eta gazteen terapia"},"content":{"rendered":"<div data-elementor-type=\"wp-page\" data-elementor-id=\"33\" class=\"elementor elementor-33\" data-elementor-post-type=\"page\">\n\t\t\t\t<div class=\"elementor-element elementor-element-50ffab2 e-con-full e-flex e-con e-parent\" data-id=\"50ffab2\" data-element_type=\"container\" data-e-type=\"container\" data-settings=\"{&quot;background_background&quot;:&quot;classic&quot;}\">\n\t\t\t\t<div class=\"elementor-element elementor-element-66d2390 elementor-widget elementor-widget-heading\" data-id=\"66d2390\" data-element_type=\"widget\" data-e-type=\"widget\" data-widget_type=\"heading.default\">\n\t\t\t\t\t<h2 class=\"elementor-heading-title elementor-size-default\">Haur eta gazteen terapia<\/h2>\t\t\t\t<\/div>\n\t\t\t\t<\/div>\n\t\t<div class=\"elementor-element elementor-element-b78e2fb e-flex e-con-boxed e-con e-parent\" data-id=\"b78e2fb\" data-element_type=\"container\" data-e-type=\"container\">\n\t\t\t\t\t<div class=\"e-con-inner\">\n\t\t\t\t<div class=\"elementor-element elementor-element-559e1bc elementor-widget elementor-widget-heading\" data-id=\"559e1bc\" data-element_type=\"widget\" data-e-type=\"widget\" data-widget_type=\"heading.default\">\n\t\t\t\t\t<h2 class=\"elementor-heading-title elementor-size-default\">Askatasunez adierazteko eta ulertuta sentitzeko gunea.<\/h2>\t\t\t\t<\/div>\n\t\t\t\t\t<\/div>\n\t\t\t\t<\/div>\n\t\t<div class=\"elementor-element elementor-element-11bd02e e-flex e-con-boxed e-con e-parent\" data-id=\"11bd02e\" data-element_type=\"container\" data-e-type=\"container\" data-settings=\"{&quot;background_background&quot;:&quot;classic&quot;}\">\n\t\t\t\t\t<div class=\"e-con-inner\">\n\t\t\t\t<div class=\"elementor-element elementor-element-1a4c12a elementor-widget elementor-widget-heading\" data-id=\"1a4c12a\" data-element_type=\"widget\" data-e-type=\"widget\" data-widget_type=\"heading.default\">\n\t\t\t\t\t<h2 class=\"elementor-heading-title elementor-size-default\">Zertan datza haur eta gazteentzako terapia?<\/h2>\t\t\t\t<\/div>\n\t\t\t\t\t<\/div>\n\t\t\t\t<\/div>\n\t\t<div class=\"elementor-element elementor-element-798c675 e-flex e-con-boxed e-con e-parent\" data-id=\"798c675\" data-element_type=\"container\" data-e-type=\"container\">\n\t\t\t\t\t<div class=\"e-con-inner\">\n\t\t<div class=\"elementor-element elementor-element-7c65dbe e-con-full e-flex e-con e-child\" data-id=\"7c65dbe\" data-element_type=\"container\" data-e-type=\"container\">\n\t\t\t\t<div class=\"elementor-element elementor-element-7aa4fcf elementor-widget-mobile__width-inherit elementor-widget elementor-widget-text-editor\" data-id=\"7aa4fcf\" data-element_type=\"widget\" data-e-type=\"widget\" data-widget_type=\"text-editor.default\">\n\t\t\t\t\t\t\t\t\t<p>Haurtzaroan eta nerabezaroan, normala da une zailak igarotzea. Batzuetan zaila izaten da barrutik zer gertatzen den ulertzea, hitzetan jartzea edo nola kudeatu jakitea, batez ere batez ere aldaketaz betetako garai hauetan. Psikoterapiak bere burua hobeto ezagutzen, emozioak kudeatzen eta tresnak eskuratzen lagun dezake, haurtzaroan eta nerabezaroan. Horrela, bizitzak planteatzen dituen erronkei modu kontzienteagoan eta orekatuagoan aurre egin ahalko da.<\/p>\t\t\t\t\t\t\t\t<\/div>\n\t\t\t\t<div class=\"elementor-element elementor-element-2c31405 elementor-align-center elementor-widget-mobile__width-inherit elementor-widget elementor-widget-button\" data-id=\"2c31405\" data-element_type=\"widget\" data-e-type=\"widget\" data-widget_type=\"button.default\">\n\t\t\t\t\t\t\t\t\t\t<a class=\"elementor-button elementor-button-link elementor-size-sm\" href=\"https:\/\/lauramolinapsicologia.com\/eu\/contacto\/\">\n\t\t\t\t\t\t<span class=\"elementor-button-content-wrapper\">\n\t\t\t\t\t\t\t\t\t<span class=\"elementor-button-text\">Hitzordua eskatu<\/span>\n\t\t\t\t\t<\/span>\n\t\t\t\t\t<\/a>\n\t\t\t\t\t\t\t\t<\/div>\n\t\t\t\t<\/div>\n\t\t<div class=\"elementor-element elementor-element-b9b8a3d e-con-full e-flex e-con e-child\" data-id=\"b9b8a3d\" data-element_type=\"container\" data-e-type=\"container\">\n\t\t\t\t<div class=\"elementor-element elementor-element-3987b55 elementor-widget__width-inherit elementor-widget elementor-widget-image\" data-id=\"3987b55\" data-element_type=\"widget\" data-e-type=\"widget\" data-settings=\"{&quot;_animation&quot;:&quot;none&quot;}\" data-widget_type=\"image.default\">\n\t\t\t\t\t\t\t\t\t\t\t\t\t\t\t<img fetchpriority=\"high\" decoding=\"async\" width=\"1536\" height=\"1024\" src=\"https:\/\/lauramolinapsicologia.com\/wp-content\/uploads\/2025\/10\/infanto-juvenil.png\" class=\"attachment-full size-full wp-image-1898\" alt=\"\" srcset=\"https:\/\/lauramolinapsicologia.com\/wp-content\/uploads\/2025\/10\/infanto-juvenil.png 1536w, https:\/\/lauramolinapsicologia.com\/wp-content\/uploads\/2025\/10\/infanto-juvenil-300x200.png 300w, https:\/\/lauramolinapsicologia.com\/wp-content\/uploads\/2025\/10\/infanto-juvenil-1024x683.png 1024w, https:\/\/lauramolinapsicologia.com\/wp-content\/uploads\/2025\/10\/infanto-juvenil-768x512.png 768w, https:\/\/lauramolinapsicologia.com\/wp-content\/uploads\/2025\/10\/infanto-juvenil-18x12.png 18w\" sizes=\"(max-width: 1536px) 100vw, 1536px\" \/>\t\t\t\t\t\t\t\t\t\t\t\t\t\t\t<\/div>\n\t\t\t\t<\/div>\n\t\t\t\t\t<\/div>\n\t\t\t\t<\/div>\n\t\t<div class=\"elementor-element elementor-element-277f1db e-flex e-con-boxed e-con e-parent\" data-id=\"277f1db\" data-element_type=\"container\" data-e-type=\"container\" data-settings=\"{&quot;background_background&quot;:&quot;classic&quot;}\">\n\t\t\t\t\t<div class=\"e-con-inner\">\n\t\t\t\t<div class=\"elementor-element elementor-element-6affe53 elementor-widget elementor-widget-heading\" data-id=\"6affe53\" data-element_type=\"widget\" data-e-type=\"widget\" data-widget_type=\"heading.default\">\n\t\t\t\t\t<h2 class=\"elementor-heading-title elementor-size-default\">Zertan lagun zaitzaket?\n<br><br>\nHaur eta nerabeekin tratatzen ditudan zailtasunetako batzuk honako hauek dira:<\/h2>\t\t\t\t<\/div>\n\t\t\t\t\t<\/div>\n\t\t\t\t<\/div>\n\t\t<div class=\"elementor-element elementor-element-900070d e-flex e-con-boxed e-con e-parent\" data-id=\"900070d\" data-element_type=\"container\" data-e-type=\"container\" data-settings=\"{&quot;background_background&quot;:&quot;classic&quot;}\">\n\t\t\t\t\t<div class=\"e-con-inner\">\n\t\t<div class=\"elementor-element elementor-element-1d4678a e-con-full e-flex e-con e-child\" data-id=\"1d4678a\" data-element_type=\"container\" data-e-type=\"container\">\n\t\t\t\t<div class=\"elementor-element elementor-element-fff034e elementor-widget elementor-widget-text-editor\" data-id=\"fff034e\" data-element_type=\"widget\" data-e-type=\"widget\" data-widget_type=\"text-editor.default\">\n\t\t\t\t\t\t\t\t\t<p>\u25cf Antsietatea, beldurrak, fobiak, obsesioak<\/p><p>\u25cf Estres akademikoa<\/p><p>\u25cf Gogo-aldarte baxua eta depresioa<\/p><p>\u25cf Elikadura-jokabidearen nahasmenduak, janariarekiko eta gorputz-irudiarekiko erlazioa<\/p><p>\u25cf Ikasteko zailtasunetako laguntza (Dislexia, AGN, AGHN)<\/p><p>\u25cf Emozioen kudeaketa<\/p><p>\u25cf Autoestimua eta segurtasun eza<\/p><p>\u25cf Doluak eta heriotza<\/p>\t\t\t\t\t\t\t\t<\/div>\n\t\t\t\t<\/div>\n\t\t<div class=\"elementor-element elementor-element-7c9eb53 e-con-full e-flex e-con e-child\" data-id=\"7c9eb53\" data-element_type=\"container\" data-e-type=\"container\">\n\t\t\t\t<div class=\"elementor-element elementor-element-d279b8a elementor-widget elementor-widget-text-editor\" data-id=\"d279b8a\" data-element_type=\"widget\" data-e-type=\"widget\" data-widget_type=\"text-editor.default\">\n\t\t\t\t\t\t\t\t\t<p>\u25cf Portaera-arazoak eta inpultsibotasuna<\/p><p>\u25cf Eskola-jazarpena<\/p><p>\u25cf Abilezia sozialak<\/p><p>\u25cf Atxikimendu eta mendekotasun emozionala<\/p><p>\u25cf Trauma<\/p><p>\u25cf Loaren nahasmenduak<\/p><p>\u25cf Dificultades en la relaci\u00f3n con iguales y\/o familiares<\/p><p>\u25cf Acompa\u00f1amiento en el proceso de separaci\u00f3n de los\/as progenitores<\/p>\t\t\t\t\t\t\t\t<\/div>\n\t\t\t\t<\/div>\n\t\t\t\t\t<\/div>\n\t\t\t\t<\/div>\n\t\t<div class=\"elementor-element elementor-element-4f990e5 e-flex e-con-boxed e-con e-parent\" data-id=\"4f990e5\" data-element_type=\"container\" data-e-type=\"container\" data-settings=\"{&quot;background_background&quot;:&quot;classic&quot;}\">\n\t\t\t\t\t<div class=\"e-con-inner\">\n\t\t\t\t<div class=\"elementor-element elementor-element-38ed587 elementor-widget elementor-widget-heading\" data-id=\"38ed587\" data-element_type=\"widget\" data-e-type=\"widget\" data-widget_type=\"heading.default\">\n\t\t\t\t\t<h2 class=\"elementor-heading-title elementor-size-default\">Nolakoa da haurren eta gazteen prozesu terapeutikoa?<\/h2>\t\t\t\t<\/div>\n\t\t\t\t\t<\/div>\n\t\t\t\t<\/div>\n\t\t<div class=\"elementor-element elementor-element-7325848 e-flex e-con-boxed e-con e-parent\" data-id=\"7325848\" data-element_type=\"container\" data-e-type=\"container\">\n\t\t\t\t\t<div class=\"e-con-inner\">\n\t\t\t\t<div class=\"elementor-element elementor-element-938be69 elementor-widget elementor-widget-text-editor\" data-id=\"938be69\" data-element_type=\"widget\" data-e-type=\"widget\" data-widget_type=\"text-editor.default\">\n\t\t\t\t\t\t\t\t\t<p>\u25cf <strong>Primer contacto<\/strong>.\u00a0Te contacto para resolver dudas, conocer el motivo de consulta y agendar la primera sesi\u00f3n. Podr\u00e1 ser a trav\u00e9s de tel\u00e9fono, Whatsapp o correo electr\u00f3nico, seg\u00fan lo que prefieras.<\/p><p>\u25cf <strong>Primera sesi\u00f3n<\/strong> (1 hora). Me re\u00fano con los\/as progenitores o tutores\/as legales para comprender la situaci\u00f3n del ni\u00f1o\/a o adolescente. Recogemos la informaci\u00f3n necesaria para conocer el motivo de consulta y establecer objetivos realistas del proceso terap\u00e9utico.<\/p><p>\u25cf <strong>Siguientes sesiones<\/strong> (1 hora). Comenzamos el trabajo terap\u00e9utico con el\/la menor adaptando las din\u00e1micas a su edad y necesidades. Durante el proceso, se podr\u00e1n programar sesiones con los\/as progenitores o tutores\/as legales para compartir avances, resolver dudas o trabajar aspectos espec\u00edficos del contexto familiar, respetando siempre la confidencialidad del menor.<\/p><p>\u25cf <strong>Frecuencia<\/strong>. Al comenzar el proceso terap\u00e9utico, suelo proponer una frecuencia semanal, que iremos ajustando progresivamente a quincenal o mensual seg\u00fan la evoluci\u00f3n y las necesidades del menor.<\/p><p>\u25cf <strong>Duraci\u00f3n<\/strong>. La duraci\u00f3n del proceso terap\u00e9utico variar\u00e1 en funci\u00f3n de la familia y el motivo de consulta.<\/p>\t\t\t\t\t\t\t\t<\/div>\n\t\t\t\t\t<\/div>\n\t\t\t\t<\/div>\n\t\t<div class=\"elementor-element elementor-element-d03da7d e-flex e-con-boxed e-con e-parent\" data-id=\"d03da7d\" data-element_type=\"container\" data-e-type=\"container\">\n\t\t\t\t\t<div class=\"e-con-inner\">\n\t\t\t\t<div class=\"elementor-element elementor-element-56391cf elementor-widget-divider--view-line elementor-widget elementor-widget-divider\" data-id=\"56391cf\" data-element_type=\"widget\" data-e-type=\"widget\" data-widget_type=\"divider.default\">\n\t\t\t\t\t\t\t<div class=\"elementor-divider\">\n\t\t\t<span class=\"elementor-divider-separator\">\n\t\t\t\t\t\t<\/span>\n\t\t<\/div>\n\t\t\t\t\t\t<\/div>\n\t\t\t\t<div class=\"elementor-element elementor-element-48e0019 elementor-widget elementor-widget-heading\" data-id=\"48e0019\" data-element_type=\"widget\" data-e-type=\"widget\" data-widget_type=\"heading.default\">\n\t\t\t\t\t<h2 class=\"elementor-heading-title elementor-size-default\">MODALITATEAK<\/h2>\t\t\t\t<\/div>\n\t\t\t\t\t<\/div>\n\t\t\t\t<\/div>\n\t\t<div class=\"elementor-element elementor-element-483c8b8 e-flex e-con-boxed e-con e-parent\" data-id=\"483c8b8\" data-element_type=\"container\" data-e-type=\"container\" data-settings=\"{&quot;background_background&quot;:&quot;classic&quot;}\">\n\t\t\t\t\t<div class=\"e-con-inner\">\n\t\t<div class=\"elementor-element elementor-element-13aef18 e-con-full e-flex e-con e-child\" data-id=\"13aef18\" data-element_type=\"container\" data-e-type=\"container\">\n\t\t\t\t<div class=\"elementor-element elementor-element-5daebc0 elementor-position-inline-start elementor-view-default elementor-mobile-position-block-start elementor-widget elementor-widget-icon-box\" data-id=\"5daebc0\" data-element_type=\"widget\" data-e-type=\"widget\" data-widget_type=\"icon-box.default\">\n\t\t\t\t\t\t\t<div class=\"elementor-icon-box-wrapper\">\n\n\t\t\t\t\t\t<div class=\"elementor-icon-box-icon\">\n\t\t\t\t<span  class=\"elementor-icon\">\n\t\t\t\t<svg aria-hidden=\"true\" class=\"e-font-icon-svg e-fas-user-friends\" viewbox=\"0 0 640 512\" xmlns=\"http:\/\/www.w3.org\/2000\/svg\"><path d=\"M192 256c61.9 0 112-50.1 112-112S253.9 32 192 32 80 82.1 80 144s50.1 112 112 112zm76.8 32h-8.3c-20.8 10-43.9 16-68.5 16s-47.6-6-68.5-16h-8.3C51.6 288 0 339.6 0 403.2V432c0 26.5 21.5 48 48 48h288c26.5 0 48-21.5 48-48v-28.8c0-63.6-51.6-115.2-115.2-115.2zM480 256c53 0 96-43 96-96s-43-96-96-96-96 43-96 96 43 96 96 96zm48 32h-3.8c-13.9 4.8-28.6 8-44.2 8s-30.3-3.2-44.2-8H432c-20.4 0-39.2 5.9-55.7 15.4 24.4 26.3 39.7 61.2 39.7 99.8v38.4c0 2.2-.5 4.3-.6 6.4H592c26.5 0 48-21.5 48-48 0-61.9-50.1-112-112-112z\"><\/path><\/svg>\t\t\t\t<\/span>\n\t\t\t<\/div>\n\t\t\t\n\t\t\t\t\t\t<div class=\"elementor-icon-box-content\">\n\n\t\t\t\t\t\t\t\t\t<h3 class=\"elementor-icon-box-title\">\n\t\t\t\t\t\t<span  >\n\t\t\t\t\t\t\tPRESENTZIALA\t\t\t\t\t\t<\/span>\n\t\t\t\t\t<\/h3>\n\t\t\t\t\n\t\t\t\t\t\t\t\t\t<p class=\"elementor-icon-box-description\">\n\t\t\t\t\t\tAlmudena Porres Salcesen Kontsulta<br><i>Ibaigane kalea 15, 1. saila. 4, 48930, Getxo (Bizkaia)<\/i>\t\t\t\t\t<\/p>\n\t\t\t\t\n\t\t\t<\/div>\n\t\t\t\n\t\t<\/div>\n\t\t\t\t\t\t<\/div>\n\t\t\t\t<\/div>\n\t\t<div class=\"elementor-element elementor-element-335736f e-con-full e-flex e-con e-child\" data-id=\"335736f\" data-element_type=\"container\" data-e-type=\"container\">\n\t\t\t\t<div class=\"elementor-element elementor-element-cc7e0d4 elementor-position-inline-start elementor-view-default elementor-mobile-position-block-start elementor-widget elementor-widget-icon-box\" data-id=\"cc7e0d4\" data-element_type=\"widget\" data-e-type=\"widget\" data-widget_type=\"icon-box.default\">\n\t\t\t\t\t\t\t<div class=\"elementor-icon-box-wrapper\">\n\n\t\t\t\t\t\t<div class=\"elementor-icon-box-icon\">\n\t\t\t\t<span  class=\"elementor-icon\">\n\t\t\t\t<svg aria-hidden=\"true\" class=\"e-font-icon-svg e-fas-desktop\" viewbox=\"0 0 576 512\" xmlns=\"http:\/\/www.w3.org\/2000\/svg\"><path d=\"M528 0H48C21.5 0 0 21.5 0 48v320c0 26.5 21.5 48 48 48h192l-16 48h-72c-13.3 0-24 10.7-24 24s10.7 24 24 24h272c13.3 0 24-10.7 24-24s-10.7-24-24-24h-72l-16-48h192c26.5 0 48-21.5 48-48V48c0-26.5-21.5-48-48-48zm-16 352H64V64h448v288z\"><\/path><\/svg>\t\t\t\t<\/span>\n\t\t\t<\/div>\n\t\t\t\n\t\t\t\t\t\t<div class=\"elementor-icon-box-content\">\n\n\t\t\t\t\t\t\t\t\t<h3 class=\"elementor-icon-box-title\">\n\t\t\t\t\t\t<span  >\n\t\t\t\t\t\t\tONLINE\t\t\t\t\t\t<\/span>\n\t\t\t\t\t<\/h3>\n\t\t\t\t\n\t\t\t\t\t\t\t\t\t<p class=\"elementor-icon-box-description\">\n\t\t\t\t\t\tA trav\u00e9s de m\u00e9todos seguros y confidenciales.\t\t\t\t\t<\/p>\n\t\t\t\t\n\t\t\t<\/div>\n\t\t\t\n\t\t<\/div>\n\t\t\t\t\t\t<\/div>\n\t\t\t\t<\/div>\n\t\t\t\t\t<\/div>\n\t\t\t\t<\/div>\n\t\t<div class=\"elementor-element elementor-element-8e7482b e-flex e-con-boxed e-con e-parent\" data-id=\"8e7482b\" data-element_type=\"container\" data-e-type=\"container\">\n\t\t\t\t\t<div class=\"e-con-inner\">\n\t\t\t\t<div class=\"elementor-element elementor-element-a998380 elementor-widget-divider--view-line elementor-widget elementor-widget-divider\" data-id=\"a998380\" data-element_type=\"widget\" data-e-type=\"widget\" data-widget_type=\"divider.default\">\n\t\t\t\t\t\t\t<div class=\"elementor-divider\">\n\t\t\t<span class=\"elementor-divider-separator\">\n\t\t\t\t\t\t<\/span>\n\t\t<\/div>\n\t\t\t\t\t\t<\/div>\n\t\t\t\t\t<\/div>\n\t\t\t\t<\/div>\n\t\t\t\t<\/div>","protected":false},"excerpt":{"rendered":"<p>Terapia infanto-juvenil Un espacio donde expresarse libremente y sentirse comprendido\/a. \u00bfEn qu\u00e9 consiste la terapia infanto-juvenil? A lo largo de la infancia y la adolescencia, es normal atravesar momentos dif\u00edciles. A veces cuesta entender lo que pasa por dentro, ponerlo en palabras o saber c\u00f3mo manejarlo, sobre todo en estas etapas marcadas por el cambio. [&hellip;]<\/p>\n","protected":false},"author":1,"featured_media":0,"parent":0,"menu_order":0,"comment_status":"closed","ping_status":"closed","template":"elementor_canvas","meta":{"footnotes":""},"class_list":["post-33","page","type-page","status-publish","hentry"],"yoast_head":"<!-- This site is optimized with the Yoast SEO plugin v27.5 - https:\/\/yoast.com\/product\/yoast-seo-wordpress\/ -->\n<title>Terapia infanto-juvenil - Laura Molina Psicolog\u00eda<\/title>\n<meta name=\"robots\" content=\"index, follow, max-snippet:-1, max-image-preview:large, max-video-preview:-1\" \/>\n<link rel=\"canonical\" href=\"https:\/\/lauramolinapsicologia.com\/eu\/terapia-infanto-juvenil\/\" \/>\n<meta property=\"og:locale\" content=\"en_US\" \/>\n<meta property=\"og:type\" content=\"article\" \/>\n<meta property=\"og:title\" content=\"Terapia infanto-juvenil - Laura Molina Psicolog\u00eda\" \/>\n<meta property=\"og:description\" content=\"Terapia infanto-juvenil Un espacio donde expresarse libremente y sentirse comprendido\/a. \u00bfEn qu\u00e9 consiste la terapia infanto-juvenil? A lo largo de la infancia y la adolescencia, es normal atravesar momentos dif\u00edciles. A veces cuesta entender lo que pasa por dentro, ponerlo en palabras o saber c\u00f3mo manejarlo, sobre todo en estas etapas marcadas por el cambio. [&hellip;]\" \/>\n<meta property=\"og:url\" content=\"https:\/\/lauramolinapsicologia.com\/eu\/terapia-infanto-juvenil\/\" \/>\n<meta property=\"og:site_name\" content=\"Laura Molina Psicolog\u00eda\" \/>\n<meta property=\"article:modified_time\" content=\"2025-10-08T19:20:14+00:00\" \/>\n<meta property=\"og:image\" content=\"https:\/\/lauramolinapsicologia.com\/wp-content\/uploads\/2025\/10\/infanto-juvenil.png\" \/>\n<meta name=\"twitter:card\" content=\"summary_large_image\" \/>\n<meta name=\"twitter:label1\" content=\"Est. reading time\" \/>\n\t<meta name=\"twitter:data1\" content=\"2 minutua\" \/>\n<script type=\"application\/ld+json\" class=\"yoast-schema-graph\">{\"@context\":\"https:\\\/\\\/schema.org\",\"@graph\":[{\"@type\":\"WebPage\",\"@id\":\"https:\\\/\\\/lauramolinapsicologia.com\\\/terapia-infanto-juvenil\\\/\",\"url\":\"https:\\\/\\\/lauramolinapsicologia.com\\\/terapia-infanto-juvenil\\\/\",\"name\":\"Terapia infanto-juvenil - Laura Molina Psicolog\u00eda\",\"isPartOf\":{\"@id\":\"https:\\\/\\\/lauramolinapsicologia.com\\\/#website\"},\"primaryImageOfPage\":{\"@id\":\"https:\\\/\\\/lauramolinapsicologia.com\\\/terapia-infanto-juvenil\\\/#primaryimage\"},\"image\":{\"@id\":\"https:\\\/\\\/lauramolinapsicologia.com\\\/terapia-infanto-juvenil\\\/#primaryimage\"},\"thumbnailUrl\":\"https:\\\/\\\/lauramolinapsicologia.com\\\/wp-content\\\/uploads\\\/2025\\\/10\\\/infanto-juvenil.png\",\"datePublished\":\"2025-07-03T16:20:21+00:00\",\"dateModified\":\"2025-10-08T19:20:14+00:00\",\"breadcrumb\":{\"@id\":\"https:\\\/\\\/lauramolinapsicologia.com\\\/terapia-infanto-juvenil\\\/#breadcrumb\"},\"inLanguage\":\"eu\",\"potentialAction\":[{\"@type\":\"ReadAction\",\"target\":[\"https:\\\/\\\/lauramolinapsicologia.com\\\/terapia-infanto-juvenil\\\/\"]}]},{\"@type\":\"ImageObject\",\"inLanguage\":\"eu\",\"@id\":\"https:\\\/\\\/lauramolinapsicologia.com\\\/terapia-infanto-juvenil\\\/#primaryimage\",\"url\":\"https:\\\/\\\/lauramolinapsicologia.com\\\/wp-content\\\/uploads\\\/2025\\\/10\\\/infanto-juvenil.png\",\"contentUrl\":\"https:\\\/\\\/lauramolinapsicologia.com\\\/wp-content\\\/uploads\\\/2025\\\/10\\\/infanto-juvenil.png\"},{\"@type\":\"BreadcrumbList\",\"@id\":\"https:\\\/\\\/lauramolinapsicologia.com\\\/terapia-infanto-juvenil\\\/#breadcrumb\",\"itemListElement\":[{\"@type\":\"ListItem\",\"position\":1,\"name\":\"Portada\",\"item\":\"https:\\\/\\\/lauramolinapsicologia.com\\\/\"},{\"@type\":\"ListItem\",\"position\":2,\"name\":\"Terapia infanto-juvenil\"}]},{\"@type\":\"WebSite\",\"@id\":\"https:\\\/\\\/lauramolinapsicologia.com\\\/#website\",\"url\":\"https:\\\/\\\/lauramolinapsicologia.com\\\/\",\"name\":\"Laura Molina Psicolog\u00eda\",\"description\":\"Psic\u00f3loga Sanitaria\",\"publisher\":{\"@id\":\"https:\\\/\\\/lauramolinapsicologia.com\\\/#organization\"},\"potentialAction\":[{\"@type\":\"SearchAction\",\"target\":{\"@type\":\"EntryPoint\",\"urlTemplate\":\"https:\\\/\\\/lauramolinapsicologia.com\\\/?s={search_term_string}\"},\"query-input\":{\"@type\":\"PropertyValueSpecification\",\"valueRequired\":true,\"valueName\":\"search_term_string\"}}],\"inLanguage\":\"eu\"},{\"@type\":\"Organization\",\"@id\":\"https:\\\/\\\/lauramolinapsicologia.com\\\/#organization\",\"name\":\"Laura Molina Psicolog\u00eda\",\"url\":\"https:\\\/\\\/lauramolinapsicologia.com\\\/\",\"logo\":{\"@type\":\"ImageObject\",\"inLanguage\":\"eu\",\"@id\":\"https:\\\/\\\/lauramolinapsicologia.com\\\/#\\\/schema\\\/logo\\\/image\\\/\",\"url\":\"https:\\\/\\\/lauramolinapsicologia.com\\\/wp-content\\\/uploads\\\/2025\\\/08\\\/cropped-Sin-titulo-1500-x-800-px-1-1.png\",\"contentUrl\":\"https:\\\/\\\/lauramolinapsicologia.com\\\/wp-content\\\/uploads\\\/2025\\\/08\\\/cropped-Sin-titulo-1500-x-800-px-1-1.png\",\"width\":732,\"height\":177,\"caption\":\"Laura Molina Psicolog\u00eda\"},\"image\":{\"@id\":\"https:\\\/\\\/lauramolinapsicologia.com\\\/#\\\/schema\\\/logo\\\/image\\\/\"}}]}<\/script>\n<!-- \/ Yoast SEO plugin. -->","yoast_head_json":{"title":"Terapia infanto-juvenil - Laura Molina Psicolog\u00eda","robots":{"index":"index","follow":"follow","max-snippet":"max-snippet:-1","max-image-preview":"max-image-preview:large","max-video-preview":"max-video-preview:-1"},"canonical":"https:\/\/lauramolinapsicologia.com\/eu\/terapia-infanto-juvenil\/","og_locale":"en_US","og_type":"article","og_title":"Terapia infanto-juvenil - Laura Molina Psicolog\u00eda","og_description":"Terapia infanto-juvenil Un espacio donde expresarse libremente y sentirse comprendido\/a. \u00bfEn qu\u00e9 consiste la terapia infanto-juvenil? A lo largo de la infancia y la adolescencia, es normal atravesar momentos dif\u00edciles. A veces cuesta entender lo que pasa por dentro, ponerlo en palabras o saber c\u00f3mo manejarlo, sobre todo en estas etapas marcadas por el cambio. [&hellip;]","og_url":"https:\/\/lauramolinapsicologia.com\/eu\/terapia-infanto-juvenil\/","og_site_name":"Laura Molina Psicolog\u00eda","article_modified_time":"2025-10-08T19:20:14+00:00","og_image":[{"url":"https:\/\/lauramolinapsicologia.com\/wp-content\/uploads\/2025\/10\/infanto-juvenil.png","type":"","width":"","height":""}],"twitter_card":"summary_large_image","twitter_misc":{"Est. reading time":"2 minutua"},"schema":{"@context":"https:\/\/schema.org","@graph":[{"@type":"WebPage","@id":"https:\/\/lauramolinapsicologia.com\/terapia-infanto-juvenil\/","url":"https:\/\/lauramolinapsicologia.com\/terapia-infanto-juvenil\/","name":"Terapia infanto-juvenil - Laura Molina Psicolog\u00eda","isPartOf":{"@id":"https:\/\/lauramolinapsicologia.com\/#website"},"primaryImageOfPage":{"@id":"https:\/\/lauramolinapsicologia.com\/terapia-infanto-juvenil\/#primaryimage"},"image":{"@id":"https:\/\/lauramolinapsicologia.com\/terapia-infanto-juvenil\/#primaryimage"},"thumbnailUrl":"https:\/\/lauramolinapsicologia.com\/wp-content\/uploads\/2025\/10\/infanto-juvenil.png","datePublished":"2025-07-03T16:20:21+00:00","dateModified":"2025-10-08T19:20:14+00:00","breadcrumb":{"@id":"https:\/\/lauramolinapsicologia.com\/terapia-infanto-juvenil\/#breadcrumb"},"inLanguage":"eu","potentialAction":[{"@type":"ReadAction","target":["https:\/\/lauramolinapsicologia.com\/terapia-infanto-juvenil\/"]}]},{"@type":"ImageObject","inLanguage":"eu","@id":"https:\/\/lauramolinapsicologia.com\/terapia-infanto-juvenil\/#primaryimage","url":"https:\/\/lauramolinapsicologia.com\/wp-content\/uploads\/2025\/10\/infanto-juvenil.png","contentUrl":"https:\/\/lauramolinapsicologia.com\/wp-content\/uploads\/2025\/10\/infanto-juvenil.png"},{"@type":"BreadcrumbList","@id":"https:\/\/lauramolinapsicologia.com\/terapia-infanto-juvenil\/#breadcrumb","itemListElement":[{"@type":"ListItem","position":1,"name":"Portada","item":"https:\/\/lauramolinapsicologia.com\/"},{"@type":"ListItem","position":2,"name":"Terapia infanto-juvenil"}]},{"@type":"WebSite","@id":"https:\/\/lauramolinapsicologia.com\/#website","url":"https:\/\/lauramolinapsicologia.com\/","name":"Laura Molina Psicolog\u00eda","description":"Psic\u00f3loga Sanitaria","publisher":{"@id":"https:\/\/lauramolinapsicologia.com\/#organization"},"potentialAction":[{"@type":"SearchAction","target":{"@type":"EntryPoint","urlTemplate":"https:\/\/lauramolinapsicologia.com\/?s={search_term_string}"},"query-input":{"@type":"PropertyValueSpecification","valueRequired":true,"valueName":"search_term_string"}}],"inLanguage":"eu"},{"@type":"Organization","@id":"https:\/\/lauramolinapsicologia.com\/#organization","name":"Laura Molina Psicolog\u00eda","url":"https:\/\/lauramolinapsicologia.com\/","logo":{"@type":"ImageObject","inLanguage":"eu","@id":"https:\/\/lauramolinapsicologia.com\/#\/schema\/logo\/image\/","url":"https:\/\/lauramolinapsicologia.com\/wp-content\/uploads\/2025\/08\/cropped-Sin-titulo-1500-x-800-px-1-1.png","contentUrl":"https:\/\/lauramolinapsicologia.com\/wp-content\/uploads\/2025\/08\/cropped-Sin-titulo-1500-x-800-px-1-1.png","width":732,"height":177,"caption":"Laura Molina Psicolog\u00eda"},"image":{"@id":"https:\/\/lauramolinapsicologia.com\/#\/schema\/logo\/image\/"}}]}},"_links":{"self":[{"href":"https:\/\/lauramolinapsicologia.com\/eu\/wp-json\/wp\/v2\/pages\/33","targetHints":{"allow":["GET"]}}],"collection":[{"href":"https:\/\/lauramolinapsicologia.com\/eu\/wp-json\/wp\/v2\/pages"}],"about":[{"href":"https:\/\/lauramolinapsicologia.com\/eu\/wp-json\/wp\/v2\/types\/page"}],"author":[{"embeddable":true,"href":"https:\/\/lauramolinapsicologia.com\/eu\/wp-json\/wp\/v2\/users\/1"}],"replies":[{"embeddable":true,"href":"https:\/\/lauramolinapsicologia.com\/eu\/wp-json\/wp\/v2\/comments?post=33"}],"version-history":[{"count":91,"href":"https:\/\/lauramolinapsicologia.com\/eu\/wp-json\/wp\/v2\/pages\/33\/revisions"}],"predecessor-version":[{"id":1901,"href":"https:\/\/lauramolinapsicologia.com\/eu\/wp-json\/wp\/v2\/pages\/33\/revisions\/1901"}],"wp:attachment":[{"href":"https:\/\/lauramolinapsicologia.com\/eu\/wp-json\/wp\/v2\/media?parent=33"}],"curies":[{"name":"wp","href":"https:\/\/api.w.org\/{rel}","templated":true}]}}