{"id":35,"date":"2025-07-03T16:20:42","date_gmt":"2025-07-03T16:20:42","guid":{"rendered":"https:\/\/lauramolinapsicologia.rkinformatika.online\/?page_id=35"},"modified":"2025-10-02T17:18:37","modified_gmt":"2025-10-02T17:18:37","slug":"psiconutricion","status":"publish","type":"page","link":"https:\/\/lauramolinapsicologia.com\/eu\/psiconutricion\/","title":{"rendered":"Psikonutrizioa"},"content":{"rendered":"<div data-elementor-type=\"wp-page\" data-elementor-id=\"35\" class=\"elementor elementor-35\" data-elementor-post-type=\"page\">\n\t\t\t\t<div class=\"elementor-element elementor-element-ada8b92 e-con-full e-flex e-con e-parent\" data-id=\"ada8b92\" data-element_type=\"container\" data-e-type=\"container\" data-settings=\"{&quot;background_background&quot;:&quot;classic&quot;}\">\n\t\t\t\t<div class=\"elementor-element elementor-element-a2ac96c elementor-widget elementor-widget-heading\" data-id=\"a2ac96c\" data-element_type=\"widget\" data-e-type=\"widget\" data-widget_type=\"heading.default\">\n\t\t\t\t\t<h2 class=\"elementor-heading-title elementor-size-default\">Psikonutrizioa<\/h2>\t\t\t\t<\/div>\n\t\t\t\t<\/div>\n\t\t<div class=\"elementor-element elementor-element-ba8a5b2 e-flex e-con-boxed e-con e-parent\" data-id=\"ba8a5b2\" data-element_type=\"container\" data-e-type=\"container\">\n\t\t\t\t\t<div class=\"e-con-inner\">\n\t\t\t\t<div class=\"elementor-element elementor-element-f8323ed elementor-widget elementor-widget-heading\" data-id=\"f8323ed\" data-element_type=\"widget\" data-e-type=\"widget\" data-widget_type=\"heading.default\">\n\t\t\t\t\t<h2 class=\"elementor-heading-title elementor-size-default\">Janariarekin eta zure gorputzarekin adiskidetzeko gune bat.<\/h2>\t\t\t\t<\/div>\n\t\t\t\t\t<\/div>\n\t\t\t\t<\/div>\n\t\t<div class=\"elementor-element elementor-element-88092ab e-flex e-con-boxed e-con e-parent\" data-id=\"88092ab\" data-element_type=\"container\" data-e-type=\"container\" data-settings=\"{&quot;background_background&quot;:&quot;classic&quot;}\">\n\t\t\t\t\t<div class=\"e-con-inner\">\n\t\t\t\t<div class=\"elementor-element elementor-element-0a6be76 elementor-widget elementor-widget-heading\" data-id=\"0a6be76\" data-element_type=\"widget\" data-e-type=\"widget\" data-widget_type=\"heading.default\">\n\t\t\t\t\t<h2 class=\"elementor-heading-title elementor-size-default\">Zertan datza psikonutrizioan laguntzea?<\/h2>\t\t\t\t<\/div>\n\t\t\t\t\t<\/div>\n\t\t\t\t<\/div>\n\t\t<div class=\"elementor-element elementor-element-b5a9fb0 e-flex e-con-boxed e-con e-parent\" data-id=\"b5a9fb0\" data-element_type=\"container\" data-e-type=\"container\">\n\t\t\t\t\t<div class=\"e-con-inner\">\n\t\t<div class=\"elementor-element elementor-element-63abe30 e-con-full e-flex e-con e-child\" data-id=\"63abe30\" data-element_type=\"container\" data-e-type=\"container\">\n\t\t\t\t<div class=\"elementor-element elementor-element-75f2c34 elementor-widget elementor-widget-text-editor\" data-id=\"75f2c34\" data-element_type=\"widget\" data-e-type=\"widget\" data-widget_type=\"text-editor.default\">\n\t\t\t\t\t\t\t\t\t<p>Psikonutrizioa psikologia eta nutrizioa elkartzen dituen ikuspegi integrala da, janariarekin, gorputzarekin eta zeure buruarekin duzun harremana eraldatzen laguntzeko. Zerbitzu honetan, nire lankide <a href=\"https:\/\/www.instagram.com\/yotambiencomochocolate\/\">June Ares Ortega<\/a> rekin (dietista-nutrizionista) lan egiten dut, laguntza osoa eta koordinatua eskaintzeko.<\/p><p>Espazio hau zuretzat pentsatuta dago, zure elikadura-portaera hobeto ulertu nahi baduzu eta errua eta murrizketak atzean utzi nahi badituzu. Gainera, kontzienteago, errukitsuago eta epaiketarik gabeko leku batetik zaintzen ikasiko duzu. Izan ere, zer jaten duzun ez ezik, nola, noiz eta zergatik jaten duzun ere garrantzitsua da.<\/p><p>Alde psikologikoaren eta nutrizionalaren arteko lankidetzaren bidez, dietarik gabeko ikuspegia jarraituz eta elikadura intuitiboan oinarrituta, laguntza pertsonalizatua sortzen dugu, zuregana eta zure beharretara egokituko dena. Zure gose- eta asetasun-seinaleekin berriz konektatzen, jateko plazera berreskuratzen, gose emozionala identifikatzen eta erabakiak norberaren zaintzatik hartzen laguntzen dizugu, ez murrizketatik edo errutik. Hemen kontua ez da kontrola, entzutea, kontzientzia eta errukia baizik.<\/p>\t\t\t\t\t\t\t\t<\/div>\n\t\t\t\t<div class=\"elementor-element elementor-element-7f2360d elementor-align-center elementor-widget-mobile__width-inherit elementor-widget elementor-widget-button\" data-id=\"7f2360d\" data-element_type=\"widget\" data-e-type=\"widget\" data-widget_type=\"button.default\">\n\t\t\t\t\t\t\t\t\t\t<a class=\"elementor-button elementor-button-link elementor-size-sm\" href=\"https:\/\/lauramolinapsicologia.com\/eu\/contacto\/\">\n\t\t\t\t\t\t<span class=\"elementor-button-content-wrapper\">\n\t\t\t\t\t\t\t\t\t<span class=\"elementor-button-text\">Hitzordua eskatu<\/span>\n\t\t\t\t\t<\/span>\n\t\t\t\t\t<\/a>\n\t\t\t\t\t\t\t\t<\/div>\n\t\t\t\t<\/div>\n\t\t<div class=\"elementor-element elementor-element-cf5e098 e-con-full e-flex e-con e-child\" data-id=\"cf5e098\" data-element_type=\"container\" data-e-type=\"container\">\n\t\t\t\t<div class=\"elementor-element elementor-element-765dc18 elementor-widget elementor-widget-image\" data-id=\"765dc18\" data-element_type=\"widget\" data-e-type=\"widget\" data-settings=\"{&quot;_animation&quot;:&quot;none&quot;}\" data-widget_type=\"image.default\">\n\t\t\t\t\t\t\t\t\t\t\t\t\t\t\t<img fetchpriority=\"high\" decoding=\"async\" width=\"1248\" height=\"832\" src=\"https:\/\/lauramolinapsicologia.com\/wp-content\/uploads\/2025\/07\/Psiconutricion.png\" class=\"attachment-full size-full wp-image-381\" alt=\"\" srcset=\"https:\/\/lauramolinapsicologia.com\/wp-content\/uploads\/2025\/07\/Psiconutricion.png 1248w, https:\/\/lauramolinapsicologia.com\/wp-content\/uploads\/2025\/07\/Psiconutricion-300x200.png 300w\" sizes=\"(max-width: 1248px) 100vw, 1248px\" \/>\t\t\t\t\t\t\t\t\t\t\t\t\t\t\t<\/div>\n\t\t\t\t<\/div>\n\t\t\t\t\t<\/div>\n\t\t\t\t<\/div>\n\t\t<div class=\"elementor-element elementor-element-17f1d23 e-flex e-con-boxed e-con e-parent\" data-id=\"17f1d23\" data-element_type=\"container\" data-e-type=\"container\" data-settings=\"{&quot;background_background&quot;:&quot;classic&quot;}\">\n\t\t\t\t\t<div class=\"e-con-inner\">\n\t\t\t\t<div class=\"elementor-element elementor-element-70a7e07 elementor-widget elementor-widget-heading\" data-id=\"70a7e07\" data-element_type=\"widget\" data-e-type=\"widget\" data-widget_type=\"heading.default\">\n\t\t\t\t\t<h2 class=\"elementor-heading-title elementor-size-default\">Zertan lagun zaitzakegu?\n<br><br>\nHauek dira gehien tratatzen ditugun arazoetako batzuk:<\/h2>\t\t\t\t<\/div>\n\t\t\t\t\t<\/div>\n\t\t\t\t<\/div>\n\t\t<div class=\"elementor-element elementor-element-d1719d3 e-flex e-con-boxed e-con e-parent\" data-id=\"d1719d3\" data-element_type=\"container\" data-e-type=\"container\" data-settings=\"{&quot;background_background&quot;:&quot;classic&quot;}\">\n\t\t\t\t\t<div class=\"e-con-inner\">\n\t\t<div class=\"elementor-element elementor-element-5a0b229 e-con-full e-flex e-con e-child\" data-id=\"5a0b229\" data-element_type=\"container\" data-e-type=\"container\">\n\t\t\t\t<div class=\"elementor-element elementor-element-9265e43 elementor-widget elementor-widget-text-editor\" data-id=\"9265e43\" data-element_type=\"widget\" data-e-type=\"widget\" data-widget_type=\"text-editor.default\">\n\t\t\t\t\t\t\t\t\t<p>\u25cf Elikadura-jokabidearen nahasmenduak<\/p><p>\u25cf Harreman txarra janariarekin edota gorputz-irudiarekin<\/p><p>\u25cf Hambre emocional: comer por ansiedad, aburrimiento o emociones desagradables\u00a0<\/p><p>\u25cf Betekadak edo elikadura-kontrol eza<\/p><p>\u25cf Zorroztasuna eta murrizketa elikaduran<\/p><p>\u25cf Jarduera fisikoarekiko harreman ez-osasungarria<\/p>\t\t\t\t\t\t\t\t<\/div>\n\t\t\t\t<\/div>\n\t\t<div class=\"elementor-element elementor-element-53c7c33 e-con-full e-flex e-con e-child\" data-id=\"53c7c33\" data-element_type=\"container\" data-e-type=\"container\">\n\t\t\t\t<div class=\"elementor-element elementor-element-dfdd703 elementor-widget elementor-widget-text-editor\" data-id=\"dfdd703\" data-element_type=\"widget\" data-e-type=\"widget\" data-widget_type=\"text-editor.default\">\n\t\t\t\t\t\t\t\t\t<p>\u25cf Cultura de la dieta y efecto yoy\u00f3 (o efecto rebote)<\/p><p>\u25cf Autoestimua eta segurtasun eza<\/p><p>\u25cf Digestio-arazoetan laguntzea<\/p><p>\u25cf Gose- eta asetasun-seinaleak identifikatzeko zailtasuna<\/p><p>\u25cf Arrazoi medikoengatik elikadura aldatzeko prozesuetan laguntzea<\/p>\t\t\t\t\t\t\t\t<\/div>\n\t\t\t\t<\/div>\n\t\t\t\t\t<\/div>\n\t\t\t\t<\/div>\n\t\t<div class=\"elementor-element elementor-element-45c4f09 e-flex e-con-boxed e-con e-parent\" data-id=\"45c4f09\" data-element_type=\"container\" data-e-type=\"container\" data-settings=\"{&quot;background_background&quot;:&quot;classic&quot;}\">\n\t\t\t\t\t<div class=\"e-con-inner\">\n\t\t\t\t<div class=\"elementor-element elementor-element-244c3fe elementor-widget elementor-widget-heading\" data-id=\"244c3fe\" data-element_type=\"widget\" data-e-type=\"widget\" data-widget_type=\"heading.default\">\n\t\t\t\t\t<h2 class=\"elementor-heading-title elementor-size-default\">Nolakoa da psikonutrizioko prozesua?<\/h2>\t\t\t\t<\/div>\n\t\t\t\t\t<\/div>\n\t\t\t\t<\/div>\n\t\t<div class=\"elementor-element elementor-element-bcb9328 e-flex e-con-boxed e-con e-parent\" data-id=\"bcb9328\" data-element_type=\"container\" data-e-type=\"container\">\n\t\t\t\t\t<div class=\"e-con-inner\">\n\t\t\t\t<div class=\"elementor-element elementor-element-d428303 elementor-widget elementor-widget-text-editor\" data-id=\"d428303\" data-element_type=\"widget\" data-e-type=\"widget\" data-widget_type=\"text-editor.default\">\n\t\t\t\t\t\t\t\t\t<p>\u25cf <strong>Primer contacto<\/strong>. Te contactamos para resolver dudas, conocer el motivo de consulta y agendar la primera sesi\u00f3n. Podr\u00e1 ser a trav\u00e9s de tel\u00e9fono, WhatsApp o correo electr\u00f3nico, seg\u00fan lo que prefieras.<\/p><p>\u25cf <strong>Evaluaci\u00f3n inicial<\/strong>. Tendr\u00e1s una primera sesi\u00f3n con la psic\u00f3loga y otra con la nutricionista. Despu\u00e9s, nos reunimos como equipo para analizar tu historia con la alimentaci\u00f3n, el cuerpo, las dietas, el ejercicio y la gesti\u00f3n emocional, as\u00ed como tus h\u00e1bitos actuales, dificultades y objetivos. Con esa informaci\u00f3n, valoraremos si lo m\u00e1s adecuado para ti es comenzar por un acompa\u00f1amiento psicol\u00f3gico, nutricional o un abordaje conjunto.<\/p><p>\u25cf <strong>Intervenci\u00f3n personalizada<\/strong>. Dise\u00f1amos un acompa\u00f1amiento adaptado a ti: sesiones individuales, nutricionales y\/o psicol\u00f3gicas donde trabajaremos aspectos emocionales, patrones de conducta, creencias alimentarias y h\u00e1bitos nutricionales. Siempre desde el respeto, la escucha y la compasi\u00f3n.<\/p><p>\u25cf <strong>Frecuencia<\/strong>. La frecuencia de las sesiones variar\u00e1 en funci\u00f3n del caso y de lo que acordemos tras la reuni\u00f3n de equipo. Por lo general, al comenzar el proceso en psiconutrici\u00f3n, solemos proponer una frecuencia semanal o quincenal, que iremos ajustando progresivamente seg\u00fan la evoluci\u00f3n y tus necesidades.<\/p><p>\u25cf <strong>Duraci\u00f3n<\/strong>. La duraci\u00f3n del proceso terap\u00e9utico y nutricional variar\u00e1 en funci\u00f3n de la persona y el motivo de consulta.<\/p>\t\t\t\t\t\t\t\t<\/div>\n\t\t\t\t\t<\/div>\n\t\t\t\t<\/div>\n\t\t<div class=\"elementor-element elementor-element-3db58b2 e-flex e-con-boxed e-con e-parent\" data-id=\"3db58b2\" data-element_type=\"container\" data-e-type=\"container\">\n\t\t\t\t\t<div class=\"e-con-inner\">\n\t\t\t\t<div class=\"elementor-element elementor-element-ea3c662 elementor-widget-divider--view-line elementor-widget elementor-widget-divider\" data-id=\"ea3c662\" data-element_type=\"widget\" data-e-type=\"widget\" data-widget_type=\"divider.default\">\n\t\t\t\t\t\t\t<div class=\"elementor-divider\">\n\t\t\t<span class=\"elementor-divider-separator\">\n\t\t\t\t\t\t<\/span>\n\t\t<\/div>\n\t\t\t\t\t\t<\/div>\n\t\t\t\t<div class=\"elementor-element elementor-element-b61356c elementor-widget elementor-widget-heading\" data-id=\"b61356c\" data-element_type=\"widget\" data-e-type=\"widget\" data-widget_type=\"heading.default\">\n\t\t\t\t\t<h2 class=\"elementor-heading-title elementor-size-default\">MODALITATEAK<\/h2>\t\t\t\t<\/div>\n\t\t\t\t\t<\/div>\n\t\t\t\t<\/div>\n\t\t<div class=\"elementor-element elementor-element-ce5c582 e-flex e-con-boxed e-con e-parent\" data-id=\"ce5c582\" data-element_type=\"container\" data-e-type=\"container\" data-settings=\"{&quot;background_background&quot;:&quot;classic&quot;}\">\n\t\t\t\t\t<div class=\"e-con-inner\">\n\t\t<div class=\"elementor-element elementor-element-c1bae3b e-con-full e-flex e-con e-child\" data-id=\"c1bae3b\" data-element_type=\"container\" data-e-type=\"container\">\n\t\t\t\t<div class=\"elementor-element elementor-element-67155ed elementor-position-inline-start elementor-view-default elementor-mobile-position-block-start elementor-widget elementor-widget-icon-box\" data-id=\"67155ed\" data-element_type=\"widget\" data-e-type=\"widget\" data-widget_type=\"icon-box.default\">\n\t\t\t\t\t\t\t<div class=\"elementor-icon-box-wrapper\">\n\n\t\t\t\t\t\t<div class=\"elementor-icon-box-icon\">\n\t\t\t\t<span  class=\"elementor-icon\">\n\t\t\t\t<svg aria-hidden=\"true\" class=\"e-font-icon-svg e-fas-user-friends\" viewbox=\"0 0 640 512\" xmlns=\"http:\/\/www.w3.org\/2000\/svg\"><path d=\"M192 256c61.9 0 112-50.1 112-112S253.9 32 192 32 80 82.1 80 144s50.1 112 112 112zm76.8 32h-8.3c-20.8 10-43.9 16-68.5 16s-47.6-6-68.5-16h-8.3C51.6 288 0 339.6 0 403.2V432c0 26.5 21.5 48 48 48h288c26.5 0 48-21.5 48-48v-28.8c0-63.6-51.6-115.2-115.2-115.2zM480 256c53 0 96-43 96-96s-43-96-96-96-96 43-96 96 43 96 96 96zm48 32h-3.8c-13.9 4.8-28.6 8-44.2 8s-30.3-3.2-44.2-8H432c-20.4 0-39.2 5.9-55.7 15.4 24.4 26.3 39.7 61.2 39.7 99.8v38.4c0 2.2-.5 4.3-.6 6.4H592c26.5 0 48-21.5 48-48 0-61.9-50.1-112-112-112z\"><\/path><\/svg>\t\t\t\t<\/span>\n\t\t\t<\/div>\n\t\t\t\n\t\t\t\t\t\t<div class=\"elementor-icon-box-content\">\n\n\t\t\t\t\t\t\t\t\t<h3 class=\"elementor-icon-box-title\">\n\t\t\t\t\t\t<span  >\n\t\t\t\t\t\t\tPRESENTZIALA\t\t\t\t\t\t<\/span>\n\t\t\t\t\t<\/h3>\n\t\t\t\t\n\t\t\t\t\t\t\t\t\t<p class=\"elementor-icon-box-description\">\n\t\t\t\t\t\tAlmudena Porres Salcesen Kontsulta<br><i>Ibaigane kalea 15, 1. saila. 4, 48930, Getxo (Bizkaia)<\/i>\t\t\t\t\t<\/p>\n\t\t\t\t\n\t\t\t<\/div>\n\t\t\t\n\t\t<\/div>\n\t\t\t\t\t\t<\/div>\n\t\t\t\t<\/div>\n\t\t<div class=\"elementor-element elementor-element-2bd3391 e-con-full e-flex e-con e-child\" data-id=\"2bd3391\" data-element_type=\"container\" data-e-type=\"container\">\n\t\t\t\t<div class=\"elementor-element elementor-element-8f583b8 elementor-position-inline-start elementor-view-default elementor-mobile-position-block-start elementor-widget elementor-widget-icon-box\" data-id=\"8f583b8\" data-element_type=\"widget\" data-e-type=\"widget\" data-widget_type=\"icon-box.default\">\n\t\t\t\t\t\t\t<div class=\"elementor-icon-box-wrapper\">\n\n\t\t\t\t\t\t<div class=\"elementor-icon-box-icon\">\n\t\t\t\t<span  class=\"elementor-icon\">\n\t\t\t\t<svg aria-hidden=\"true\" class=\"e-font-icon-svg e-fas-desktop\" viewbox=\"0 0 576 512\" xmlns=\"http:\/\/www.w3.org\/2000\/svg\"><path d=\"M528 0H48C21.5 0 0 21.5 0 48v320c0 26.5 21.5 48 48 48h192l-16 48h-72c-13.3 0-24 10.7-24 24s10.7 24 24 24h272c13.3 0 24-10.7 24-24s-10.7-24-24-24h-72l-16-48h192c26.5 0 48-21.5 48-48V48c0-26.5-21.5-48-48-48zm-16 352H64V64h448v288z\"><\/path><\/svg>\t\t\t\t<\/span>\n\t\t\t<\/div>\n\t\t\t\n\t\t\t\t\t\t<div class=\"elementor-icon-box-content\">\n\n\t\t\t\t\t\t\t\t\t<h3 class=\"elementor-icon-box-title\">\n\t\t\t\t\t\t<span  >\n\t\t\t\t\t\t\tONLINE\t\t\t\t\t\t<\/span>\n\t\t\t\t\t<\/h3>\n\t\t\t\t\n\t\t\t\t\t\t\t\t\t<p class=\"elementor-icon-box-description\">\n\t\t\t\t\t\tMetodo seguru eta konfidentzialen bidez\t\t\t\t\t<\/p>\n\t\t\t\t\n\t\t\t<\/div>\n\t\t\t\n\t\t<\/div>\n\t\t\t\t\t\t<\/div>\n\t\t\t\t<\/div>\n\t\t\t\t\t<\/div>\n\t\t\t\t<\/div>\n\t\t<div class=\"elementor-element elementor-element-d9576ca e-flex e-con-boxed e-con e-parent\" data-id=\"d9576ca\" data-element_type=\"container\" data-e-type=\"container\">\n\t\t\t\t\t<div class=\"e-con-inner\">\n\t\t\t\t<div class=\"elementor-element elementor-element-4132d9b elementor-widget-divider--view-line elementor-widget elementor-widget-divider\" data-id=\"4132d9b\" data-element_type=\"widget\" data-e-type=\"widget\" data-widget_type=\"divider.default\">\n\t\t\t\t\t\t\t<div class=\"elementor-divider\">\n\t\t\t<span class=\"elementor-divider-separator\">\n\t\t\t\t\t\t<\/span>\n\t\t<\/div>\n\t\t\t\t\t\t<\/div>\n\t\t\t\t\t<\/div>\n\t\t\t\t<\/div>\n\t\t\t\t<\/div>","protected":false},"excerpt":{"rendered":"<p>Psiconutrici\u00f3n Un espacio para reconciliarte con la comida y tu cuerpo. \u00bfEn qu\u00e9 consiste el acompa\u00f1amiento en psiconutrici\u00f3n? La psiconutrici\u00f3n es un enfoque integral que combina la psicolog\u00eda y la nutrici\u00f3n para ayudarte a transformar tu relaci\u00f3n con la comida, tu cuerpo y contigo mismo\/a. En este servicio, trabajo junto con mi compa\u00f1era, June Ares [&hellip;]<\/p>\n","protected":false},"author":1,"featured_media":0,"parent":0,"menu_order":0,"comment_status":"closed","ping_status":"closed","template":"elementor_canvas","meta":{"footnotes":""},"class_list":["post-35","page","type-page","status-publish","hentry"],"yoast_head":"<!-- This site is optimized with the Yoast SEO plugin v27.5 - https:\/\/yoast.com\/product\/yoast-seo-wordpress\/ -->\n<title>Psiconutrici\u00f3n - Laura Molina Psicolog\u00eda<\/title>\n<meta name=\"robots\" content=\"index, follow, max-snippet:-1, max-image-preview:large, max-video-preview:-1\" \/>\n<link rel=\"canonical\" href=\"https:\/\/lauramolinapsicologia.com\/eu\/psiconutricion\/\" \/>\n<meta property=\"og:locale\" content=\"en_US\" \/>\n<meta property=\"og:type\" content=\"article\" \/>\n<meta property=\"og:title\" content=\"Psiconutrici\u00f3n - Laura Molina Psicolog\u00eda\" \/>\n<meta property=\"og:description\" content=\"Psiconutrici\u00f3n Un espacio para reconciliarte con la comida y tu cuerpo. \u00bfEn qu\u00e9 consiste el acompa\u00f1amiento en psiconutrici\u00f3n? La psiconutrici\u00f3n es un enfoque integral que combina la psicolog\u00eda y la nutrici\u00f3n para ayudarte a transformar tu relaci\u00f3n con la comida, tu cuerpo y contigo mismo\/a. En este servicio, trabajo junto con mi compa\u00f1era, June Ares [&hellip;]\" \/>\n<meta property=\"og:url\" content=\"https:\/\/lauramolinapsicologia.com\/eu\/psiconutricion\/\" \/>\n<meta property=\"og:site_name\" content=\"Laura Molina Psicolog\u00eda\" \/>\n<meta property=\"article:modified_time\" content=\"2025-10-02T17:18:37+00:00\" \/>\n<meta property=\"og:image\" content=\"https:\/\/lauramolinapsicologia.com\/wp-content\/uploads\/2025\/07\/Psiconutricion.png\" \/>\n\t<meta property=\"og:image:width\" content=\"1248\" \/>\n\t<meta property=\"og:image:height\" content=\"832\" \/>\n\t<meta property=\"og:image:type\" content=\"image\/png\" \/>\n<meta name=\"twitter:card\" content=\"summary_large_image\" \/>\n<meta name=\"twitter:label1\" content=\"Est. reading time\" \/>\n\t<meta name=\"twitter:data1\" content=\"3 minutua\" \/>\n<script type=\"application\/ld+json\" class=\"yoast-schema-graph\">{\"@context\":\"https:\\\/\\\/schema.org\",\"@graph\":[{\"@type\":\"WebPage\",\"@id\":\"https:\\\/\\\/lauramolinapsicologia.com\\\/psiconutricion\\\/\",\"url\":\"https:\\\/\\\/lauramolinapsicologia.com\\\/psiconutricion\\\/\",\"name\":\"Psiconutrici\u00f3n - Laura Molina Psicolog\u00eda\",\"isPartOf\":{\"@id\":\"https:\\\/\\\/lauramolinapsicologia.com\\\/#website\"},\"primaryImageOfPage\":{\"@id\":\"https:\\\/\\\/lauramolinapsicologia.com\\\/psiconutricion\\\/#primaryimage\"},\"image\":{\"@id\":\"https:\\\/\\\/lauramolinapsicologia.com\\\/psiconutricion\\\/#primaryimage\"},\"thumbnailUrl\":\"https:\\\/\\\/lauramolinapsicologia.com\\\/wp-content\\\/uploads\\\/2025\\\/07\\\/Psiconutricion.png\",\"datePublished\":\"2025-07-03T16:20:42+00:00\",\"dateModified\":\"2025-10-02T17:18:37+00:00\",\"breadcrumb\":{\"@id\":\"https:\\\/\\\/lauramolinapsicologia.com\\\/psiconutricion\\\/#breadcrumb\"},\"inLanguage\":\"eu\",\"potentialAction\":[{\"@type\":\"ReadAction\",\"target\":[\"https:\\\/\\\/lauramolinapsicologia.com\\\/psiconutricion\\\/\"]}]},{\"@type\":\"ImageObject\",\"inLanguage\":\"eu\",\"@id\":\"https:\\\/\\\/lauramolinapsicologia.com\\\/psiconutricion\\\/#primaryimage\",\"url\":\"https:\\\/\\\/lauramolinapsicologia.com\\\/wp-content\\\/uploads\\\/2025\\\/07\\\/Psiconutricion.png\",\"contentUrl\":\"https:\\\/\\\/lauramolinapsicologia.com\\\/wp-content\\\/uploads\\\/2025\\\/07\\\/Psiconutricion.png\"},{\"@type\":\"BreadcrumbList\",\"@id\":\"https:\\\/\\\/lauramolinapsicologia.com\\\/psiconutricion\\\/#breadcrumb\",\"itemListElement\":[{\"@type\":\"ListItem\",\"position\":1,\"name\":\"Portada\",\"item\":\"https:\\\/\\\/lauramolinapsicologia.com\\\/\"},{\"@type\":\"ListItem\",\"position\":2,\"name\":\"Psiconutrici\u00f3n\"}]},{\"@type\":\"WebSite\",\"@id\":\"https:\\\/\\\/lauramolinapsicologia.com\\\/#website\",\"url\":\"https:\\\/\\\/lauramolinapsicologia.com\\\/\",\"name\":\"Laura Molina Psicolog\u00eda\",\"description\":\"Psic\u00f3loga Sanitaria\",\"publisher\":{\"@id\":\"https:\\\/\\\/lauramolinapsicologia.com\\\/#organization\"},\"potentialAction\":[{\"@type\":\"SearchAction\",\"target\":{\"@type\":\"EntryPoint\",\"urlTemplate\":\"https:\\\/\\\/lauramolinapsicologia.com\\\/?s={search_term_string}\"},\"query-input\":{\"@type\":\"PropertyValueSpecification\",\"valueRequired\":true,\"valueName\":\"search_term_string\"}}],\"inLanguage\":\"eu\"},{\"@type\":\"Organization\",\"@id\":\"https:\\\/\\\/lauramolinapsicologia.com\\\/#organization\",\"name\":\"Laura Molina Psicolog\u00eda\",\"url\":\"https:\\\/\\\/lauramolinapsicologia.com\\\/\",\"logo\":{\"@type\":\"ImageObject\",\"inLanguage\":\"eu\",\"@id\":\"https:\\\/\\\/lauramolinapsicologia.com\\\/#\\\/schema\\\/logo\\\/image\\\/\",\"url\":\"https:\\\/\\\/lauramolinapsicologia.com\\\/wp-content\\\/uploads\\\/2025\\\/08\\\/cropped-Sin-titulo-1500-x-800-px-1-1.png\",\"contentUrl\":\"https:\\\/\\\/lauramolinapsicologia.com\\\/wp-content\\\/uploads\\\/2025\\\/08\\\/cropped-Sin-titulo-1500-x-800-px-1-1.png\",\"width\":732,\"height\":177,\"caption\":\"Laura Molina Psicolog\u00eda\"},\"image\":{\"@id\":\"https:\\\/\\\/lauramolinapsicologia.com\\\/#\\\/schema\\\/logo\\\/image\\\/\"}}]}<\/script>\n<!-- \/ Yoast SEO plugin. -->","yoast_head_json":{"title":"Psiconutrici\u00f3n - Laura Molina Psicolog\u00eda","robots":{"index":"index","follow":"follow","max-snippet":"max-snippet:-1","max-image-preview":"max-image-preview:large","max-video-preview":"max-video-preview:-1"},"canonical":"https:\/\/lauramolinapsicologia.com\/eu\/psiconutricion\/","og_locale":"en_US","og_type":"article","og_title":"Psiconutrici\u00f3n - Laura Molina Psicolog\u00eda","og_description":"Psiconutrici\u00f3n Un espacio para reconciliarte con la comida y tu cuerpo. \u00bfEn qu\u00e9 consiste el acompa\u00f1amiento en psiconutrici\u00f3n? La psiconutrici\u00f3n es un enfoque integral que combina la psicolog\u00eda y la nutrici\u00f3n para ayudarte a transformar tu relaci\u00f3n con la comida, tu cuerpo y contigo mismo\/a. En este servicio, trabajo junto con mi compa\u00f1era, June Ares [&hellip;]","og_url":"https:\/\/lauramolinapsicologia.com\/eu\/psiconutricion\/","og_site_name":"Laura Molina Psicolog\u00eda","article_modified_time":"2025-10-02T17:18:37+00:00","og_image":[{"width":1248,"height":832,"url":"https:\/\/lauramolinapsicologia.com\/wp-content\/uploads\/2025\/07\/Psiconutricion.png","type":"image\/png"}],"twitter_card":"summary_large_image","twitter_misc":{"Est. reading time":"3 minutua"},"schema":{"@context":"https:\/\/schema.org","@graph":[{"@type":"WebPage","@id":"https:\/\/lauramolinapsicologia.com\/psiconutricion\/","url":"https:\/\/lauramolinapsicologia.com\/psiconutricion\/","name":"Psiconutrici\u00f3n - Laura Molina Psicolog\u00eda","isPartOf":{"@id":"https:\/\/lauramolinapsicologia.com\/#website"},"primaryImageOfPage":{"@id":"https:\/\/lauramolinapsicologia.com\/psiconutricion\/#primaryimage"},"image":{"@id":"https:\/\/lauramolinapsicologia.com\/psiconutricion\/#primaryimage"},"thumbnailUrl":"https:\/\/lauramolinapsicologia.com\/wp-content\/uploads\/2025\/07\/Psiconutricion.png","datePublished":"2025-07-03T16:20:42+00:00","dateModified":"2025-10-02T17:18:37+00:00","breadcrumb":{"@id":"https:\/\/lauramolinapsicologia.com\/psiconutricion\/#breadcrumb"},"inLanguage":"eu","potentialAction":[{"@type":"ReadAction","target":["https:\/\/lauramolinapsicologia.com\/psiconutricion\/"]}]},{"@type":"ImageObject","inLanguage":"eu","@id":"https:\/\/lauramolinapsicologia.com\/psiconutricion\/#primaryimage","url":"https:\/\/lauramolinapsicologia.com\/wp-content\/uploads\/2025\/07\/Psiconutricion.png","contentUrl":"https:\/\/lauramolinapsicologia.com\/wp-content\/uploads\/2025\/07\/Psiconutricion.png"},{"@type":"BreadcrumbList","@id":"https:\/\/lauramolinapsicologia.com\/psiconutricion\/#breadcrumb","itemListElement":[{"@type":"ListItem","position":1,"name":"Portada","item":"https:\/\/lauramolinapsicologia.com\/"},{"@type":"ListItem","position":2,"name":"Psiconutrici\u00f3n"}]},{"@type":"WebSite","@id":"https:\/\/lauramolinapsicologia.com\/#website","url":"https:\/\/lauramolinapsicologia.com\/","name":"Laura Molina Psicolog\u00eda","description":"Psic\u00f3loga Sanitaria","publisher":{"@id":"https:\/\/lauramolinapsicologia.com\/#organization"},"potentialAction":[{"@type":"SearchAction","target":{"@type":"EntryPoint","urlTemplate":"https:\/\/lauramolinapsicologia.com\/?s={search_term_string}"},"query-input":{"@type":"PropertyValueSpecification","valueRequired":true,"valueName":"search_term_string"}}],"inLanguage":"eu"},{"@type":"Organization","@id":"https:\/\/lauramolinapsicologia.com\/#organization","name":"Laura Molina Psicolog\u00eda","url":"https:\/\/lauramolinapsicologia.com\/","logo":{"@type":"ImageObject","inLanguage":"eu","@id":"https:\/\/lauramolinapsicologia.com\/#\/schema\/logo\/image\/","url":"https:\/\/lauramolinapsicologia.com\/wp-content\/uploads\/2025\/08\/cropped-Sin-titulo-1500-x-800-px-1-1.png","contentUrl":"https:\/\/lauramolinapsicologia.com\/wp-content\/uploads\/2025\/08\/cropped-Sin-titulo-1500-x-800-px-1-1.png","width":732,"height":177,"caption":"Laura Molina Psicolog\u00eda"},"image":{"@id":"https:\/\/lauramolinapsicologia.com\/#\/schema\/logo\/image\/"}}]}},"_links":{"self":[{"href":"https:\/\/lauramolinapsicologia.com\/eu\/wp-json\/wp\/v2\/pages\/35","targetHints":{"allow":["GET"]}}],"collection":[{"href":"https:\/\/lauramolinapsicologia.com\/eu\/wp-json\/wp\/v2\/pages"}],"about":[{"href":"https:\/\/lauramolinapsicologia.com\/eu\/wp-json\/wp\/v2\/types\/page"}],"author":[{"embeddable":true,"href":"https:\/\/lauramolinapsicologia.com\/eu\/wp-json\/wp\/v2\/users\/1"}],"replies":[{"embeddable":true,"href":"https:\/\/lauramolinapsicologia.com\/eu\/wp-json\/wp\/v2\/comments?post=35"}],"version-history":[{"count":91,"href":"https:\/\/lauramolinapsicologia.com\/eu\/wp-json\/wp\/v2\/pages\/35\/revisions"}],"predecessor-version":[{"id":1871,"href":"https:\/\/lauramolinapsicologia.com\/eu\/wp-json\/wp\/v2\/pages\/35\/revisions\/1871"}],"wp:attachment":[{"href":"https:\/\/lauramolinapsicologia.com\/eu\/wp-json\/wp\/v2\/media?parent=35"}],"curies":[{"name":"wp","href":"https:\/\/api.w.org\/{rel}","templated":true}]}}