{"id":37,"date":"2025-07-03T16:21:01","date_gmt":"2025-07-03T16:21:01","guid":{"rendered":"https:\/\/lauramolinapsicologia.rkinformatika.online\/?page_id=37"},"modified":"2025-10-21T11:01:15","modified_gmt":"2025-10-21T11:01:15","slug":"charlas-y-talleres","status":"publish","type":"page","link":"https:\/\/lauramolinapsicologia.com\/eu\/charlas-y-talleres\/","title":{"rendered":"Hitzaldiak eta tailerrak"},"content":{"rendered":"<div data-elementor-type=\"wp-page\" data-elementor-id=\"37\" class=\"elementor elementor-37\" data-elementor-post-type=\"page\">\n\t\t\t\t<div class=\"elementor-element elementor-element-1bd8d07 e-con-full e-flex e-con e-parent\" data-id=\"1bd8d07\" data-element_type=\"container\" data-e-type=\"container\" data-settings=\"{&quot;background_background&quot;:&quot;classic&quot;}\">\n\t\t\t\t<div class=\"elementor-element elementor-element-d690af4 elementor-widget elementor-widget-heading\" data-id=\"d690af4\" data-element_type=\"widget\" data-e-type=\"widget\" data-widget_type=\"heading.default\">\n\t\t\t\t\t<h2 class=\"elementor-heading-title elementor-size-default\">Hitzaldiak eta tailerrak<\/h2>\t\t\t\t<\/div>\n\t\t\t\t<\/div>\n\t\t<div class=\"elementor-element elementor-element-032efc0 e-flex e-con-boxed e-con e-parent\" data-id=\"032efc0\" data-element_type=\"container\" data-e-type=\"container\" data-settings=\"{&quot;background_background&quot;:&quot;classic&quot;}\">\n\t\t\t\t\t<div class=\"e-con-inner\">\n\t\t\t\t<div class=\"elementor-element elementor-element-a11bf65 elementor-widget elementor-widget-heading\" data-id=\"a11bf65\" data-element_type=\"widget\" data-e-type=\"widget\" data-widget_type=\"heading.default\">\n\t\t\t\t\t<h2 class=\"elementor-heading-title elementor-size-default\">Psikologia modu praktikoan eta publiko guztiarentzat eskuragarri izateko gunea.<br><\/h2>\t\t\t\t<\/div>\n\t\t\t\t<div class=\"elementor-element elementor-element-e098f7b elementor-widget elementor-widget-heading\" data-id=\"e098f7b\" data-element_type=\"widget\" data-e-type=\"widget\" data-widget_type=\"heading.default\">\n\t\t\t\t\t<h2 class=\"elementor-heading-title elementor-size-default\"><br>Pr\u00f3ximas charlas y talleres: <\/h2>\t\t\t\t<\/div>\n\t\t\t\t\t<\/div>\n\t\t\t\t<\/div>\n\t\t<div class=\"elementor-element elementor-element-cc79dcb e-flex e-con-boxed e-con e-parent\" data-id=\"cc79dcb\" data-element_type=\"container\" data-e-type=\"container\">\n\t\t\t\t\t<div class=\"e-con-inner\">\n\t\t<div class=\"elementor-element elementor-element-29b33ba e-con-full e-flex e-con e-child\" data-id=\"29b33ba\" data-element_type=\"container\" data-e-type=\"container\">\n\t\t\t\t<div class=\"elementor-element elementor-element-fc7091d elementor-widget elementor-widget-image\" data-id=\"fc7091d\" data-element_type=\"widget\" data-e-type=\"widget\" data-widget_type=\"image.default\">\n\t\t\t\t\t\t\t\t\t\t\t\t\t\t\t\t<a href=\"https:\/\/lauramolinapsicologia.com\/wp-content\/uploads\/2025\/10\/eraiki-web.jpg\" data-elementor-open-lightbox=\"yes\" data-elementor-lightbox-title=\"eraiki web\" data-e-action-hash=\"#elementor-action%3Aaction%3Dlightbox%26settings%3DeyJpZCI6MTkwOCwidXJsIjoiaHR0cHM6XC9cL2xhdXJhbW9saW5hcHNpY29sb2dpYS5jb21cL3dwLWNvbnRlbnRcL3VwbG9hZHNcLzIwMjVcLzEwXC9lcmFpa2ktd2ViLmpwZyJ9\">\n\t\t\t\t\t\t\t<img fetchpriority=\"high\" decoding=\"async\" width=\"768\" height=\"1365\" src=\"https:\/\/lauramolinapsicologia.com\/wp-content\/uploads\/2025\/10\/eraiki-web-768x1365.jpg\" class=\"attachment-medium_large size-medium_large wp-image-1908\" alt=\"\" srcset=\"https:\/\/lauramolinapsicologia.com\/wp-content\/uploads\/2025\/10\/eraiki-web-768x1365.jpg 768w, https:\/\/lauramolinapsicologia.com\/wp-content\/uploads\/2025\/10\/eraiki-web-169x300.jpg 169w, https:\/\/lauramolinapsicologia.com\/wp-content\/uploads\/2025\/10\/eraiki-web-576x1024.jpg 576w, https:\/\/lauramolinapsicologia.com\/wp-content\/uploads\/2025\/10\/eraiki-web-864x1536.jpg 864w, https:\/\/lauramolinapsicologia.com\/wp-content\/uploads\/2025\/10\/eraiki-web-7x12.jpg 7w, https:\/\/lauramolinapsicologia.com\/wp-content\/uploads\/2025\/10\/eraiki-web.jpg 1080w\" sizes=\"(max-width: 768px) 100vw, 768px\" \/>\t\t\t\t\t\t\t\t<\/a>\n\t\t\t\t\t\t\t\t\t\t\t\t\t\t\t<\/div>\n\t\t\t\t<\/div>\n\t\t<div class=\"elementor-element elementor-element-00ac2bc e-con-full e-flex e-con e-child\" data-id=\"00ac2bc\" data-element_type=\"container\" data-e-type=\"container\">\n\t\t\t\t<div class=\"elementor-element elementor-element-5ce9e95 elementor-widget elementor-widget-image\" data-id=\"5ce9e95\" data-element_type=\"widget\" data-e-type=\"widget\" data-widget_type=\"image.default\">\n\t\t\t\t\t\t\t\t\t\t\t\t\t\t\t\t<a href=\"https:\/\/lauramolinapsicologia.com\/wp-content\/uploads\/2025\/10\/yogashala-web.jpg\" data-elementor-open-lightbox=\"yes\" data-elementor-lightbox-title=\"yogashala web\" data-e-action-hash=\"#elementor-action%3Aaction%3Dlightbox%26settings%3DeyJpZCI6MTkwNywidXJsIjoiaHR0cHM6XC9cL2xhdXJhbW9saW5hcHNpY29sb2dpYS5jb21cL3dwLWNvbnRlbnRcL3VwbG9hZHNcLzIwMjVcLzEwXC95b2dhc2hhbGEtd2ViLmpwZyJ9\">\n\t\t\t\t\t\t\t<img decoding=\"async\" width=\"768\" height=\"1365\" src=\"https:\/\/lauramolinapsicologia.com\/wp-content\/uploads\/2025\/10\/yogashala-web-768x1365.jpg\" class=\"attachment-medium_large size-medium_large wp-image-1907\" alt=\"\" srcset=\"https:\/\/lauramolinapsicologia.com\/wp-content\/uploads\/2025\/10\/yogashala-web-768x1365.jpg 768w, https:\/\/lauramolinapsicologia.com\/wp-content\/uploads\/2025\/10\/yogashala-web-169x300.jpg 169w, https:\/\/lauramolinapsicologia.com\/wp-content\/uploads\/2025\/10\/yogashala-web-576x1024.jpg 576w, https:\/\/lauramolinapsicologia.com\/wp-content\/uploads\/2025\/10\/yogashala-web-864x1536.jpg 864w, https:\/\/lauramolinapsicologia.com\/wp-content\/uploads\/2025\/10\/yogashala-web-7x12.jpg 7w, https:\/\/lauramolinapsicologia.com\/wp-content\/uploads\/2025\/10\/yogashala-web.jpg 1080w\" sizes=\"(max-width: 768px) 100vw, 768px\" \/>\t\t\t\t\t\t\t\t<\/a>\n\t\t\t\t\t\t\t\t\t\t\t\t\t\t\t<\/div>\n\t\t\t\t<\/div>\n\t\t<div class=\"elementor-element elementor-element-7b7db4a e-con-full e-flex e-con e-child\" data-id=\"7b7db4a\" data-element_type=\"container\" data-e-type=\"container\">\n\t\t\t\t<\/div>\n\t\t\t\t\t<\/div>\n\t\t\t\t<\/div>\n\t\t<div class=\"elementor-element elementor-element-9d90abc e-flex e-con-boxed e-con e-parent\" data-id=\"9d90abc\" data-element_type=\"container\" data-e-type=\"container\" data-settings=\"{&quot;background_background&quot;:&quot;classic&quot;}\">\n\t\t\t\t\t<div class=\"e-con-inner\">\n\t\t\t\t<div class=\"elementor-element elementor-element-714aad3 elementor-widget elementor-widget-heading\" data-id=\"714aad3\" data-element_type=\"widget\" data-e-type=\"widget\" data-widget_type=\"heading.default\">\n\t\t\t\t\t<h2 class=\"elementor-heading-title elementor-size-default\"><br>Hitzaldiak eta tailerrak hurrengoei zuzenduta daude:<\/h2>\t\t\t\t<\/div>\n\t\t\t\t\t<\/div>\n\t\t\t\t<\/div>\n\t\t<div class=\"elementor-element elementor-element-6140c0d e-flex e-con-boxed e-con e-parent\" data-id=\"6140c0d\" data-element_type=\"container\" data-e-type=\"container\">\n\t\t\t\t\t<div class=\"e-con-inner\">\n\t\t<div class=\"elementor-element elementor-element-a5f3f7f e-con-full e-flex e-con e-child\" data-id=\"a5f3f7f\" data-element_type=\"container\" data-e-type=\"container\">\n\t\t\t\t<div class=\"elementor-element elementor-element-9ecd5eb elementor-widget elementor-widget-text-editor\" data-id=\"9ecd5eb\" data-element_type=\"widget\" data-e-type=\"widget\" data-widget_type=\"text-editor.default\">\n\t\t\t\t\t\t\t\t\t<p>\u25cf Familias y AMPA que quieran aprender a acompa\u00f1ar emocionalmente a sus hijos\/as<\/p><p>\u25cf Centros educativos que necesiten formaci\u00f3n sobre gesti\u00f3n emocional y salud mental para el profesorado<\/p><p>\u25cf Langileei osasun mentala hurbildu nahi dieten enpresak<\/p><p>\u25cf Dantza-eskolak, gimnasia erritmikoa, igeriketa sinkronizatua edo ikasleen osasun mentalari buruz kontzientziatu nahi duten beste diziplina batzuk<\/p><p>\u25cf Osasun mentala agerian utzi nahi duten beste elkarte publiko edo pribatu batzuk<\/p>\t\t\t\t\t\t\t\t<\/div>\n\t\t\t\t<div class=\"elementor-element elementor-element-03a29c7 elementor-align-center elementor-widget-mobile__width-inherit elementor-widget elementor-widget-button\" data-id=\"03a29c7\" data-element_type=\"widget\" data-e-type=\"widget\" data-widget_type=\"button.default\">\n\t\t\t\t\t\t\t\t\t\t<a class=\"elementor-button elementor-button-link elementor-size-sm\" href=\"https:\/\/lauramolinapsicologia.com\/eu\/contacto\/\">\n\t\t\t\t\t\t<span class=\"elementor-button-content-wrapper\">\n\t\t\t\t\t\t\t\t\t<span class=\"elementor-button-text\">Hitzordua eskatu<\/span>\n\t\t\t\t\t<\/span>\n\t\t\t\t\t<\/a>\n\t\t\t\t\t\t\t\t<\/div>\n\t\t\t\t<\/div>\n\t\t<div class=\"elementor-element elementor-element-8bc0e02 e-con-full e-flex e-con e-child\" data-id=\"8bc0e02\" data-element_type=\"container\" data-e-type=\"container\">\n\t\t\t\t<div class=\"elementor-element elementor-element-3322f37 elementor-widget elementor-widget-image\" data-id=\"3322f37\" data-element_type=\"widget\" data-e-type=\"widget\" data-settings=\"{&quot;_animation&quot;:&quot;none&quot;,&quot;_animation_mobile&quot;:&quot;none&quot;}\" data-widget_type=\"image.default\">\n\t\t\t\t\t\t\t\t\t\t\t\t\t\t\t<img decoding=\"async\" width=\"1000\" height=\"667\" src=\"https:\/\/lauramolinapsicologia.com\/wp-content\/uploads\/2025\/08\/Sin-titulo-1500-x-800-px.png\" class=\"attachment-full size-full wp-image-1134\" alt=\"\" srcset=\"https:\/\/lauramolinapsicologia.com\/wp-content\/uploads\/2025\/08\/Sin-titulo-1500-x-800-px.png 1000w, https:\/\/lauramolinapsicologia.com\/wp-content\/uploads\/2025\/08\/Sin-titulo-1500-x-800-px-300x200.png 300w, https:\/\/lauramolinapsicologia.com\/wp-content\/uploads\/2025\/08\/Sin-titulo-1500-x-800-px-768x512.png 768w, https:\/\/lauramolinapsicologia.com\/wp-content\/uploads\/2025\/08\/Sin-titulo-1500-x-800-px-18x12.png 18w\" sizes=\"(max-width: 1000px) 100vw, 1000px\" \/>\t\t\t\t\t\t\t\t\t\t\t\t\t\t\t<\/div>\n\t\t\t\t<\/div>\n\t\t\t\t\t<\/div>\n\t\t\t\t<\/div>\n\t\t<div class=\"elementor-element elementor-element-8c46731 e-flex e-con-boxed e-con e-parent\" data-id=\"8c46731\" data-element_type=\"container\" data-e-type=\"container\" data-settings=\"{&quot;background_background&quot;:&quot;classic&quot;}\">\n\t\t\t\t\t<div class=\"e-con-inner\">\n\t\t\t\t<div class=\"elementor-element elementor-element-6d0d093 elementor-widget elementor-widget-heading\" data-id=\"6d0d093\" data-element_type=\"widget\" data-e-type=\"widget\" data-widget_type=\"heading.default\">\n\t\t\t\t\t<h2 class=\"elementor-heading-title elementor-size-default\">Elkarrekin landu ahal ditugun gaiak:<\/h2>\t\t\t\t<\/div>\n\t\t\t\t\t<\/div>\n\t\t\t\t<\/div>\n\t\t<div class=\"elementor-element elementor-element-e1ca454 e-flex e-con-boxed e-con e-parent\" data-id=\"e1ca454\" data-element_type=\"container\" data-e-type=\"container\" data-settings=\"{&quot;background_background&quot;:&quot;classic&quot;}\">\n\t\t\t\t\t<div class=\"e-con-inner\">\n\t\t<div class=\"elementor-element elementor-element-498b53b e-con-full e-flex e-con e-child\" data-id=\"498b53b\" data-element_type=\"container\" data-e-type=\"container\">\n\t\t\t\t<div class=\"elementor-element elementor-element-05aa115 elementor-widget elementor-widget-text-editor\" data-id=\"05aa115\" data-element_type=\"widget\" data-e-type=\"widget\" data-widget_type=\"text-editor.default\">\n\t\t\t\t\t\t\t\t\t<p>\u25cf Osasun emozionala ikasgelan<\/p><p>\u25cf Ikasketa-estresa eta ikasteko teknikak<\/p><p>\u25cf Asertibitatea eta abilezia sozialak<\/p><p>\u25cf Estresaren kudeaketa eta erlaxazio-estrategiak<\/p><p>\u25cf Nola lagundu emozionalki zure seme-alabei<\/p>\t\t\t\t\t\t\t\t<\/div>\n\t\t\t\t<\/div>\n\t\t<div class=\"elementor-element elementor-element-a44db3d e-con-full e-flex e-con e-child\" data-id=\"a44db3d\" data-element_type=\"container\" data-e-type=\"container\">\n\t\t\t\t<div class=\"elementor-element elementor-element-d3e054e elementor-widget elementor-widget-text-editor\" data-id=\"d3e054e\" data-element_type=\"widget\" data-e-type=\"widget\" data-widget_type=\"text-editor.default\">\n\t\t\t\t\t\t\t\t\t<p>\u25cf Prevenci\u00f3n del <em>burnout<\/em>, comunicaci\u00f3n y escucha en ambientes laborales<\/p><p>\u25cf Osasun mentala eta nutrizionala dantzan edo beste diziplina artistiko batzuetan (<a href=\"https:\/\/www.instagram.com\/yotambiencomochocolate\/\"> June Ares Ortega<\/a> rekin - Dietista-Nutrizionista)<\/p><p>\u25cf Psikonutrizioa: nola zaindu janariarekiko harremana ( <a href=\"https:\/\/www.instagram.com\/yotambiencomochocolate\/\">June Ares Ortega<\/a> rekin - Dietista-Nutrizionista)<\/p>\t\t\t\t\t\t\t\t<\/div>\n\t\t\t\t<\/div>\n\t\t\t\t\t<\/div>\n\t\t\t\t<\/div>\n\t\t<div class=\"elementor-element elementor-element-b1af62d e-flex e-con-boxed e-con e-parent\" data-id=\"b1af62d\" data-element_type=\"container\" data-e-type=\"container\">\n\t\t\t\t\t<div class=\"e-con-inner\">\n\t\t\t\t<div class=\"elementor-element elementor-element-5726be8 elementor-widget elementor-widget-text-editor\" data-id=\"5726be8\" data-element_type=\"widget\" data-e-type=\"widget\" data-widget_type=\"text-editor.default\">\n\t\t\t\t\t\t\t\t\t<p><strong>Beste gairen bat duzu buruan? <\/strong><\/p><p>Proposamenak jasotzeko prest nago, eta zuen errealitatera eta beharretara egokitutako hitzaldi edo tailer bat presta dezaket.<\/p><p><span style=\"font-weight: 400;\">Por lo general, las charlas y talleres se imparten de manera presencial, aunque existe la posibilidad de realizarlo online si fuera necesario.<\/span><\/p><p><strong>Talde, zentro, enpresa edo kolektiborik baduzu eta hitzaldi edo tailer bat antolatzea gustatuko litzaizuke? <\/strong><\/p><p>Konpromisorik gabe idatzi. Gustatuko litzaidake zure ideia entzutea eta zure beharrak kontuan hartuta hitzaldi edo tailer bat prestatzea.<\/p>\t\t\t\t\t\t\t\t<\/div>\n\t\t\t\t\t<\/div>\n\t\t\t\t<\/div>\n\t\t\t\t<\/div>","protected":false},"excerpt":{"rendered":"<p>Charlas y talleres Un espacio para acercar la psicolog\u00eda de forma pr\u00e1ctica y accesible a todos los p\u00fablicos. Pr\u00f3ximas charlas y talleres: Charlas y talleres pensados para: \u25cf Familias y AMPA que quieran aprender a acompa\u00f1ar emocionalmente a sus hijos\/as \u25cf Centros educativos que necesiten formaci\u00f3n sobre gesti\u00f3n emocional y salud mental para el profesorado [&hellip;]<\/p>\n","protected":false},"author":1,"featured_media":0,"parent":0,"menu_order":0,"comment_status":"closed","ping_status":"closed","template":"elementor_canvas","meta":{"footnotes":""},"class_list":["post-37","page","type-page","status-publish","hentry"],"yoast_head":"<!-- This site is optimized with the Yoast SEO plugin v27.5 - https:\/\/yoast.com\/product\/yoast-seo-wordpress\/ -->\n<title>Charlas y talleres - Laura Molina Psicolog\u00eda<\/title>\n<meta name=\"robots\" content=\"index, follow, max-snippet:-1, max-image-preview:large, max-video-preview:-1\" \/>\n<link rel=\"canonical\" href=\"https:\/\/lauramolinapsicologia.com\/eu\/charlas-y-talleres\/\" \/>\n<meta property=\"og:locale\" content=\"en_US\" \/>\n<meta property=\"og:type\" content=\"article\" \/>\n<meta property=\"og:title\" content=\"Charlas y talleres - Laura Molina Psicolog\u00eda\" \/>\n<meta property=\"og:description\" content=\"Charlas y talleres Un espacio para acercar la psicolog\u00eda de forma pr\u00e1ctica y accesible a todos los p\u00fablicos. Pr\u00f3ximas charlas y talleres: Charlas y talleres pensados para: \u25cf Familias y AMPA que quieran aprender a acompa\u00f1ar emocionalmente a sus hijos\/as \u25cf Centros educativos que necesiten formaci\u00f3n sobre gesti\u00f3n emocional y salud mental para el profesorado [&hellip;]\" \/>\n<meta property=\"og:url\" content=\"https:\/\/lauramolinapsicologia.com\/eu\/charlas-y-talleres\/\" \/>\n<meta property=\"og:site_name\" content=\"Laura Molina Psicolog\u00eda\" \/>\n<meta property=\"article:modified_time\" content=\"2025-10-21T11:01:15+00:00\" \/>\n<meta property=\"og:image\" content=\"https:\/\/lauramolinapsicologia.com\/wp-content\/uploads\/2025\/10\/eraiki-web-768x1365.jpg\" \/>\n<meta name=\"twitter:card\" content=\"summary_large_image\" \/>\n<meta name=\"twitter:label1\" content=\"Est. reading time\" \/>\n\t<meta name=\"twitter:data1\" content=\"2 minutua\" \/>\n<script type=\"application\/ld+json\" class=\"yoast-schema-graph\">{\"@context\":\"https:\\\/\\\/schema.org\",\"@graph\":[{\"@type\":\"WebPage\",\"@id\":\"https:\\\/\\\/lauramolinapsicologia.com\\\/charlas-y-talleres\\\/\",\"url\":\"https:\\\/\\\/lauramolinapsicologia.com\\\/charlas-y-talleres\\\/\",\"name\":\"Charlas y talleres - Laura Molina Psicolog\u00eda\",\"isPartOf\":{\"@id\":\"https:\\\/\\\/lauramolinapsicologia.com\\\/#website\"},\"primaryImageOfPage\":{\"@id\":\"https:\\\/\\\/lauramolinapsicologia.com\\\/charlas-y-talleres\\\/#primaryimage\"},\"image\":{\"@id\":\"https:\\\/\\\/lauramolinapsicologia.com\\\/charlas-y-talleres\\\/#primaryimage\"},\"thumbnailUrl\":\"https:\\\/\\\/lauramolinapsicologia.com\\\/wp-content\\\/uploads\\\/2025\\\/10\\\/eraiki-web-768x1365.jpg\",\"datePublished\":\"2025-07-03T16:21:01+00:00\",\"dateModified\":\"2025-10-21T11:01:15+00:00\",\"breadcrumb\":{\"@id\":\"https:\\\/\\\/lauramolinapsicologia.com\\\/charlas-y-talleres\\\/#breadcrumb\"},\"inLanguage\":\"eu\",\"potentialAction\":[{\"@type\":\"ReadAction\",\"target\":[\"https:\\\/\\\/lauramolinapsicologia.com\\\/charlas-y-talleres\\\/\"]}]},{\"@type\":\"ImageObject\",\"inLanguage\":\"eu\",\"@id\":\"https:\\\/\\\/lauramolinapsicologia.com\\\/charlas-y-talleres\\\/#primaryimage\",\"url\":\"https:\\\/\\\/lauramolinapsicologia.com\\\/wp-content\\\/uploads\\\/2025\\\/10\\\/eraiki-web-768x1365.jpg\",\"contentUrl\":\"https:\\\/\\\/lauramolinapsicologia.com\\\/wp-content\\\/uploads\\\/2025\\\/10\\\/eraiki-web-768x1365.jpg\"},{\"@type\":\"BreadcrumbList\",\"@id\":\"https:\\\/\\\/lauramolinapsicologia.com\\\/charlas-y-talleres\\\/#breadcrumb\",\"itemListElement\":[{\"@type\":\"ListItem\",\"position\":1,\"name\":\"Portada\",\"item\":\"https:\\\/\\\/lauramolinapsicologia.com\\\/\"},{\"@type\":\"ListItem\",\"position\":2,\"name\":\"Charlas y talleres\"}]},{\"@type\":\"WebSite\",\"@id\":\"https:\\\/\\\/lauramolinapsicologia.com\\\/#website\",\"url\":\"https:\\\/\\\/lauramolinapsicologia.com\\\/\",\"name\":\"Laura Molina Psicolog\u00eda\",\"description\":\"Psic\u00f3loga Sanitaria\",\"publisher\":{\"@id\":\"https:\\\/\\\/lauramolinapsicologia.com\\\/#organization\"},\"potentialAction\":[{\"@type\":\"SearchAction\",\"target\":{\"@type\":\"EntryPoint\",\"urlTemplate\":\"https:\\\/\\\/lauramolinapsicologia.com\\\/?s={search_term_string}\"},\"query-input\":{\"@type\":\"PropertyValueSpecification\",\"valueRequired\":true,\"valueName\":\"search_term_string\"}}],\"inLanguage\":\"eu\"},{\"@type\":\"Organization\",\"@id\":\"https:\\\/\\\/lauramolinapsicologia.com\\\/#organization\",\"name\":\"Laura Molina Psicolog\u00eda\",\"url\":\"https:\\\/\\\/lauramolinapsicologia.com\\\/\",\"logo\":{\"@type\":\"ImageObject\",\"inLanguage\":\"eu\",\"@id\":\"https:\\\/\\\/lauramolinapsicologia.com\\\/#\\\/schema\\\/logo\\\/image\\\/\",\"url\":\"https:\\\/\\\/lauramolinapsicologia.com\\\/wp-content\\\/uploads\\\/2025\\\/08\\\/cropped-Sin-titulo-1500-x-800-px-1-1.png\",\"contentUrl\":\"https:\\\/\\\/lauramolinapsicologia.com\\\/wp-content\\\/uploads\\\/2025\\\/08\\\/cropped-Sin-titulo-1500-x-800-px-1-1.png\",\"width\":732,\"height\":177,\"caption\":\"Laura Molina Psicolog\u00eda\"},\"image\":{\"@id\":\"https:\\\/\\\/lauramolinapsicologia.com\\\/#\\\/schema\\\/logo\\\/image\\\/\"}}]}<\/script>\n<!-- \/ Yoast SEO plugin. -->","yoast_head_json":{"title":"Charlas y talleres - Laura Molina Psicolog\u00eda","robots":{"index":"index","follow":"follow","max-snippet":"max-snippet:-1","max-image-preview":"max-image-preview:large","max-video-preview":"max-video-preview:-1"},"canonical":"https:\/\/lauramolinapsicologia.com\/eu\/charlas-y-talleres\/","og_locale":"en_US","og_type":"article","og_title":"Charlas y talleres - Laura Molina Psicolog\u00eda","og_description":"Charlas y talleres Un espacio para acercar la psicolog\u00eda de forma pr\u00e1ctica y accesible a todos los p\u00fablicos. Pr\u00f3ximas charlas y talleres: Charlas y talleres pensados para: \u25cf Familias y AMPA que quieran aprender a acompa\u00f1ar emocionalmente a sus hijos\/as \u25cf Centros educativos que necesiten formaci\u00f3n sobre gesti\u00f3n emocional y salud mental para el profesorado [&hellip;]","og_url":"https:\/\/lauramolinapsicologia.com\/eu\/charlas-y-talleres\/","og_site_name":"Laura Molina Psicolog\u00eda","article_modified_time":"2025-10-21T11:01:15+00:00","og_image":[{"url":"https:\/\/lauramolinapsicologia.com\/wp-content\/uploads\/2025\/10\/eraiki-web-768x1365.jpg","type":"","width":"","height":""}],"twitter_card":"summary_large_image","twitter_misc":{"Est. reading time":"2 minutua"},"schema":{"@context":"https:\/\/schema.org","@graph":[{"@type":"WebPage","@id":"https:\/\/lauramolinapsicologia.com\/charlas-y-talleres\/","url":"https:\/\/lauramolinapsicologia.com\/charlas-y-talleres\/","name":"Charlas y talleres - Laura Molina Psicolog\u00eda","isPartOf":{"@id":"https:\/\/lauramolinapsicologia.com\/#website"},"primaryImageOfPage":{"@id":"https:\/\/lauramolinapsicologia.com\/charlas-y-talleres\/#primaryimage"},"image":{"@id":"https:\/\/lauramolinapsicologia.com\/charlas-y-talleres\/#primaryimage"},"thumbnailUrl":"https:\/\/lauramolinapsicologia.com\/wp-content\/uploads\/2025\/10\/eraiki-web-768x1365.jpg","datePublished":"2025-07-03T16:21:01+00:00","dateModified":"2025-10-21T11:01:15+00:00","breadcrumb":{"@id":"https:\/\/lauramolinapsicologia.com\/charlas-y-talleres\/#breadcrumb"},"inLanguage":"eu","potentialAction":[{"@type":"ReadAction","target":["https:\/\/lauramolinapsicologia.com\/charlas-y-talleres\/"]}]},{"@type":"ImageObject","inLanguage":"eu","@id":"https:\/\/lauramolinapsicologia.com\/charlas-y-talleres\/#primaryimage","url":"https:\/\/lauramolinapsicologia.com\/wp-content\/uploads\/2025\/10\/eraiki-web-768x1365.jpg","contentUrl":"https:\/\/lauramolinapsicologia.com\/wp-content\/uploads\/2025\/10\/eraiki-web-768x1365.jpg"},{"@type":"BreadcrumbList","@id":"https:\/\/lauramolinapsicologia.com\/charlas-y-talleres\/#breadcrumb","itemListElement":[{"@type":"ListItem","position":1,"name":"Portada","item":"https:\/\/lauramolinapsicologia.com\/"},{"@type":"ListItem","position":2,"name":"Charlas y talleres"}]},{"@type":"WebSite","@id":"https:\/\/lauramolinapsicologia.com\/#website","url":"https:\/\/lauramolinapsicologia.com\/","name":"Laura Molina Psicolog\u00eda","description":"Psic\u00f3loga Sanitaria","publisher":{"@id":"https:\/\/lauramolinapsicologia.com\/#organization"},"potentialAction":[{"@type":"SearchAction","target":{"@type":"EntryPoint","urlTemplate":"https:\/\/lauramolinapsicologia.com\/?s={search_term_string}"},"query-input":{"@type":"PropertyValueSpecification","valueRequired":true,"valueName":"search_term_string"}}],"inLanguage":"eu"},{"@type":"Organization","@id":"https:\/\/lauramolinapsicologia.com\/#organization","name":"Laura Molina Psicolog\u00eda","url":"https:\/\/lauramolinapsicologia.com\/","logo":{"@type":"ImageObject","inLanguage":"eu","@id":"https:\/\/lauramolinapsicologia.com\/#\/schema\/logo\/image\/","url":"https:\/\/lauramolinapsicologia.com\/wp-content\/uploads\/2025\/08\/cropped-Sin-titulo-1500-x-800-px-1-1.png","contentUrl":"https:\/\/lauramolinapsicologia.com\/wp-content\/uploads\/2025\/08\/cropped-Sin-titulo-1500-x-800-px-1-1.png","width":732,"height":177,"caption":"Laura Molina Psicolog\u00eda"},"image":{"@id":"https:\/\/lauramolinapsicologia.com\/#\/schema\/logo\/image\/"}}]}},"_links":{"self":[{"href":"https:\/\/lauramolinapsicologia.com\/eu\/wp-json\/wp\/v2\/pages\/37","targetHints":{"allow":["GET"]}}],"collection":[{"href":"https:\/\/lauramolinapsicologia.com\/eu\/wp-json\/wp\/v2\/pages"}],"about":[{"href":"https:\/\/lauramolinapsicologia.com\/eu\/wp-json\/wp\/v2\/types\/page"}],"author":[{"embeddable":true,"href":"https:\/\/lauramolinapsicologia.com\/eu\/wp-json\/wp\/v2\/users\/1"}],"replies":[{"embeddable":true,"href":"https:\/\/lauramolinapsicologia.com\/eu\/wp-json\/wp\/v2\/comments?post=37"}],"version-history":[{"count":151,"href":"https:\/\/lauramolinapsicologia.com\/eu\/wp-json\/wp\/v2\/pages\/37\/revisions"}],"predecessor-version":[{"id":1917,"href":"https:\/\/lauramolinapsicologia.com\/eu\/wp-json\/wp\/v2\/pages\/37\/revisions\/1917"}],"wp:attachment":[{"href":"https:\/\/lauramolinapsicologia.com\/eu\/wp-json\/wp\/v2\/media?parent=37"}],"curies":[{"name":"wp","href":"https:\/\/api.w.org\/{rel}","templated":true}]}}